{"id":1295,"date":"2023-04-17T23:49:08","date_gmt":"2023-04-17T23:49:08","guid":{"rendered":"http:\/\/northlatitude.com.ar\/english\/?page_id=1295"},"modified":"2026-03-20T09:34:32","modified_gmt":"2026-03-20T12:34:32","slug":"leonardo-malvasio","status":"publish","type":"page","link":"https:\/\/northlatitude.com.ar\/english\/leonardo-malvasio\/","title":{"rendered":"LEONARDO MALVASIO"},"content":{"rendered":"\t\t<div data-elementor-type=\"wp-post\" data-elementor-id=\"1295\" class=\"elementor elementor-1295\" data-elementor-post-type=\"page\">\n\t\t\t\t<div class=\"elementor-element elementor-element-be31f28 e-flex e-con-boxed e-con e-parent\" data-id=\"be31f28\" data-element_type=\"container\" data-e-type=\"container\" data-settings=\"{&quot;background_background&quot;:&quot;classic&quot;}\">\n\t\t\t\t\t<div class=\"e-con-inner\">\n\t\t\t\t<div class=\"elementor-element elementor-element-3a64a39 elementor-invisible elementor-widget elementor-widget-heading\" data-id=\"3a64a39\" data-element_type=\"widget\" data-e-type=\"widget\" data-settings=\"{&quot;_animation&quot;:&quot;fadeInUp&quot;}\" data-widget_type=\"heading.default\">\n\t\t\t\t\t<h1 class=\"elementor-heading-title elementor-size-default\">LEONARDO MALVASIO<\/h1>\t\t\t\t<\/div>\n\t\t\t\t<div class=\"elementor-element elementor-element-bdd741e elementor-shape-circle e-grid-align-mobile-center elementor-grid-mobile-3 elementor-grid-0 e-grid-align-center elementor-widget elementor-widget-social-icons\" data-id=\"bdd741e\" data-element_type=\"widget\" data-e-type=\"widget\" data-widget_type=\"social-icons.default\">\n\t\t\t\t\t\t\t<div class=\"elementor-social-icons-wrapper elementor-grid\" role=\"list\">\n\t\t\t\t\t\t\t<span class=\"elementor-grid-item\" role=\"listitem\">\n\t\t\t\t\t<a class=\"elementor-icon elementor-social-icon elementor-social-icon-facebook elementor-repeater-item-57fe014\" href=\"https:\/\/www.facebook.com\/gabriel.esquivel.169\" target=\"_blank\">\n\t\t\t\t\t\t<span class=\"elementor-screen-only\">Facebook<\/span>\n\t\t\t\t\t\t<i aria-hidden=\"true\" class=\"fab fa-facebook\"><\/i>\t\t\t\t\t<\/a>\n\t\t\t\t<\/span>\n\t\t\t\t\t\t\t<span class=\"elementor-grid-item\" role=\"listitem\">\n\t\t\t\t\t<a class=\"elementor-icon elementor-social-icon elementor-social-icon-youtube elementor-repeater-item-5e4a996\" href=\"https:\/\/www.youtube.com\/@navegantexplorer\" target=\"_blank\">\n\t\t\t\t\t\t<span class=\"elementor-screen-only\">Youtube<\/span>\n\t\t\t\t\t\t<i aria-hidden=\"true\" class=\"fab fa-youtube\"><\/i>\t\t\t\t\t<\/a>\n\t\t\t\t<\/span>\n\t\t\t\t\t\t\t<span class=\"elementor-grid-item\" role=\"listitem\">\n\t\t\t\t\t<a class=\"elementor-icon elementor-social-icon elementor-social-icon-instagram elementor-repeater-item-f7fc46c\" href=\"https:\/\/www.instagram.com\/supervivencia_northlatitude\/\" target=\"_blank\">\n\t\t\t\t\t\t<span class=\"elementor-screen-only\">Instagram<\/span>\n\t\t\t\t\t\t<i aria-hidden=\"true\" class=\"fab fa-instagram\"><\/i>\t\t\t\t\t<\/a>\n\t\t\t\t<\/span>\n\t\t\t\t\t<\/div>\n\t\t\t\t\t\t<\/div>\n\t\t\t\t\t<\/div>\n\t\t\t\t<\/div>\n\t\t<div class=\"elementor-element elementor-element-67bbdab e-flex e-con-boxed e-con e-parent\" data-id=\"67bbdab\" data-element_type=\"container\" data-e-type=\"container\">\n\t\t\t\t\t<div class=\"e-con-inner\">\n\t\t<div class=\"elementor-element elementor-element-f9b4e84 e-con-full e-flex e-con e-child\" data-id=\"f9b4e84\" data-element_type=\"container\" data-e-type=\"container\">\n\t\t\t\t<div class=\"elementor-element elementor-element-3db9556 elementor-invisible elementor-widget elementor-widget-heading\" data-id=\"3db9556\" data-element_type=\"widget\" data-e-type=\"widget\" data-settings=\"{&quot;_animation&quot;:&quot;fadeInLeft&quot;}\" data-widget_type=\"heading.default\">\n\t\t\t\t\t<h2 class=\"elementor-heading-title elementor-size-default\">Leonardo Malvasio<\/h2>\t\t\t\t<\/div>\n\t\t\t\t<div class=\"elementor-element elementor-element-1d84d9d elementor-widget-divider--view-line elementor-widget elementor-widget-divider\" data-id=\"1d84d9d\" data-element_type=\"widget\" data-e-type=\"widget\" data-widget_type=\"divider.default\">\n\t\t\t\t\t\t\t<div class=\"elementor-divider\">\n\t\t\t<span class=\"elementor-divider-separator\">\n\t\t\t\t\t\t<\/span>\n\t\t<\/div>\n\t\t\t\t\t\t<\/div>\n\t\t\t\t<div class=\"elementor-element elementor-element-a9167c7 elementor-widget elementor-widget-text-editor\" data-id=\"a9167c7\" data-element_type=\"widget\" data-e-type=\"widget\" data-widget_type=\"text-editor.default\">\n\t\t\t\t\t\t\t\t\t<p>Paramedic Level 1 (Argentine School of Technicians in Medical Emergency \u2013 E.S.A.T.E.M.).<br \/>First Aid Instructor -Argentine Red Cross &#8211; Vicente Lopez Branch \u2013 Center-(Buenos Aires).<br \/>Instructor of First Aid in the People Management -Argentine Red Cross -Vicente Lopez brunch\u00a0 (Buenos Aires).<\/p><p>Since his beginnings at NORTHLATITUDE, he has frequently taught First Aid training in both, theoretical (classroom) and practical (on ground) ways, being the First Aid one of the essential techniques we teach in our \u201cSurvival for Wild Extreme Environments\u201d courses because it is part of the SURVIVAL PENTAGON, an image we use as a reference to provide knowledge in diverse survival techniques, which in addition to First Aid, it includes Signaling, Shelter, Water, Food, Fire, etc. Likewise, he has taught several trainings in island, jungle and forest terrains and under different climates in a very clear and efficient way, and over time, students have shown not only their satisfaction with the knowledge gained, but also, through hands-on practice in nature, they understood the importance of having been trained themselves in the subject, because the teaching also covers other important factors such as survivor psychology, leadership, and teamwork, etc.<\/p>\t\t\t\t\t\t\t\t<\/div>\n\t\t\t\t<\/div>\n\t\t<div class=\"elementor-element elementor-element-67f1e4b e-con-full e-flex e-con e-child\" data-id=\"67f1e4b\" data-element_type=\"container\" data-e-type=\"container\">\n\t\t\t\t<div class=\"elementor-element elementor-element-741d264 elementor-widget elementor-widget-image\" data-id=\"741d264\" data-element_type=\"widget\" data-e-type=\"widget\" data-widget_type=\"image.default\">\n\t\t\t\t\t\t\t\t\t\t\t\t\t\t\t<img fetchpriority=\"high\" decoding=\"async\" width=\"687\" height=\"469\" src=\"https:\/\/northlatitude.com.ar\/english\/wp-content\/uploads\/2025\/02\/Leonardo-Malvasio-ing-2.jpg\" class=\"attachment-full size-full wp-image-13931\" alt=\"\" srcset=\"https:\/\/northlatitude.com.ar\/english\/wp-content\/uploads\/2025\/02\/Leonardo-Malvasio-ing-2.jpg 687w, https:\/\/northlatitude.com.ar\/english\/wp-content\/uploads\/2025\/02\/Leonardo-Malvasio-ing-2-300x205.jpg 300w\" sizes=\"(max-width: 687px) 100vw, 687px\" loading=\"eager\" \/>\t\t\t\t\t\t\t\t\t\t\t\t\t\t\t<\/div>\n\t\t\t\t<div class=\"elementor-element elementor-element-543aa4c elementor-widget elementor-widget-image\" data-id=\"543aa4c\" data-element_type=\"widget\" data-e-type=\"widget\" data-widget_type=\"image.default\">\n\t\t\t\t\t\t\t\t\t\t\t\t\t\t\t<img decoding=\"async\" width=\"687\" height=\"469\" src=\"https:\/\/northlatitude.com.ar\/english\/wp-content\/uploads\/2026\/02\/Leonardo-Malvasio-2.jpg\" class=\"attachment-full size-full wp-image-15562\" alt=\"\" srcset=\"https:\/\/northlatitude.com.ar\/english\/wp-content\/uploads\/2026\/02\/Leonardo-Malvasio-2.jpg 687w, https:\/\/northlatitude.com.ar\/english\/wp-content\/uploads\/2026\/02\/Leonardo-Malvasio-2-300x205.jpg 300w\" sizes=\"(max-width: 687px) 100vw, 687px\" loading=\"eager\" \/>\t\t\t\t\t\t\t\t\t\t\t\t\t\t\t<\/div>\n\t\t\t\t<\/div>\n\t\t\t\t\t<\/div>\n\t\t\t\t<\/div>\n\t\t<div class=\"elementor-element elementor-element-fbe7899 e-flex e-con-boxed e-con e-parent\" data-id=\"fbe7899\" data-element_type=\"container\" data-e-type=\"container\">\n\t\t\t\t\t<div class=\"e-con-inner\">\n\t\t<div class=\"elementor-element elementor-element-2945232 e-con-full e-flex e-con e-child\" data-id=\"2945232\" data-element_type=\"container\" data-e-type=\"container\">\n\t\t\t\t<div class=\"elementor-element elementor-element-5ec5cc7 elementor-widget elementor-widget-heading\" data-id=\"5ec5cc7\" data-element_type=\"widget\" data-e-type=\"widget\" data-widget_type=\"heading.default\">\n\t\t\t\t\t<h4 class=\"elementor-heading-title elementor-size-default\">Studies and titles<\/h4>\t\t\t\t<\/div>\n\t\t\t\t<div class=\"elementor-element elementor-element-c8b62cc elementor-widget-divider--view-line elementor-widget elementor-widget-divider\" data-id=\"c8b62cc\" data-element_type=\"widget\" data-e-type=\"widget\" data-widget_type=\"divider.default\">\n\t\t\t\t\t\t\t<div class=\"elementor-divider\">\n\t\t\t<span class=\"elementor-divider-separator\">\n\t\t\t\t\t\t<\/span>\n\t\t<\/div>\n\t\t\t\t\t\t<\/div>\n\t\t\t\t<div class=\"elementor-element elementor-element-c194849 elementor-widget elementor-widget-text-editor\" data-id=\"c194849\" data-element_type=\"widget\" data-e-type=\"widget\" data-widget_type=\"text-editor.default\">\n\t\t\t\t\t\t\t\t\t<ul><li class=\"Estilo47\"><span class=\"Estilo47\"> Instructor de un curso de Supervivencia, Orientaci\u00f3n y Navegaci\u00f3n Terrestre en zonas de selva y monte para el programa televisivo \u201cArgentinos por su nombre\u201d dirigido por Andy Kutnessoft -Canal 13 (NORTHLATITUDE C.A.C.E.N.).<\/span><\/li><li class=\"Estilo47\">Instructor de Primeros Auxilios en planificaci\u00f3n, seguimiento y conducci\u00f3n de clases -Cruz Roja Argentina -Filial Vicente L\u00f3pez\u2013 Centro \u2013 (Buenos Aires).<\/li><li class=\"Estilo47\">Instructor de Primeros Auxilios en log\u00edstica y armado de grupos de Emergencias -Cruz Roja Argentina -Filial Vicente L\u00f3pez\u2013 Centro \u2013 (Buenos Aires).<\/li><li class=\"Estilo47\">Instructor de Primeros Auxilios en coordinaci\u00f3n interna y con otras fuerzas de seguridad y sanidad p\u00fablica -Cruz Roja Argentina -Filial Vicente L\u00f3pez\u2013 Centro \u2013 (Buenos Aires).<\/li><li class=\"Estilo47\">Curso de Primeros Auxilios B\u00e1sico -Cruz Roja Argentina -Filial Vicente L\u00f3pez\u2013 Centro \u2013 (Buenos Aires).<\/li><li class=\"Estilo47\">Curso de Primeros Auxilios Avanzado -Cruz Roja Argentina -Filial Vicente L\u00f3pez\u2013 Centro \u2013 (Buenos Aires).<\/li><li class=\"Estilo47\">Curso de Formadores de Instructores en Primeros Auxilios -Cruz Roja Argentina -Filial Vicente L\u00f3pez\u2013 Centro \u2013 (Buenos Aires).<\/li><li class=\"Estilo47\">Curso de Socorrismo para excursionistas -Cruz Roja Argentina -Filial Vicente L\u00f3pez\u2013 Centro \u2013 (Buenos Aires).<\/li><li class=\"Estilo47\">Se dedica a algunas actividades deportivas.<\/li><li class=\"Estilo47\">Ciclo B\u00e1sico Com\u00fan para la carrera de Licenciado en Nutrici\u00f3n (Universidad de Buenos Aires).<\/li><li class=\"Estilo47\">Idioma Ingl\u00e9s Avanzado (Advanced Conversation \u2013 Marshall High School, Falls Church, Virginia city (Estados Unidos).<\/li><li class=\"Estilo47\">Idioma Portugu\u00e9s (Principiante).<\/li><li class=\"Estilo47\">Idioma Italiano (Principiante).<\/li><\/ul>\t\t\t\t\t\t\t\t<\/div>\n\t\t\t\t<div class=\"elementor-element elementor-element-9ecf044 elementor-widget elementor-widget-gallery\" data-id=\"9ecf044\" data-element_type=\"widget\" data-e-type=\"widget\" data-settings=\"{&quot;columns&quot;:2,&quot;gap&quot;:{&quot;unit&quot;:&quot;px&quot;,&quot;size&quot;:30,&quot;sizes&quot;:[]},&quot;lazyload&quot;:&quot;yes&quot;,&quot;gallery_layout&quot;:&quot;grid&quot;,&quot;columns_tablet&quot;:2,&quot;columns_mobile&quot;:1,&quot;gap_tablet&quot;:{&quot;unit&quot;:&quot;px&quot;,&quot;size&quot;:10,&quot;sizes&quot;:[]},&quot;gap_mobile&quot;:{&quot;unit&quot;:&quot;px&quot;,&quot;size&quot;:10,&quot;sizes&quot;:[]},&quot;link_to&quot;:&quot;file&quot;,&quot;aspect_ratio&quot;:&quot;3:2&quot;,&quot;overlay_background&quot;:&quot;yes&quot;,&quot;content_hover_animation&quot;:&quot;fade-in&quot;}\" data-widget_type=\"gallery.default\">\n\t\t\t\t\t\t\t<div class=\"elementor-gallery__container\">\n\t\t\t\t\t\t\t<a class=\"e-gallery-item elementor-gallery-item elementor-animated-content\" href=\"https:\/\/northlatitude.com.ar\/english\/wp-content\/uploads\/2024\/05\/Leonardo-1.jpg\" data-elementor-open-lightbox=\"yes\" data-elementor-lightbox-slideshow=\"9ecf044\" data-elementor-lightbox-title=\"Leonardo-1.jpg\" data-e-action-hash=\"#elementor-action%3Aaction%3Dlightbox%26settings%3DeyJpZCI6MTI3MDIsInVybCI6Imh0dHBzOlwvXC9ub3J0aGxhdGl0dWRlLmNvbS5hclwvZW5nbGlzaFwvd3AtY29udGVudFwvdXBsb2Fkc1wvMjAyNFwvMDVcL0xlb25hcmRvLTEuanBnIiwic2xpZGVzaG93IjoiOWVjZjA0NCJ9\">\n\t\t\t\t\t<div class=\"e-gallery-image elementor-gallery-item__image\" data-thumbnail=\"https:\/\/northlatitude.com.ar\/english\/wp-content\/uploads\/2024\/05\/Leonardo-1.jpg\" data-width=\"1185\" data-height=\"800\" aria-label=\"\" role=\"img\" ><\/div>\n\t\t\t\t\t\t\t\t\t\t\t<div class=\"elementor-gallery-item__overlay\"><\/div>\n\t\t\t\t\t\t\t\t\t\t\t\t\t\t<\/a>\n\t\t\t\t\t\t\t<a class=\"e-gallery-item elementor-gallery-item elementor-animated-content\" href=\"https:\/\/northlatitude.com.ar\/english\/wp-content\/uploads\/2024\/05\/Leonardo-2.jpg\" data-elementor-open-lightbox=\"yes\" data-elementor-lightbox-slideshow=\"9ecf044\" data-elementor-lightbox-title=\"Leonardo-2.jpg\" data-e-action-hash=\"#elementor-action%3Aaction%3Dlightbox%26settings%3DeyJpZCI6MTI3MDMsInVybCI6Imh0dHBzOlwvXC9ub3J0aGxhdGl0dWRlLmNvbS5hclwvZW5nbGlzaFwvd3AtY29udGVudFwvdXBsb2Fkc1wvMjAyNFwvMDVcL0xlb25hcmRvLTIuanBnIiwic2xpZGVzaG93IjoiOWVjZjA0NCJ9\">\n\t\t\t\t\t<div class=\"e-gallery-image elementor-gallery-item__image\" data-thumbnail=\"https:\/\/northlatitude.com.ar\/english\/wp-content\/uploads\/2024\/05\/Leonardo-2.jpg\" data-width=\"1185\" data-height=\"800\" aria-label=\"\" role=\"img\" ><\/div>\n\t\t\t\t\t\t\t\t\t\t\t<div class=\"elementor-gallery-item__overlay\"><\/div>\n\t\t\t\t\t\t\t\t\t\t\t\t\t\t<\/a>\n\t\t\t\t\t\t\t<a class=\"e-gallery-item elementor-gallery-item elementor-animated-content\" href=\"https:\/\/northlatitude.com.ar\/english\/wp-content\/uploads\/2024\/05\/Leonardo-3.jpg\" data-elementor-open-lightbox=\"yes\" data-elementor-lightbox-slideshow=\"9ecf044\" data-elementor-lightbox-title=\"Leonardo-3.jpg\" data-e-action-hash=\"#elementor-action%3Aaction%3Dlightbox%26settings%3DeyJpZCI6MTI3MDUsInVybCI6Imh0dHBzOlwvXC9ub3J0aGxhdGl0dWRlLmNvbS5hclwvZW5nbGlzaFwvd3AtY29udGVudFwvdXBsb2Fkc1wvMjAyNFwvMDVcL0xlb25hcmRvLTMuanBnIiwic2xpZGVzaG93IjoiOWVjZjA0NCJ9\">\n\t\t\t\t\t<div class=\"e-gallery-image elementor-gallery-item__image\" data-thumbnail=\"https:\/\/northlatitude.com.ar\/english\/wp-content\/uploads\/2024\/05\/Leonardo-3.jpg\" data-width=\"800\" data-height=\"1062\" aria-label=\"\" role=\"img\" ><\/div>\n\t\t\t\t\t\t\t\t\t\t\t<div class=\"elementor-gallery-item__overlay\"><\/div>\n\t\t\t\t\t\t\t\t\t\t\t\t\t\t<\/a>\n\t\t\t\t\t\t\t<a class=\"e-gallery-item elementor-gallery-item elementor-animated-content\" href=\"https:\/\/northlatitude.com.ar\/english\/wp-content\/uploads\/2024\/05\/Leonardo-4.jpg\" data-elementor-open-lightbox=\"yes\" data-elementor-lightbox-slideshow=\"9ecf044\" data-elementor-lightbox-title=\"Leonardo-4.jpg\" data-e-action-hash=\"#elementor-action%3Aaction%3Dlightbox%26settings%3DeyJpZCI6MTI3MDYsInVybCI6Imh0dHBzOlwvXC9ub3J0aGxhdGl0dWRlLmNvbS5hclwvZW5nbGlzaFwvd3AtY29udGVudFwvdXBsb2Fkc1wvMjAyNFwvMDVcL0xlb25hcmRvLTQuanBnIiwic2xpZGVzaG93IjoiOWVjZjA0NCJ9\">\n\t\t\t\t\t<div class=\"e-gallery-image elementor-gallery-item__image\" data-thumbnail=\"https:\/\/northlatitude.com.ar\/english\/wp-content\/uploads\/2024\/05\/Leonardo-4.jpg\" data-width=\"800\" data-height=\"1062\" aria-label=\"\" role=\"img\" ><\/div>\n\t\t\t\t\t\t\t\t\t\t\t<div class=\"elementor-gallery-item__overlay\"><\/div>\n\t\t\t\t\t\t\t\t\t\t\t\t\t\t<\/a>\n\t\t\t\t\t<\/div>\n\t\t\t\t\t<\/div>\n\t\t\t\t<\/div>\n\t\t\t\t\t<\/div>\n\t\t\t\t<\/div>\n\t\t\t\t<\/div>\n\t\t","protected":false},"excerpt":{"rendered":"<p>LEONARDO MALVASIO Facebook Youtube Instagram Leonardo Malvasio Paramedic Level 1 (Argentine School of Technicians in Medical Emergency \u2013 E.S.A.T.E.M.).First Aid Instructor -Argentine Red Cross &#8211; Vicente Lopez Branch \u2013 Center-(Buenos Aires).Instructor of First Aid in the People Management -Argentine Red Cross -Vicente Lopez brunch\u00a0 (Buenos Aires). Since his beginnings at NORTHLATITUDE, he has frequently taught [&hellip;]<\/p>\n","protected":false},"author":3,"featured_media":0,"parent":0,"menu_order":0,"comment_status":"closed","ping_status":"closed","template":"elementor_header_footer","meta":{"site-sidebar-layout":"no-sidebar","site-content-layout":"page-builder","ast-site-content-layout":"default","site-content-style":"default","site-sidebar-style":"default","ast-global-header-display":"","ast-banner-title-visibility":"","ast-main-header-display":"","ast-hfb-above-header-display":"","ast-hfb-below-header-display":"","ast-hfb-mobile-header-display":"","site-post-title":"disabled","ast-breadcrumbs-content":"","ast-featured-img":"disabled","footer-sml-layout":"","ast-disable-related-posts":"","theme-transparent-header-meta":"enabled","adv-header-id-meta":"","stick-header-meta":"","header-above-stick-meta":"","header-main-stick-meta":"","header-below-stick-meta":"","astra-migrate-meta-layouts":"default","ast-page-background-enabled":"default","ast-page-background-meta":{"desktop":{"background-color":"","background-image":"","background-repeat":"repeat","background-position":"center center","background-size":"auto","background-attachment":"scroll","background-type":"","background-media":"","overlay-type":"","overlay-color":"","overlay-opacity":"","overlay-gradient":""},"tablet":{"background-color":"","background-image":"","background-repeat":"repeat","background-position":"center center","background-size":"auto","background-attachment":"scroll","background-type":"","background-media":"","overlay-type":"","overlay-color":"","overlay-opacity":"","overlay-gradient":""},"mobile":{"background-color":"","background-image":"","background-repeat":"repeat","background-position":"center center","background-size":"auto","background-attachment":"scroll","background-type":"","background-media":"","overlay-type":"","overlay-color":"","overlay-opacity":"","overlay-gradient":""}},"ast-content-background-meta":{"desktop":{"background-color":"var(--ast-global-color-5)","background-image":"","background-repeat":"repeat","background-position":"center center","background-size":"auto","background-attachment":"scroll","background-type":"","background-media":"","overlay-type":"","overlay-color":"","overlay-opacity":"","overlay-gradient":""},"tablet":{"background-color":"var(--ast-global-color-5)","background-image":"","background-repeat":"repeat","background-position":"center center","background-size":"auto","background-attachment":"scroll","background-type":"","background-media":"","overlay-type":"","overlay-color":"","overlay-opacity":"","overlay-gradient":""},"mobile":{"background-color":"var(--ast-global-color-5)","background-image":"","background-repeat":"repeat","background-position":"center center","background-size":"auto","background-attachment":"scroll","background-type":"","background-media":"","overlay-type":"","overlay-color":"","overlay-opacity":"","overlay-gradient":""}},"footnotes":""},"class_list":["post-1295","page","type-page","status-publish","hentry"],"_links":{"self":[{"href":"https:\/\/northlatitude.com.ar\/english\/wp-json\/wp\/v2\/pages\/1295","targetHints":{"allow":["GET"]}}],"collection":[{"href":"https:\/\/northlatitude.com.ar\/english\/wp-json\/wp\/v2\/pages"}],"about":[{"href":"https:\/\/northlatitude.com.ar\/english\/wp-json\/wp\/v2\/types\/page"}],"author":[{"embeddable":true,"href":"https:\/\/northlatitude.com.ar\/english\/wp-json\/wp\/v2\/users\/3"}],"replies":[{"embeddable":true,"href":"https:\/\/northlatitude.com.ar\/english\/wp-json\/wp\/v2\/comments?post=1295"}],"version-history":[{"count":2,"href":"https:\/\/northlatitude.com.ar\/english\/wp-json\/wp\/v2\/pages\/1295\/revisions"}],"predecessor-version":[{"id":15700,"href":"https:\/\/northlatitude.com.ar\/english\/wp-json\/wp\/v2\/pages\/1295\/revisions\/15700"}],"wp:attachment":[{"href":"https:\/\/northlatitude.com.ar\/english\/wp-json\/wp\/v2\/media?parent=1295"}],"curies":[{"name":"wp","href":"https:\/\/api.w.org\/{rel}","templated":true}]}}