{"id":1304,"date":"2023-04-17T23:51:36","date_gmt":"2023-04-17T23:51:36","guid":{"rendered":"http:\/\/northlatitude.com.ar\/english\/?page_id=1304"},"modified":"2026-03-20T09:35:14","modified_gmt":"2026-03-20T12:35:14","slug":"marcelo-carvajal","status":"publish","type":"page","link":"https:\/\/northlatitude.com.ar\/english\/marcelo-carvajal\/","title":{"rendered":"MARCELO CARVAJAL"},"content":{"rendered":"\t\t<div data-elementor-type=\"wp-post\" data-elementor-id=\"1304\" class=\"elementor elementor-1304\" data-elementor-post-type=\"page\">\n\t\t\t\t<div class=\"elementor-element elementor-element-e049df4 e-flex e-con-boxed e-con e-parent\" data-id=\"e049df4\" data-element_type=\"container\" data-e-type=\"container\" data-settings=\"{&quot;background_background&quot;:&quot;classic&quot;}\">\n\t\t\t\t\t<div class=\"e-con-inner\">\n\t\t\t\t<div class=\"elementor-element elementor-element-f34c4c6 elementor-invisible elementor-widget elementor-widget-heading\" data-id=\"f34c4c6\" data-element_type=\"widget\" data-e-type=\"widget\" data-settings=\"{&quot;_animation&quot;:&quot;fadeInUp&quot;}\" data-widget_type=\"heading.default\">\n\t\t\t\t\t<h1 class=\"elementor-heading-title elementor-size-default\">MARCELO CARvAJAL<\/h1>\t\t\t\t<\/div>\n\t\t\t\t<div class=\"elementor-element elementor-element-7e62ae1 elementor-shape-circle e-grid-align-mobile-center elementor-grid-mobile-3 elementor-grid-0 e-grid-align-center elementor-widget elementor-widget-social-icons\" data-id=\"7e62ae1\" data-element_type=\"widget\" data-e-type=\"widget\" data-widget_type=\"social-icons.default\">\n\t\t\t\t\t\t\t<div class=\"elementor-social-icons-wrapper elementor-grid\" role=\"list\">\n\t\t\t\t\t\t\t<span class=\"elementor-grid-item\" role=\"listitem\">\n\t\t\t\t\t<a class=\"elementor-icon elementor-social-icon elementor-social-icon-facebook elementor-repeater-item-57fe014\" href=\"https:\/\/www.facebook.com\/gabriel.esquivel.169\" target=\"_blank\">\n\t\t\t\t\t\t<span class=\"elementor-screen-only\">Facebook<\/span>\n\t\t\t\t\t\t<i aria-hidden=\"true\" class=\"fab fa-facebook\"><\/i>\t\t\t\t\t<\/a>\n\t\t\t\t<\/span>\n\t\t\t\t\t\t\t<span class=\"elementor-grid-item\" role=\"listitem\">\n\t\t\t\t\t<a class=\"elementor-icon elementor-social-icon elementor-social-icon-youtube elementor-repeater-item-5e4a996\" href=\"https:\/\/www.youtube.com\/@navegantexplorer\" target=\"_blank\">\n\t\t\t\t\t\t<span class=\"elementor-screen-only\">Youtube<\/span>\n\t\t\t\t\t\t<i aria-hidden=\"true\" class=\"fab fa-youtube\"><\/i>\t\t\t\t\t<\/a>\n\t\t\t\t<\/span>\n\t\t\t\t\t\t\t<span class=\"elementor-grid-item\" role=\"listitem\">\n\t\t\t\t\t<a class=\"elementor-icon elementor-social-icon elementor-social-icon-instagram elementor-repeater-item-f7fc46c\" href=\"https:\/\/www.instagram.com\/supervivencia_northlatitude\/\" target=\"_blank\">\n\t\t\t\t\t\t<span class=\"elementor-screen-only\">Instagram<\/span>\n\t\t\t\t\t\t<i aria-hidden=\"true\" class=\"fab fa-instagram\"><\/i>\t\t\t\t\t<\/a>\n\t\t\t\t<\/span>\n\t\t\t\t\t<\/div>\n\t\t\t\t\t\t<\/div>\n\t\t\t\t\t<\/div>\n\t\t\t\t<\/div>\n\t\t<div class=\"elementor-element elementor-element-0355d62 e-flex e-con-boxed e-con e-parent\" data-id=\"0355d62\" data-element_type=\"container\" data-e-type=\"container\">\n\t\t\t\t\t<div class=\"e-con-inner\">\n\t\t<div class=\"elementor-element elementor-element-2fd1d19 e-con-full e-flex e-con e-child\" data-id=\"2fd1d19\" data-element_type=\"container\" data-e-type=\"container\">\n\t\t\t\t<div class=\"elementor-element elementor-element-1888477 elementor-invisible elementor-widget elementor-widget-heading\" data-id=\"1888477\" data-element_type=\"widget\" data-e-type=\"widget\" data-settings=\"{&quot;_animation&quot;:&quot;fadeInLeft&quot;}\" data-widget_type=\"heading.default\">\n\t\t\t\t\t<h2 class=\"elementor-heading-title elementor-size-default\">Marcelo Carvajal<\/h2>\t\t\t\t<\/div>\n\t\t\t\t<div class=\"elementor-element elementor-element-bf02173 elementor-widget-divider--view-line elementor-widget elementor-widget-divider\" data-id=\"bf02173\" data-element_type=\"widget\" data-e-type=\"widget\" data-widget_type=\"divider.default\">\n\t\t\t\t\t\t\t<div class=\"elementor-divider\">\n\t\t\t<span class=\"elementor-divider-separator\">\n\t\t\t\t\t\t<\/span>\n\t\t<\/div>\n\t\t\t\t\t\t<\/div>\n\t\t\t\t<div class=\"elementor-element elementor-element-6197157 elementor-widget elementor-widget-text-editor\" data-id=\"6197157\" data-element_type=\"widget\" data-e-type=\"widget\" data-widget_type=\"text-editor.default\">\n\t\t\t\t\t\t\t\t\t<p>Lifeguard of the Argentine Red Cross.<br \/>SEC Foundation Lifeguard.<\/p><p>Since his beginnings at NORTHLATITUDE, he has frequently taught First Aid training in both, theoretical (classroom) and practical (on ground) ways, being the First Aid one of the essential techniques we teach in our \u201cSurvival for Wild Extreme Environments\u201d courses because it is part of the SURVIVAL PENTAGON, an image we use as a reference to provide knowledge in diverse survival techniques, which in addition to First Aid, it includes Signaling, Shelter, Water, Food, Fire and others important abilities. Likewise, he has taught several trainings in island, jungle and forest terrains and under different climates in a very clear and efficient way, and over time, our students have shown not only their satisfaction with the knowledge gained, but also, through hands-on practice in nature, they understood the importance of having been trained themselves in the subject, because the teaching also covers other important factors such as survivor psychology, leadership, and teamwork, among other of importance.<\/p>\t\t\t\t\t\t\t\t<\/div>\n\t\t\t\t<\/div>\n\t\t<div class=\"elementor-element elementor-element-4d75a3c e-con-full e-flex e-con e-child\" data-id=\"4d75a3c\" data-element_type=\"container\" data-e-type=\"container\">\n\t\t\t\t<div class=\"elementor-element elementor-element-ba0d209 elementor-widget elementor-widget-image\" data-id=\"ba0d209\" data-element_type=\"widget\" data-e-type=\"widget\" data-widget_type=\"image.default\">\n\t\t\t\t\t\t\t\t\t\t\t\t\t\t\t<img fetchpriority=\"high\" decoding=\"async\" width=\"687\" height=\"469\" src=\"https:\/\/northlatitude.com.ar\/english\/wp-content\/uploads\/2025\/02\/Marcelo-Carvajal-ing-1.jpg\" class=\"attachment-full size-full wp-image-13935\" alt=\"\" srcset=\"https:\/\/northlatitude.com.ar\/english\/wp-content\/uploads\/2025\/02\/Marcelo-Carvajal-ing-1.jpg 687w, https:\/\/northlatitude.com.ar\/english\/wp-content\/uploads\/2025\/02\/Marcelo-Carvajal-ing-1-300x205.jpg 300w\" sizes=\"(max-width: 687px) 100vw, 687px\" loading=\"eager\" \/>\t\t\t\t\t\t\t\t\t\t\t\t\t\t\t<\/div>\n\t\t\t\t<div class=\"elementor-element elementor-element-ff5cbed elementor-widget elementor-widget-image\" data-id=\"ff5cbed\" data-element_type=\"widget\" data-e-type=\"widget\" data-widget_type=\"image.default\">\n\t\t\t\t\t\t\t\t\t\t\t\t\t\t\t<img decoding=\"async\" width=\"687\" height=\"469\" src=\"https:\/\/northlatitude.com.ar\/english\/wp-content\/uploads\/2026\/02\/Marcelo-Carvajal-2.jpg\" class=\"attachment-full size-full wp-image-15569\" alt=\"\" srcset=\"https:\/\/northlatitude.com.ar\/english\/wp-content\/uploads\/2026\/02\/Marcelo-Carvajal-2.jpg 687w, https:\/\/northlatitude.com.ar\/english\/wp-content\/uploads\/2026\/02\/Marcelo-Carvajal-2-300x205.jpg 300w\" sizes=\"(max-width: 687px) 100vw, 687px\" loading=\"eager\" \/>\t\t\t\t\t\t\t\t\t\t\t\t\t\t\t<\/div>\n\t\t\t\t<\/div>\n\t\t\t\t\t<\/div>\n\t\t\t\t<\/div>\n\t\t<div class=\"elementor-element elementor-element-1863b16 e-flex e-con-boxed e-con e-parent\" data-id=\"1863b16\" data-element_type=\"container\" data-e-type=\"container\">\n\t\t\t\t\t<div class=\"e-con-inner\">\n\t\t<div class=\"elementor-element elementor-element-2a59d46 e-con-full e-flex e-con e-child\" data-id=\"2a59d46\" data-element_type=\"container\" data-e-type=\"container\">\n\t\t\t\t<div class=\"elementor-element elementor-element-011288f elementor-widget elementor-widget-heading\" data-id=\"011288f\" data-element_type=\"widget\" data-e-type=\"widget\" data-widget_type=\"heading.default\">\n\t\t\t\t\t<h4 class=\"elementor-heading-title elementor-size-default\">Studies and titles<\/h4>\t\t\t\t<\/div>\n\t\t\t\t<div class=\"elementor-element elementor-element-9f808e8 elementor-widget-divider--view-line elementor-widget elementor-widget-divider\" data-id=\"9f808e8\" data-element_type=\"widget\" data-e-type=\"widget\" data-widget_type=\"divider.default\">\n\t\t\t\t\t\t\t<div class=\"elementor-divider\">\n\t\t\t<span class=\"elementor-divider-separator\">\n\t\t\t\t\t\t<\/span>\n\t\t<\/div>\n\t\t\t\t\t\t<\/div>\n\t\t\t\t<div class=\"elementor-element elementor-element-e227bc4 elementor-widget elementor-widget-text-editor\" data-id=\"e227bc4\" data-element_type=\"widget\" data-e-type=\"widget\" data-widget_type=\"text-editor.default\">\n\t\t\t\t\t\t\t\t\t<p><strong>CURSOS<\/strong><\/p>\n<ul>\n<li>Primeros auxilios b\u00e1sicos (Cruz Roja Argentina).<\/li>\n<li>Primeros auxilios avanzados\/PHTLS (Pre-Hospital Trauma Life Support). Manejo de columna. Inmovilizaci\u00f3n de victima politraumatizada (Cruz Roja Argentina).<\/li>\n<li>Socorrismo (Cruz Roja Argentina).<\/li>\n<li>Soporte Vital B\u00e1sico (SVB\/BLS) para profesionales de la salud. Manejo de desfibrilador externo autom\u00e1tico (DEA) y reanimaci\u00f3n cardiopulmonar (RCP) &#8211; American Heart Association, Buenos Aires.<\/li>\n<\/ul>\n<p><strong>CAPACITACIONES<\/strong><\/p>\n<ul>\n<li>Primeros auxilios psicol\u00f3gicos (Cruz Roja Argentina).<\/li>\n<li>Evacuaci\u00f3n a\u00e9rea, edificios y eventos masivos (Cruz Roja Argentina).<\/li>\n<li>Coordinaci\u00f3n personal sanitario y organizaci\u00f3n de traslado de v\u00edctimas (SEC Socorrismo).<\/li>\n<li>Triage (clasificaci\u00f3n de v\u00edctimas seg\u00fan gravedad de lesiones) (Cruz Roja Argentina).<\/li>\n<li>Rescate en espacios confinados y en altura (Cruz Roja Argentina).<\/li>\n<li>Evaluaci\u00f3n y seguridad de escena (Cruz Roja Argentina).<\/li>\n<li>Disertante en taller de capacitacion en primeros auxilios b\u00e1sicos en fundaci\u00f3n \u00abVolver a empezar\u00bb sede Mar Del Plata (Buenos Aires).<\/li>\n<li>Disertante en taller de capacitacion en primeros auxilios en Ministerio Tiempo de Libertad, sede Santiago de Chile (Chile).<\/li>\n<\/ul>\n<p><strong>IDIOMAS<\/strong><\/p>\n<ul>\n<li>Ingl\u00e9s (principiante).<\/li><li>Franc\u00e9s (principiante).<\/li>\n<\/ul>\t\t\t\t\t\t\t\t<\/div>\n\t\t\t\t<div class=\"elementor-element elementor-element-0278e39 elementor-widget elementor-widget-gallery\" data-id=\"0278e39\" data-element_type=\"widget\" data-e-type=\"widget\" data-settings=\"{&quot;columns&quot;:2,&quot;gap&quot;:{&quot;unit&quot;:&quot;px&quot;,&quot;size&quot;:20,&quot;sizes&quot;:[]},&quot;lazyload&quot;:&quot;yes&quot;,&quot;gallery_layout&quot;:&quot;grid&quot;,&quot;columns_tablet&quot;:2,&quot;columns_mobile&quot;:1,&quot;gap_tablet&quot;:{&quot;unit&quot;:&quot;px&quot;,&quot;size&quot;:10,&quot;sizes&quot;:[]},&quot;gap_mobile&quot;:{&quot;unit&quot;:&quot;px&quot;,&quot;size&quot;:10,&quot;sizes&quot;:[]},&quot;link_to&quot;:&quot;file&quot;,&quot;aspect_ratio&quot;:&quot;3:2&quot;,&quot;overlay_background&quot;:&quot;yes&quot;,&quot;content_hover_animation&quot;:&quot;fade-in&quot;}\" data-widget_type=\"gallery.default\">\n\t\t\t\t\t\t\t<div class=\"elementor-gallery__container\">\n\t\t\t\t\t\t\t<a class=\"e-gallery-item elementor-gallery-item elementor-animated-content\" href=\"https:\/\/northlatitude.com.ar\/english\/wp-content\/uploads\/2024\/05\/Marcelo.jpg\" data-elementor-open-lightbox=\"yes\" data-elementor-lightbox-slideshow=\"0278e39\" data-elementor-lightbox-title=\"Marcelo\" data-e-action-hash=\"#elementor-action%3Aaction%3Dlightbox%26settings%3DeyJpZCI6MTI3MTMsInVybCI6Imh0dHBzOlwvXC9ub3J0aGxhdGl0dWRlLmNvbS5hclwvZW5nbGlzaFwvd3AtY29udGVudFwvdXBsb2Fkc1wvMjAyNFwvMDVcL01hcmNlbG8uanBnIiwic2xpZGVzaG93IjoiMDI3OGUzOSJ9\">\n\t\t\t\t\t<div class=\"e-gallery-image elementor-gallery-item__image\" data-thumbnail=\"https:\/\/northlatitude.com.ar\/english\/wp-content\/uploads\/2024\/05\/Marcelo.jpg\" data-width=\"600\" data-height=\"421\" aria-label=\"\" role=\"img\" ><\/div>\n\t\t\t\t\t\t\t\t\t\t\t<div class=\"elementor-gallery-item__overlay\"><\/div>\n\t\t\t\t\t\t\t\t\t\t\t\t\t\t<\/a>\n\t\t\t\t\t\t\t<a class=\"e-gallery-item elementor-gallery-item elementor-animated-content\" href=\"https:\/\/northlatitude.com.ar\/english\/wp-content\/uploads\/2025\/10\/certificado1.jpg\" data-elementor-open-lightbox=\"yes\" data-elementor-lightbox-slideshow=\"0278e39\" data-elementor-lightbox-title=\"certificado1\" data-e-action-hash=\"#elementor-action%3Aaction%3Dlightbox%26settings%3DeyJpZCI6MTQ2MTIsInVybCI6Imh0dHBzOlwvXC9ub3J0aGxhdGl0dWRlLmNvbS5hclwvZW5nbGlzaFwvd3AtY29udGVudFwvdXBsb2Fkc1wvMjAyNVwvMTBcL2NlcnRpZmljYWRvMS5qcGciLCJzbGlkZXNob3ciOiIwMjc4ZTM5In0%3D\">\n\t\t\t\t\t<div class=\"e-gallery-image elementor-gallery-item__image\" data-thumbnail=\"https:\/\/northlatitude.com.ar\/english\/wp-content\/uploads\/2025\/10\/certificado1.jpg\" data-width=\"600\" data-height=\"670\" aria-label=\"\" role=\"img\" ><\/div>\n\t\t\t\t\t\t\t\t\t\t\t<div class=\"elementor-gallery-item__overlay\"><\/div>\n\t\t\t\t\t\t\t\t\t\t\t\t\t\t<\/a>\n\t\t\t\t\t\t\t<a class=\"e-gallery-item elementor-gallery-item elementor-animated-content\" href=\"https:\/\/northlatitude.com.ar\/english\/wp-content\/uploads\/2025\/10\/certificado2.jpg\" data-elementor-open-lightbox=\"yes\" data-elementor-lightbox-slideshow=\"0278e39\" data-elementor-lightbox-title=\"certificado2\" data-e-action-hash=\"#elementor-action%3Aaction%3Dlightbox%26settings%3DeyJpZCI6MTQ2MTMsInVybCI6Imh0dHBzOlwvXC9ub3J0aGxhdGl0dWRlLmNvbS5hclwvZW5nbGlzaFwvd3AtY29udGVudFwvdXBsb2Fkc1wvMjAyNVwvMTBcL2NlcnRpZmljYWRvMi5qcGciLCJzbGlkZXNob3ciOiIwMjc4ZTM5In0%3D\">\n\t\t\t\t\t<div class=\"e-gallery-image elementor-gallery-item__image\" data-thumbnail=\"https:\/\/northlatitude.com.ar\/english\/wp-content\/uploads\/2025\/10\/certificado2.jpg\" data-width=\"600\" data-height=\"699\" aria-label=\"\" role=\"img\" ><\/div>\n\t\t\t\t\t\t\t\t\t\t\t<div class=\"elementor-gallery-item__overlay\"><\/div>\n\t\t\t\t\t\t\t\t\t\t\t\t\t\t<\/a>\n\t\t\t\t\t\t\t<a class=\"e-gallery-item elementor-gallery-item elementor-animated-content\" href=\"https:\/\/northlatitude.com.ar\/english\/wp-content\/uploads\/2025\/10\/certificado3.jpg\" data-elementor-open-lightbox=\"yes\" data-elementor-lightbox-slideshow=\"0278e39\" data-elementor-lightbox-title=\"certificado3\" data-e-action-hash=\"#elementor-action%3Aaction%3Dlightbox%26settings%3DeyJpZCI6MTQ2MTQsInVybCI6Imh0dHBzOlwvXC9ub3J0aGxhdGl0dWRlLmNvbS5hclwvZW5nbGlzaFwvd3AtY29udGVudFwvdXBsb2Fkc1wvMjAyNVwvMTBcL2NlcnRpZmljYWRvMy5qcGciLCJzbGlkZXNob3ciOiIwMjc4ZTM5In0%3D\">\n\t\t\t\t\t<div class=\"e-gallery-image elementor-gallery-item__image\" data-thumbnail=\"https:\/\/northlatitude.com.ar\/english\/wp-content\/uploads\/2025\/10\/certificado3.jpg\" data-width=\"800\" data-height=\"620\" aria-label=\"\" role=\"img\" ><\/div>\n\t\t\t\t\t\t\t\t\t\t\t<div class=\"elementor-gallery-item__overlay\"><\/div>\n\t\t\t\t\t\t\t\t\t\t\t\t\t\t<\/a>\n\t\t\t\t\t<\/div>\n\t\t\t\t\t<\/div>\n\t\t\t\t<\/div>\n\t\t\t\t\t<\/div>\n\t\t\t\t<\/div>\n\t\t\t\t<\/div>\n\t\t","protected":false},"excerpt":{"rendered":"<p>MARCELO CARvAJAL Facebook Youtube Instagram Marcelo Carvajal Lifeguard of the Argentine Red Cross.SEC Foundation Lifeguard. Since his beginnings at NORTHLATITUDE, he has frequently taught First Aid training in both, theoretical (classroom) and practical (on ground) ways, being the First Aid one of the essential techniques we teach in our \u201cSurvival for Wild Extreme Environments\u201d courses [&hellip;]<\/p>\n","protected":false},"author":3,"featured_media":0,"parent":0,"menu_order":0,"comment_status":"closed","ping_status":"closed","template":"elementor_header_footer","meta":{"site-sidebar-layout":"no-sidebar","site-content-layout":"page-builder","ast-site-content-layout":"default","site-content-style":"default","site-sidebar-style":"default","ast-global-header-display":"","ast-banner-title-visibility":"","ast-main-header-display":"","ast-hfb-above-header-display":"","ast-hfb-below-header-display":"","ast-hfb-mobile-header-display":"","site-post-title":"disabled","ast-breadcrumbs-content":"","ast-featured-img":"disabled","footer-sml-layout":"","ast-disable-related-posts":"","theme-transparent-header-meta":"enabled","adv-header-id-meta":"","stick-header-meta":"","header-above-stick-meta":"","header-main-stick-meta":"","header-below-stick-meta":"","astra-migrate-meta-layouts":"default","ast-page-background-enabled":"default","ast-page-background-meta":{"desktop":{"background-color":"","background-image":"","background-repeat":"repeat","background-position":"center center","background-size":"auto","background-attachment":"scroll","background-type":"","background-media":"","overlay-type":"","overlay-color":"","overlay-opacity":"","overlay-gradient":""},"tablet":{"background-color":"","background-image":"","background-repeat":"repeat","background-position":"center center","background-size":"auto","background-attachment":"scroll","background-type":"","background-media":"","overlay-type":"","overlay-color":"","overlay-opacity":"","overlay-gradient":""},"mobile":{"background-color":"","background-image":"","background-repeat":"repeat","background-position":"center center","background-size":"auto","background-attachment":"scroll","background-type":"","background-media":"","overlay-type":"","overlay-color":"","overlay-opacity":"","overlay-gradient":""}},"ast-content-background-meta":{"desktop":{"background-color":"var(--ast-global-color-5)","background-image":"","background-repeat":"repeat","background-position":"center center","background-size":"auto","background-attachment":"scroll","background-type":"","background-media":"","overlay-type":"","overlay-color":"","overlay-opacity":"","overlay-gradient":""},"tablet":{"background-color":"var(--ast-global-color-5)","background-image":"","background-repeat":"repeat","background-position":"center center","background-size":"auto","background-attachment":"scroll","background-type":"","background-media":"","overlay-type":"","overlay-color":"","overlay-opacity":"","overlay-gradient":""},"mobile":{"background-color":"var(--ast-global-color-5)","background-image":"","background-repeat":"repeat","background-position":"center center","background-size":"auto","background-attachment":"scroll","background-type":"","background-media":"","overlay-type":"","overlay-color":"","overlay-opacity":"","overlay-gradient":""}},"footnotes":""},"class_list":["post-1304","page","type-page","status-publish","hentry"],"_links":{"self":[{"href":"https:\/\/northlatitude.com.ar\/english\/wp-json\/wp\/v2\/pages\/1304","targetHints":{"allow":["GET"]}}],"collection":[{"href":"https:\/\/northlatitude.com.ar\/english\/wp-json\/wp\/v2\/pages"}],"about":[{"href":"https:\/\/northlatitude.com.ar\/english\/wp-json\/wp\/v2\/types\/page"}],"author":[{"embeddable":true,"href":"https:\/\/northlatitude.com.ar\/english\/wp-json\/wp\/v2\/users\/3"}],"replies":[{"embeddable":true,"href":"https:\/\/northlatitude.com.ar\/english\/wp-json\/wp\/v2\/comments?post=1304"}],"version-history":[{"count":2,"href":"https:\/\/northlatitude.com.ar\/english\/wp-json\/wp\/v2\/pages\/1304\/revisions"}],"predecessor-version":[{"id":15703,"href":"https:\/\/northlatitude.com.ar\/english\/wp-json\/wp\/v2\/pages\/1304\/revisions\/15703"}],"wp:attachment":[{"href":"https:\/\/northlatitude.com.ar\/english\/wp-json\/wp\/v2\/media?parent=1304"}],"curies":[{"name":"wp","href":"https:\/\/api.w.org\/{rel}","templated":true}]}}