{"id":1313,"date":"2023-04-17T23:54:40","date_gmt":"2023-04-17T23:54:40","guid":{"rendered":"http:\/\/northlatitude.com.ar\/english\/?page_id=1313"},"modified":"2026-03-20T09:38:08","modified_gmt":"2026-03-20T12:38:08","slug":"mario-alem","status":"publish","type":"page","link":"https:\/\/northlatitude.com.ar\/english\/mario-alem\/","title":{"rendered":"MARIO ALEM"},"content":{"rendered":"\t\t<div data-elementor-type=\"wp-post\" data-elementor-id=\"1313\" class=\"elementor elementor-1313\" data-elementor-post-type=\"page\">\n\t\t\t\t<div class=\"elementor-element elementor-element-58dc6c3 e-flex e-con-boxed e-con e-parent\" data-id=\"58dc6c3\" data-element_type=\"container\" data-e-type=\"container\" data-settings=\"{&quot;background_background&quot;:&quot;classic&quot;}\">\n\t\t\t\t\t<div class=\"e-con-inner\">\n\t\t\t\t<div class=\"elementor-element elementor-element-197a147 elementor-invisible elementor-widget elementor-widget-heading\" data-id=\"197a147\" data-element_type=\"widget\" data-e-type=\"widget\" data-settings=\"{&quot;_animation&quot;:&quot;fadeInUp&quot;}\" data-widget_type=\"heading.default\">\n\t\t\t\t\t<h1 class=\"elementor-heading-title elementor-size-default\">MARIO ALEM<\/h1>\t\t\t\t<\/div>\n\t\t\t\t<div class=\"elementor-element elementor-element-0ea31fd elementor-shape-circle e-grid-align-mobile-center elementor-grid-mobile-3 elementor-grid-0 e-grid-align-center elementor-widget elementor-widget-social-icons\" data-id=\"0ea31fd\" data-element_type=\"widget\" data-e-type=\"widget\" data-widget_type=\"social-icons.default\">\n\t\t\t\t\t\t\t<div class=\"elementor-social-icons-wrapper elementor-grid\" role=\"list\">\n\t\t\t\t\t\t\t<span class=\"elementor-grid-item\" role=\"listitem\">\n\t\t\t\t\t<a class=\"elementor-icon elementor-social-icon elementor-social-icon-facebook elementor-repeater-item-57fe014\" href=\"https:\/\/www.facebook.com\/gabriel.esquivel.169\" target=\"_blank\">\n\t\t\t\t\t\t<span class=\"elementor-screen-only\">Facebook<\/span>\n\t\t\t\t\t\t<i aria-hidden=\"true\" class=\"fab fa-facebook\"><\/i>\t\t\t\t\t<\/a>\n\t\t\t\t<\/span>\n\t\t\t\t\t\t\t<span class=\"elementor-grid-item\" role=\"listitem\">\n\t\t\t\t\t<a class=\"elementor-icon elementor-social-icon elementor-social-icon-youtube elementor-repeater-item-5e4a996\" href=\"https:\/\/www.youtube.com\/@navegantexplorer\" target=\"_blank\">\n\t\t\t\t\t\t<span class=\"elementor-screen-only\">Youtube<\/span>\n\t\t\t\t\t\t<i aria-hidden=\"true\" class=\"fab fa-youtube\"><\/i>\t\t\t\t\t<\/a>\n\t\t\t\t<\/span>\n\t\t\t\t\t\t\t<span class=\"elementor-grid-item\" role=\"listitem\">\n\t\t\t\t\t<a class=\"elementor-icon elementor-social-icon elementor-social-icon-instagram elementor-repeater-item-f7fc46c\" href=\"https:\/\/www.instagram.com\/supervivencia_northlatitude\/\" target=\"_blank\">\n\t\t\t\t\t\t<span class=\"elementor-screen-only\">Instagram<\/span>\n\t\t\t\t\t\t<i aria-hidden=\"true\" class=\"fab fa-instagram\"><\/i>\t\t\t\t\t<\/a>\n\t\t\t\t<\/span>\n\t\t\t\t\t<\/div>\n\t\t\t\t\t\t<\/div>\n\t\t\t\t\t<\/div>\n\t\t\t\t<\/div>\n\t\t<div class=\"elementor-element elementor-element-7f2839a e-flex e-con-boxed e-con e-parent\" data-id=\"7f2839a\" data-element_type=\"container\" data-e-type=\"container\">\n\t\t\t\t\t<div class=\"e-con-inner\">\n\t\t<div class=\"elementor-element elementor-element-6ebf8ee e-con-full e-flex e-con e-child\" data-id=\"6ebf8ee\" data-element_type=\"container\" data-e-type=\"container\">\n\t\t\t\t<div class=\"elementor-element elementor-element-37ee76f elementor-invisible elementor-widget elementor-widget-heading\" data-id=\"37ee76f\" data-element_type=\"widget\" data-e-type=\"widget\" data-settings=\"{&quot;_animation&quot;:&quot;fadeInLeft&quot;}\" data-widget_type=\"heading.default\">\n\t\t\t\t\t<h2 class=\"elementor-heading-title elementor-size-default\">Mario Alem<\/h2>\t\t\t\t<\/div>\n\t\t\t\t<div class=\"elementor-element elementor-element-607ecc2 elementor-widget-divider--view-line elementor-widget elementor-widget-divider\" data-id=\"607ecc2\" data-element_type=\"widget\" data-e-type=\"widget\" data-widget_type=\"divider.default\">\n\t\t\t\t\t\t\t<div class=\"elementor-divider\">\n\t\t\t<span class=\"elementor-divider-separator\">\n\t\t\t\t\t\t<\/span>\n\t\t<\/div>\n\t\t\t\t\t\t<\/div>\n\t\t\t\t<div class=\"elementor-element elementor-element-a7ef908 elementor-widget elementor-widget-text-editor\" data-id=\"a7ef908\" data-element_type=\"widget\" data-e-type=\"widget\" data-widget_type=\"text-editor.default\">\n\t\t\t\t\t\t\t\t\t<p>Bachelor of Public Security \u2013 (USAL) Salvador University &#8211; Rosario headquarters (Province of Santa Fe), graduated 2014.<br \/>University Technician in Public Security \u2013 (USAL) Salvador University -, graduated in 2012.<br \/>Superior Technician specialized in Martial Arts with Orientation -Ministry of Education- Particular Superior Institude Incorporated of \u00abGeneral Jos\u00e9 de San Martin\u00bb Phisical Education (City of Rosario \u2013 Province of Santa Fe), graduated 2009.<br \/>Diploma in Integral Security, USEL 2018.<\/p>\t\t\t\t\t\t\t\t<\/div>\n\t\t\t\t<\/div>\n\t\t<div class=\"elementor-element elementor-element-6586dd3 e-con-full e-flex e-con e-child\" data-id=\"6586dd3\" data-element_type=\"container\" data-e-type=\"container\">\n\t\t\t\t<div class=\"elementor-element elementor-element-30c9462 elementor-widget elementor-widget-image\" data-id=\"30c9462\" data-element_type=\"widget\" data-e-type=\"widget\" data-widget_type=\"image.default\">\n\t\t\t\t\t\t\t\t\t\t\t\t\t\t\t<img fetchpriority=\"high\" decoding=\"async\" width=\"687\" height=\"469\" src=\"https:\/\/northlatitude.com.ar\/english\/wp-content\/uploads\/2025\/02\/Mario-Alem-ing-1.jpg\" class=\"attachment-full size-full wp-image-13939\" alt=\"\" srcset=\"https:\/\/northlatitude.com.ar\/english\/wp-content\/uploads\/2025\/02\/Mario-Alem-ing-1.jpg 687w, https:\/\/northlatitude.com.ar\/english\/wp-content\/uploads\/2025\/02\/Mario-Alem-ing-1-300x205.jpg 300w\" sizes=\"(max-width: 687px) 100vw, 687px\" loading=\"eager\" \/>\t\t\t\t\t\t\t\t\t\t\t\t\t\t\t<\/div>\n\t\t\t\t<\/div>\n\t\t\t\t\t<\/div>\n\t\t\t\t<\/div>\n\t\t<div class=\"elementor-element elementor-element-73d17ae e-flex e-con-boxed e-con e-parent\" data-id=\"73d17ae\" data-element_type=\"container\" data-e-type=\"container\">\n\t\t\t\t\t<div class=\"e-con-inner\">\n\t\t<div class=\"elementor-element elementor-element-e093771 e-con-full e-flex e-con e-child\" data-id=\"e093771\" data-element_type=\"container\" data-e-type=\"container\">\n\t\t\t\t<div class=\"elementor-element elementor-element-f995b5f elementor-widget elementor-widget-heading\" data-id=\"f995b5f\" data-element_type=\"widget\" data-e-type=\"widget\" data-widget_type=\"heading.default\">\n\t\t\t\t\t<h4 class=\"elementor-heading-title elementor-size-default\">Studies and titles<\/h4>\t\t\t\t<\/div>\n\t\t\t\t<div class=\"elementor-element elementor-element-a78fb06 elementor-widget-divider--view-line elementor-widget elementor-widget-divider\" data-id=\"a78fb06\" data-element_type=\"widget\" data-e-type=\"widget\" data-widget_type=\"divider.default\">\n\t\t\t\t\t\t\t<div class=\"elementor-divider\">\n\t\t\t<span class=\"elementor-divider-separator\">\n\t\t\t\t\t\t<\/span>\n\t\t<\/div>\n\t\t\t\t\t\t<\/div>\n\t\t\t\t<div class=\"elementor-element elementor-element-c4391d5 elementor-widget elementor-widget-text-editor\" data-id=\"c4391d5\" data-element_type=\"widget\" data-e-type=\"widget\" data-widget_type=\"text-editor.default\">\n\t\t\t\t\t\t\t\t\t<p><b>PRACTICANTE Y DOCENTE EN ARTES MARCIALES<\/b><\/p><ul><li>C.N 6\u00ba Dan Jiujitsu Japon\u00e9s -WUSJJ -Uni\u00f3n Americana Jiu-Jitsu- Asociaci\u00f3n Internacional Jiujitsu &#8211; Yoshin-Myura-Ryu &#8211; Artes Marciales Internacionales \u2013 Federaci\u00f3n Mundial &#8211; Aiki-Jujitsu Renmei &#8211; Nippon Yawara Ryu-Aiki-Ju-Jitsu Renmei- (2014).<\/li><li>Ken-Jutsu \u2013 Iaijutsu -Komei-Juku- (Argentina) desde 2001 y Takeda-ry\u016b (2014).<\/li><\/ul><p><b>CAPACITACION Y ESPECIALIDAD<\/b><\/p><ul><li>3\u00ba Dan Taiho-Jutsu \u2013Defensa personal Policial Japonesa (Confederaci\u00f3n Internacional Tai-Ho-Jutsu &#8211; Budokai Internacional). 2004<br \/>Instructor Nacional Defensa Personal (Certificado Oficial N\u00ba 0130\/SP\/01AR \u2013Espa\u00f1a-) (2003).<\/li><li>Experto T\u00e9cnicas Defensivas Policiales nivel III (Homologaci\u00f3n internacional de la Federaci\u00f3n Internacional de Deportes de Combate y D.P.I Kaisendo y de la Confederaci\u00f3n Internacional Euroamericana de Karate y Artes Marciales afines) (2003).<\/li><li>Instructor Nacional Bast\u00f3n Policial R\u00edgido -Tonfa-Policial- y T\u00e1cticas Defensivas Policiales (Ministerio Gobierno y Justicia, Direcci\u00f3n de Institutos Policiales, Polic\u00eda de Pcia. de Corrientes, Registro n\u00ba032\/I-BPR-I-ARG) (2004).<\/li><li>Instructor Nacional Defensa Policial (Asociaci\u00f3n Argentina Jiujitsu) (2002).<br \/>Instructor Chief Defensa Policial Japonesa en Argentina (Confederaci\u00f3n Internacional Tai-Ho-Jutsu) (2004).<br \/>Custodio Escolta VIP Nivel 2 Mediana Seguridad (OFI Kapap Combatives) (2008).<\/li><li>Licenciado en Seguridad P\u00fablica (Universidad del Salvador).<\/li><li>T\u00e9cnico Superior en Artes Marciales (Instituto Superior Particular General Jos\u00e9 de San Mart\u00edn).<\/li><li>6\u00b0 Dan Nihon-Jujutsu Asahi-ryu (World Uni\u00f3n Submission JJ &#8211; Uni\u00f3n Americana JJ &#8211; Submission JJ Nefusen &#8211; Asociaci\u00f3n Internacional JJ &#8211; Yoshim-Myura-ryu-JJ.<\/li><li>6\u00b0 Dan Aiki-Jujutsu (Nippon Yawara ryu Aikijujutsu Renmei &#8211; World Jujutsu\/Aiki-Bujutsu Federation &#8211; Takeda-ry\u016b).<\/li><li>4\u00b0 Dan Bujutsu (Asociaci\u00f3n Francaise Bujutsu et Bourdon).<\/li><li>3\u00b0 Dan Taiho-Jutsu (International Taiho-Jutsu Confederation &#8211; Budokai International).<\/li><li>Director Asahi-Dojo (Kancho-Asahi-Dojo).<\/li><li>Vicepresidente Asociaci\u00f3n Nihon-Jujutsu Asahi-ry\u00fb.<\/li><\/ul><p><b>OTRAS CAPACITACIONES<\/b><\/p><ul><li>Instructor Musculaci\u00f3n -Escuelas AMICI- (Provincia de Santa Fe) (2003).<\/li><li>T\u00e9cnicas de ense\u00f1anza (Academia Master Shooter).<\/li><li>Curso Primeros Auxilios y R.C.P. -Cruz Roja Argentina- Ciudad de Rosario (Provincia de Santa F\u00e9) (2002).<\/li><li>Socorrista b\u00e1sico \u2013habilitado por Min. Salud P\u00fablica Pcia. Bs. As. -habilitado y aprobado por el Ministerio Salud P\u00fablica (Provincia Buenos Aires) (2008).<\/li><li>Curso de SUPERVIVENCIA para ZONAS EXTREMAS con nociones de Primeros Auxilios, Orientaci\u00f3n y Navegaci\u00f3n Terrestre (Nivel I &#8211; Inicial) \u2013 NORTHLATITUDE (C.A.C.E.N.) (2009).<br \/>Curso de SUPERVIVENCIA para ZONAS EXTREMAS con nociones de Primeros Auxilios, Orientaci\u00f3n y Navegaci\u00f3n Terrestre (Nivel II &#8211; Intermedio) \u2013 NORTHLATITUDE (C.A.C.E.N.) (2010).<\/li><\/ul><p><b>CARGOS INSTITUCIONALES<\/b><\/p><ul><li>Presidente Uni\u00f3n Americana Jiu-Jitsu desde (2014).<\/li><li>Vicepresidente Asociaci\u00f3n Nihon-Jujutsu Asahi-Ry\u016b (2019\/2021).<\/li><li>Director Ense\u00f1anza y Grados del Honbu-Asahi-Dojo con sede en ciudad de Rosario &#8211; Argentina desde 2000 hasta la actualidad.<\/li><li>Director Departamento Defensa Personal \u2013designado en el a\u00f1o 2011- (Uni\u00f3n Panamericana de Jiujitsu).<\/li><\/ul><p><b>ACTIVIDADES DOCENTES \/ CAPACITADOR<\/b><\/p><ul><li>Sensei de Jiu-Jitsu Japon\u00e9s (Nihon-Jujutsu) del Honbu-Asahi-Dojo &#8211; Ciudad de Rosario &#8211; Provincia Santa Fe.<\/li><li>Instructor Defensa Personal y Combate Militar Compa\u00f1\u00eda R.O.A. (Red de Observadores del Aires) de la Fuerza A\u00e9rea Argentina hasta el a\u00f1o (2006).<\/li><li>Instructor Defensa Personal agentes de Polic\u00eda, Cuerpo de Guardia Infanter\u00eda G.I.R.I. (Grupo de Infanter\u00eda de Respuesta Inmediata),<\/li><li>Curso a Sargentos de la U.R.II Polic\u00eda y C.A.T. Comando Radioel\u00e9ctrico de la U.R.II Polic\u00eda \u2013 Ciudad de Rosario \u2013 Provincia de Santa Fe.<\/li><li>Capacitador en T\u00e9cnicas de Neutralizaciones no violentas a agentes de GUM (Guardia Urbana Municipal de Rosario), (2010\/2014) y Director General de Control Urbano (2016).<\/li><li>Disertante del Curso de Defensa Personal a miembros de Mossos d\u00b4Squadra (Polic\u00eda Catalana) Terrassas &#8211; Espa\u00f1a (2011).<\/li><li>Disertante Curso de Defensa Personal a miembros de la Polic\u00eda Municipal de Madrid, Espa\u00f1a (2011).<\/li><li>Docente Defensa Personal en I.S.E.P (Instituto de Seguridad P\u00fablica) \u2013 Provincia de Santa Fe.<\/li><li>Docentes C\u00e1tedras \u00abPerfil Profesional del A.C.A.P\u00bb y \u00abT\u00e9cnicas de Neutralizaciones\u00bb Curso de Capacitaci\u00f3n Profesional del Controlador de Admisi\u00f3n y Permanencia, certificado por Ministerio de Educaci\u00f3n \u2013 Provincia de Santa Fe y dictado por la Municipalidad de Rosario desde 2018.-<\/li><\/ul>\t\t\t\t\t\t\t\t<\/div>\n\t\t\t\t<\/div>\n\t\t\t\t\t<\/div>\n\t\t\t\t<\/div>\n\t\t\t\t<\/div>\n\t\t","protected":false},"excerpt":{"rendered":"<p>MARIO ALEM Facebook Youtube Instagram Mario Alem Bachelor of Public Security \u2013 (USAL) Salvador University &#8211; Rosario headquarters (Province of Santa Fe), graduated 2014.University Technician in Public Security \u2013 (USAL) Salvador University -, graduated in 2012.Superior Technician specialized in Martial Arts with Orientation -Ministry of Education- Particular Superior Institude Incorporated of \u00abGeneral Jos\u00e9 de San [&hellip;]<\/p>\n","protected":false},"author":3,"featured_media":0,"parent":0,"menu_order":0,"comment_status":"closed","ping_status":"closed","template":"elementor_header_footer","meta":{"site-sidebar-layout":"no-sidebar","site-content-layout":"page-builder","ast-site-content-layout":"default","site-content-style":"default","site-sidebar-style":"default","ast-global-header-display":"","ast-banner-title-visibility":"","ast-main-header-display":"","ast-hfb-above-header-display":"","ast-hfb-below-header-display":"","ast-hfb-mobile-header-display":"","site-post-title":"disabled","ast-breadcrumbs-content":"","ast-featured-img":"disabled","footer-sml-layout":"","ast-disable-related-posts":"","theme-transparent-header-meta":"enabled","adv-header-id-meta":"","stick-header-meta":"","header-above-stick-meta":"","header-main-stick-meta":"","header-below-stick-meta":"","astra-migrate-meta-layouts":"default","ast-page-background-enabled":"default","ast-page-background-meta":{"desktop":{"background-color":"","background-image":"","background-repeat":"repeat","background-position":"center center","background-size":"auto","background-attachment":"scroll","background-type":"","background-media":"","overlay-type":"","overlay-color":"","overlay-opacity":"","overlay-gradient":""},"tablet":{"background-color":"","background-image":"","background-repeat":"repeat","background-position":"center center","background-size":"auto","background-attachment":"scroll","background-type":"","background-media":"","overlay-type":"","overlay-color":"","overlay-opacity":"","overlay-gradient":""},"mobile":{"background-color":"","background-image":"","background-repeat":"repeat","background-position":"center center","background-size":"auto","background-attachment":"scroll","background-type":"","background-media":"","overlay-type":"","overlay-color":"","overlay-opacity":"","overlay-gradient":""}},"ast-content-background-meta":{"desktop":{"background-color":"var(--ast-global-color-5)","background-image":"","background-repeat":"repeat","background-position":"center center","background-size":"auto","background-attachment":"scroll","background-type":"","background-media":"","overlay-type":"","overlay-color":"","overlay-opacity":"","overlay-gradient":""},"tablet":{"background-color":"var(--ast-global-color-5)","background-image":"","background-repeat":"repeat","background-position":"center center","background-size":"auto","background-attachment":"scroll","background-type":"","background-media":"","overlay-type":"","overlay-color":"","overlay-opacity":"","overlay-gradient":""},"mobile":{"background-color":"var(--ast-global-color-5)","background-image":"","background-repeat":"repeat","background-position":"center center","background-size":"auto","background-attachment":"scroll","background-type":"","background-media":"","overlay-type":"","overlay-color":"","overlay-opacity":"","overlay-gradient":""}},"footnotes":""},"class_list":["post-1313","page","type-page","status-publish","hentry"],"_links":{"self":[{"href":"https:\/\/northlatitude.com.ar\/english\/wp-json\/wp\/v2\/pages\/1313","targetHints":{"allow":["GET"]}}],"collection":[{"href":"https:\/\/northlatitude.com.ar\/english\/wp-json\/wp\/v2\/pages"}],"about":[{"href":"https:\/\/northlatitude.com.ar\/english\/wp-json\/wp\/v2\/types\/page"}],"author":[{"embeddable":true,"href":"https:\/\/northlatitude.com.ar\/english\/wp-json\/wp\/v2\/users\/3"}],"replies":[{"embeddable":true,"href":"https:\/\/northlatitude.com.ar\/english\/wp-json\/wp\/v2\/comments?post=1313"}],"version-history":[{"count":2,"href":"https:\/\/northlatitude.com.ar\/english\/wp-json\/wp\/v2\/pages\/1313\/revisions"}],"predecessor-version":[{"id":15709,"href":"https:\/\/northlatitude.com.ar\/english\/wp-json\/wp\/v2\/pages\/1313\/revisions\/15709"}],"wp:attachment":[{"href":"https:\/\/northlatitude.com.ar\/english\/wp-json\/wp\/v2\/media?parent=1313"}],"curies":[{"name":"wp","href":"https:\/\/api.w.org\/{rel}","templated":true}]}}