{"id":3028,"date":"2023-04-29T04:37:20","date_gmt":"2023-04-29T04:37:20","guid":{"rendered":"http:\/\/northlatitude.com.ar\/english\/?page_id=3028"},"modified":"2026-03-25T23:46:14","modified_gmt":"2026-03-26T02:46:14","slug":"gabriel-esquivel-formador-instructores-de-supervivencia","status":"publish","type":"page","link":"https:\/\/northlatitude.com.ar\/english\/gabriel-esquivel-formador-instructores-de-supervivencia\/","title":{"rendered":"Gabriel Esquivel Formador Instructores Supervivencia"},"content":{"rendered":"\t\t<div data-elementor-type=\"wp-post\" data-elementor-id=\"3028\" class=\"elementor elementor-3028\" data-elementor-post-type=\"page\">\n\t\t\t\t<div class=\"elementor-element elementor-element-dde509b e-con-full e-flex e-con e-parent\" data-id=\"dde509b\" data-element_type=\"container\" data-e-type=\"container\" data-settings=\"{&quot;background_background&quot;:&quot;classic&quot;}\">\n\t\t\t\t<div class=\"elementor-element elementor-element-20c05c0 elementor-invisible elementor-widget elementor-widget-heading\" data-id=\"20c05c0\" data-element_type=\"widget\" data-e-type=\"widget\" data-settings=\"{&quot;_animation&quot;:&quot;fadeInDown&quot;}\" data-widget_type=\"heading.default\">\n\t\t\t\t\t<h1 class=\"elementor-heading-title elementor-size-small\">INTERNATIONAL INSTRUCTOR AND TRAINER\nOF SURVIVAL INSTRUCTORS<\/h1>\t\t\t\t<\/div>\n\t\t\t\t<div class=\"elementor-element elementor-element-a3a7613 elementor-shape-circle elementor-grid-mobile-3 elementor-grid-0 e-grid-align-center elementor-widget elementor-widget-social-icons\" data-id=\"a3a7613\" data-element_type=\"widget\" data-e-type=\"widget\" data-widget_type=\"social-icons.default\">\n\t\t\t\t\t\t\t<div class=\"elementor-social-icons-wrapper elementor-grid\" role=\"list\">\n\t\t\t\t\t\t\t<span class=\"elementor-grid-item\" role=\"listitem\">\n\t\t\t\t\t<a class=\"elementor-icon elementor-social-icon elementor-social-icon-facebook elementor-repeater-item-57fe014\" href=\"https:\/\/www.facebook.com\/gabriel.esquivel.169\" target=\"_blank\">\n\t\t\t\t\t\t<span class=\"elementor-screen-only\">Facebook<\/span>\n\t\t\t\t\t\t<i aria-hidden=\"true\" class=\"fab fa-facebook\"><\/i>\t\t\t\t\t<\/a>\n\t\t\t\t<\/span>\n\t\t\t\t\t\t\t<span class=\"elementor-grid-item\" role=\"listitem\">\n\t\t\t\t\t<a class=\"elementor-icon elementor-social-icon elementor-social-icon-youtube elementor-repeater-item-5e4a996\" href=\"https:\/\/www.youtube.com\/@navegantexplorer\" target=\"_blank\">\n\t\t\t\t\t\t<span class=\"elementor-screen-only\">Youtube<\/span>\n\t\t\t\t\t\t<i aria-hidden=\"true\" class=\"fab fa-youtube\"><\/i>\t\t\t\t\t<\/a>\n\t\t\t\t<\/span>\n\t\t\t\t\t\t\t<span class=\"elementor-grid-item\" role=\"listitem\">\n\t\t\t\t\t<a class=\"elementor-icon elementor-social-icon elementor-social-icon-instagram elementor-repeater-item-f7fc46c\" href=\"https:\/\/www.instagram.com\/supervivencia_northlatitude\/\" target=\"_blank\">\n\t\t\t\t\t\t<span class=\"elementor-screen-only\">Instagram<\/span>\n\t\t\t\t\t\t<i aria-hidden=\"true\" class=\"fab fa-instagram\"><\/i>\t\t\t\t\t<\/a>\n\t\t\t\t<\/span>\n\t\t\t\t\t<\/div>\n\t\t\t\t\t\t<\/div>\n\t\t\t\t<\/div>\n\t\t<div class=\"elementor-element elementor-element-9a3143e e-flex e-con-boxed e-con e-parent\" data-id=\"9a3143e\" data-element_type=\"container\" data-e-type=\"container\" data-settings=\"{&quot;background_background&quot;:&quot;classic&quot;}\">\n\t\t\t\t\t<div class=\"e-con-inner\">\n\t\t<div class=\"elementor-element elementor-element-626a6ed e-con-full e-flex e-con e-child\" data-id=\"626a6ed\" data-element_type=\"container\" data-e-type=\"container\">\n\t\t\t\t<div class=\"elementor-element elementor-element-91811db elementor-invisible elementor-widget elementor-widget-heading\" data-id=\"91811db\" data-element_type=\"widget\" data-e-type=\"widget\" data-settings=\"{&quot;_animation&quot;:&quot;fadeInLeft&quot;}\" data-widget_type=\"heading.default\">\n\t\t\t\t\t<h2 class=\"elementor-heading-title elementor-size-large\">GABRIEL ESQUIVEL INTERNATIONAL INSTRUCTOR AND TRAINER OF INSTRUCTORS<\/h2>\t\t\t\t<\/div>\n\t\t\t\t<div class=\"elementor-element elementor-element-85d53ca elementor-widget elementor-widget-text-editor\" data-id=\"85d53ca\" data-element_type=\"widget\" data-e-type=\"widget\" data-widget_type=\"text-editor.default\">\n\t\t\t\t\t\t\t\t\t<p>En el mes de enero del a\u00f1o 2023, como Director de NORTHLATITUDE recib\u00ed con especial agrado un nuevo t\u00edtulo obtenido, esta vez como <strong>\u201cInstructor Internacional y Formador de Instructores de Supervivencia\u201d<\/strong>, otorgado por la <strong>ESCUELA INTERNACIONAL DRAGONES DEL GOLFO<\/strong> de Colombia, por la cual seguidamente podr\u00e1n constatar por medio de un (1) certificado que me acredita y el acta de reconocimiento, en nombre del Instituto de Trabajo y Desarrollo Humano y Secretar\u00eda Acad\u00e9mica de la mencionada escuela internacional. Ello es en funci\u00f3n de haber demostrado mi competencia, conocimiento y destrezas acorde con lo establecido en los est\u00e1ndares internacionales.<\/p><p>Antecede que en el mes de marzo del a\u00f1os 2019 hab\u00eda sido seleccionado por los directivos de la Escuela Internacional Dragones del Golfo en Argentina y Sudam\u00e9rica, en virtud de ser Director CEO de <strong>NORTHLATITUDE<\/strong> www.northlatitude.com.ar, Instructor de Supervivencia y Asesor T\u00e9cnico de la cadena internacional <strong>DISCOVERY CHANNEL<\/strong> durante cuatro (4) per\u00edodos en 2015, 2017 y 2018 (habiendo sido seleccionado por Discovery de M\u00e9xico, Inglaterra y Argentina) y Militar (R) de la Fuerza A\u00e9rea Argentina, para ser instructor del curso internacional DESAFIO SUPERVIVENCIA COLOMBIA, el cual dict\u00e9 en el Desierto de la Tatacoa de Colombia durante tres (3) d\u00edas en el 2019.<\/p><p>Al t\u00e9rmino del mismo, fui invitado a exponer sobre t\u00e9cnicas de Supervivencia en la Universidad de Corhuila de ese pa\u00eds donde, adem\u00e1s, posteriormente rend\u00ed las condiciones para recibirme como \u201cInstructor de Supervivencia en Zonas Agrestes Nivel B\u00e1sico\u201d y de \u201cB\u00fasqueda y Rastreo\u201d, despu\u00e9s de haber cursado una intensidad acad\u00e9mica de 159 horas te\u00f3rico-pr\u00e1cticas en aula y en terreno de jungla de eses pa\u00eds.<\/p><p>A principio del a\u00f1o 2020, rend\u00ed las condiciones para certificarme como \u201cInstructor Internacional de Instructores de Supervivencia\u201d en la misma escuela colombiana, habiendo rendido una intensidad acad\u00e9mica de 200 hs. te\u00f3rico-pr\u00e1ctica en aula y terreno de jungla de Colombia.<\/p><p>Este es el tercer t\u00edtulo internacional que obtuve como Instructor, coincidiendo este a\u00f1o dieciocho (18) a\u00f1os de vida de NORTHLATITUDE y mi agradecimiento a los Directivos y mis instructores de la Escuela Internacional DRAGONES DEL GOLFO, el Sr. Rector Juan Pablo Campo G\u00f3mez y la Sra. Directora Acad\u00e9mica Cindy Carolina Urueta Tuir\u00e1n, no solo por haberme instruido, sino que por haber confiado en mi persona y profesi\u00f3n. A ellos, a esa familia Dragones del Golfo a la cual pertenezco, nuevamente muchas gracias.<\/p>\t\t\t\t\t\t\t\t<\/div>\n\t\t\t\t<div class=\"elementor-element elementor-element-d30047b elementor-widget elementor-widget-gallery\" data-id=\"d30047b\" data-element_type=\"widget\" data-e-type=\"widget\" data-settings=\"{&quot;columns&quot;:2,&quot;lazyload&quot;:&quot;yes&quot;,&quot;gallery_layout&quot;:&quot;grid&quot;,&quot;columns_tablet&quot;:2,&quot;columns_mobile&quot;:1,&quot;gap&quot;:{&quot;unit&quot;:&quot;px&quot;,&quot;size&quot;:10,&quot;sizes&quot;:[]},&quot;gap_tablet&quot;:{&quot;unit&quot;:&quot;px&quot;,&quot;size&quot;:10,&quot;sizes&quot;:[]},&quot;gap_mobile&quot;:{&quot;unit&quot;:&quot;px&quot;,&quot;size&quot;:10,&quot;sizes&quot;:[]},&quot;link_to&quot;:&quot;file&quot;,&quot;aspect_ratio&quot;:&quot;3:2&quot;,&quot;overlay_background&quot;:&quot;yes&quot;,&quot;content_hover_animation&quot;:&quot;fade-in&quot;}\" data-widget_type=\"gallery.default\">\n\t\t\t\t\t\t\t<div class=\"elementor-gallery__container\">\n\t\t\t\t\t\t\t<a class=\"e-gallery-item elementor-gallery-item elementor-animated-content\" href=\"https:\/\/northlatitude.com.ar\/english\/wp-content\/uploads\/2023\/08\/6-8.jpg\" data-elementor-open-lightbox=\"yes\" data-elementor-lightbox-slideshow=\"d30047b\" data-elementor-lightbox-title=\"6\" data-e-action-hash=\"#elementor-action%3Aaction%3Dlightbox%26settings%3DeyJpZCI6ODg2NywidXJsIjoiaHR0cHM6XC9cL25vcnRobGF0aXR1ZGUuY29tLmFyXC9lbmdsaXNoXC93cC1jb250ZW50XC91cGxvYWRzXC8yMDIzXC8wOFwvNi04LmpwZyIsInNsaWRlc2hvdyI6ImQzMDA0N2IifQ%3D%3D\">\n\t\t\t\t\t<div class=\"e-gallery-image elementor-gallery-item__image\" data-thumbnail=\"https:\/\/northlatitude.com.ar\/english\/wp-content\/uploads\/2023\/08\/6-8.jpg\" data-width=\"523\" data-height=\"352\" aria-label=\"\" role=\"img\" ><\/div>\n\t\t\t\t\t\t\t\t\t\t\t<div class=\"elementor-gallery-item__overlay\"><\/div>\n\t\t\t\t\t\t\t\t\t\t\t\t\t\t<\/a>\n\t\t\t\t\t\t\t<a class=\"e-gallery-item elementor-gallery-item elementor-animated-content\" href=\"https:\/\/northlatitude.com.ar\/english\/wp-content\/uploads\/2023\/08\/5-7.jpg\" data-elementor-open-lightbox=\"yes\" data-elementor-lightbox-slideshow=\"d30047b\" data-elementor-lightbox-title=\"5\" data-e-action-hash=\"#elementor-action%3Aaction%3Dlightbox%26settings%3DeyJpZCI6ODg2NiwidXJsIjoiaHR0cHM6XC9cL25vcnRobGF0aXR1ZGUuY29tLmFyXC9lbmdsaXNoXC93cC1jb250ZW50XC91cGxvYWRzXC8yMDIzXC8wOFwvNS03LmpwZyIsInNsaWRlc2hvdyI6ImQzMDA0N2IifQ%3D%3D\">\n\t\t\t\t\t<div class=\"e-gallery-image elementor-gallery-item__image\" data-thumbnail=\"https:\/\/northlatitude.com.ar\/english\/wp-content\/uploads\/2023\/08\/5-7.jpg\" data-width=\"523\" data-height=\"352\" aria-label=\"\" role=\"img\" ><\/div>\n\t\t\t\t\t\t\t\t\t\t\t<div class=\"elementor-gallery-item__overlay\"><\/div>\n\t\t\t\t\t\t\t\t\t\t\t\t\t\t<\/a>\n\t\t\t\t\t\t\t<a class=\"e-gallery-item elementor-gallery-item elementor-animated-content\" href=\"https:\/\/northlatitude.com.ar\/english\/wp-content\/uploads\/2023\/05\/certificado-1.jpg\" data-elementor-open-lightbox=\"yes\" data-elementor-lightbox-slideshow=\"d30047b\" data-elementor-lightbox-title=\"certificado 1\" data-e-action-hash=\"#elementor-action%3Aaction%3Dlightbox%26settings%3DeyJpZCI6NjY1MiwidXJsIjoiaHR0cHM6XC9cL25vcnRobGF0aXR1ZGUuY29tLmFyXC9lbmdsaXNoXC93cC1jb250ZW50XC91cGxvYWRzXC8yMDIzXC8wNVwvY2VydGlmaWNhZG8tMS5qcGciLCJzbGlkZXNob3ciOiJkMzAwNDdiIn0%3D\">\n\t\t\t\t\t<div class=\"e-gallery-image elementor-gallery-item__image\" data-thumbnail=\"https:\/\/northlatitude.com.ar\/english\/wp-content\/uploads\/2023\/05\/certificado-1.jpg\" data-width=\"800\" data-height=\"1290\" aria-label=\"\" role=\"img\" ><\/div>\n\t\t\t\t\t\t\t\t\t\t\t<div class=\"elementor-gallery-item__overlay\"><\/div>\n\t\t\t\t\t\t\t\t\t\t\t\t\t\t<\/a>\n\t\t\t\t\t\t\t<a class=\"e-gallery-item elementor-gallery-item elementor-animated-content\" href=\"https:\/\/northlatitude.com.ar\/english\/wp-content\/uploads\/2023\/05\/certificado-4.jpg\" data-elementor-open-lightbox=\"yes\" data-elementor-lightbox-slideshow=\"d30047b\" data-elementor-lightbox-title=\"certificado 4\" data-e-action-hash=\"#elementor-action%3Aaction%3Dlightbox%26settings%3DeyJpZCI6NjY1OSwidXJsIjoiaHR0cHM6XC9cL25vcnRobGF0aXR1ZGUuY29tLmFyXC9lbmdsaXNoXC93cC1jb250ZW50XC91cGxvYWRzXC8yMDIzXC8wNVwvY2VydGlmaWNhZG8tNC5qcGciLCJzbGlkZXNob3ciOiJkMzAwNDdiIn0%3D\">\n\t\t\t\t\t<div class=\"e-gallery-image elementor-gallery-item__image\" data-thumbnail=\"https:\/\/northlatitude.com.ar\/english\/wp-content\/uploads\/2023\/05\/certificado-4.jpg\" data-width=\"1051\" data-height=\"1600\" aria-label=\"\" role=\"img\" ><\/div>\n\t\t\t\t\t\t\t\t\t\t\t<div class=\"elementor-gallery-item__overlay\"><\/div>\n\t\t\t\t\t\t\t\t\t\t\t\t\t\t<\/a>\n\t\t\t\t\t\t\t<a class=\"e-gallery-item elementor-gallery-item elementor-animated-content\" href=\"https:\/\/northlatitude.com.ar\/english\/wp-content\/uploads\/2023\/08\/10-8.jpg\" data-elementor-open-lightbox=\"yes\" data-elementor-lightbox-slideshow=\"d30047b\" data-elementor-lightbox-title=\"10\" data-e-action-hash=\"#elementor-action%3Aaction%3Dlightbox%26settings%3DeyJpZCI6ODg3MSwidXJsIjoiaHR0cHM6XC9cL25vcnRobGF0aXR1ZGUuY29tLmFyXC9lbmdsaXNoXC93cC1jb250ZW50XC91cGxvYWRzXC8yMDIzXC8wOFwvMTAtOC5qcGciLCJzbGlkZXNob3ciOiJkMzAwNDdiIn0%3D\">\n\t\t\t\t\t<div class=\"e-gallery-image elementor-gallery-item__image\" data-thumbnail=\"https:\/\/northlatitude.com.ar\/english\/wp-content\/uploads\/2023\/08\/10-8.jpg\" data-width=\"523\" data-height=\"352\" aria-label=\"\" role=\"img\" ><\/div>\n\t\t\t\t\t\t\t\t\t\t\t<div class=\"elementor-gallery-item__overlay\"><\/div>\n\t\t\t\t\t\t\t\t\t\t\t\t\t\t<\/a>\n\t\t\t\t\t\t\t<a class=\"e-gallery-item elementor-gallery-item elementor-animated-content\" href=\"https:\/\/northlatitude.com.ar\/english\/wp-content\/uploads\/2023\/08\/6-9.jpg\" data-elementor-open-lightbox=\"yes\" data-elementor-lightbox-slideshow=\"d30047b\" data-elementor-lightbox-title=\"6\" data-e-action-hash=\"#elementor-action%3Aaction%3Dlightbox%26settings%3DeyJpZCI6ODkwMSwidXJsIjoiaHR0cHM6XC9cL25vcnRobGF0aXR1ZGUuY29tLmFyXC9lbmdsaXNoXC93cC1jb250ZW50XC91cGxvYWRzXC8yMDIzXC8wOFwvNi05LmpwZyIsInNsaWRlc2hvdyI6ImQzMDA0N2IifQ%3D%3D\">\n\t\t\t\t\t<div class=\"e-gallery-image elementor-gallery-item__image\" data-thumbnail=\"https:\/\/northlatitude.com.ar\/english\/wp-content\/uploads\/2023\/08\/6-9.jpg\" data-width=\"523\" data-height=\"352\" aria-label=\"\" role=\"img\" ><\/div>\n\t\t\t\t\t\t\t\t\t\t\t<div class=\"elementor-gallery-item__overlay\"><\/div>\n\t\t\t\t\t\t\t\t\t\t\t\t\t\t<\/a>\n\t\t\t\t\t\t\t<a class=\"e-gallery-item elementor-gallery-item elementor-animated-content\" href=\"https:\/\/northlatitude.com.ar\/english\/wp-content\/uploads\/2023\/08\/7-10.jpg\" data-elementor-open-lightbox=\"yes\" data-elementor-lightbox-slideshow=\"d30047b\" data-elementor-lightbox-title=\"7\" data-e-action-hash=\"#elementor-action%3Aaction%3Dlightbox%26settings%3DeyJpZCI6ODkwMiwidXJsIjoiaHR0cHM6XC9cL25vcnRobGF0aXR1ZGUuY29tLmFyXC9lbmdsaXNoXC93cC1jb250ZW50XC91cGxvYWRzXC8yMDIzXC8wOFwvNy0xMC5qcGciLCJzbGlkZXNob3ciOiJkMzAwNDdiIn0%3D\">\n\t\t\t\t\t<div class=\"e-gallery-image elementor-gallery-item__image\" data-thumbnail=\"https:\/\/northlatitude.com.ar\/english\/wp-content\/uploads\/2023\/08\/7-10.jpg\" data-width=\"523\" data-height=\"352\" aria-label=\"\" role=\"img\" ><\/div>\n\t\t\t\t\t\t\t\t\t\t\t<div class=\"elementor-gallery-item__overlay\"><\/div>\n\t\t\t\t\t\t\t\t\t\t\t\t\t\t<\/a>\n\t\t\t\t\t<\/div>\n\t\t\t\t\t<\/div>\n\t\t\t\t<\/div>\n\t\t\t\t\t<\/div>\n\t\t\t\t<\/div>\n\t\t\t\t<\/div>\n\t\t","protected":false},"excerpt":{"rendered":"<p>INTERNATIONAL INSTRUCTOR AND TRAINER OF SURVIVAL INSTRUCTORS Facebook Youtube Instagram GABRIEL ESQUIVEL INTERNATIONAL INSTRUCTOR AND TRAINER OF INSTRUCTORS En el mes de enero del a\u00f1o 2023, como Director de NORTHLATITUDE recib\u00ed con especial agrado un nuevo t\u00edtulo obtenido, esta vez como \u201cInstructor Internacional y Formador de Instructores de Supervivencia\u201d, otorgado por la ESCUELA INTERNACIONAL DRAGONES [&hellip;]<\/p>\n","protected":false},"author":3,"featured_media":0,"parent":0,"menu_order":0,"comment_status":"closed","ping_status":"closed","template":"elementor_header_footer","meta":{"site-sidebar-layout":"no-sidebar","site-content-layout":"page-builder","ast-site-content-layout":"default","site-content-style":"default","site-sidebar-style":"default","ast-global-header-display":"","ast-banner-title-visibility":"","ast-main-header-display":"","ast-hfb-above-header-display":"","ast-hfb-below-header-display":"","ast-hfb-mobile-header-display":"","site-post-title":"disabled","ast-breadcrumbs-content":"","ast-featured-img":"disabled","footer-sml-layout":"","ast-disable-related-posts":"","theme-transparent-header-meta":"enabled","adv-header-id-meta":"","stick-header-meta":"","header-above-stick-meta":"","header-main-stick-meta":"","header-below-stick-meta":"","astra-migrate-meta-layouts":"default","ast-page-background-enabled":"default","ast-page-background-meta":{"desktop":{"background-color":"","background-image":"","background-repeat":"repeat","background-position":"center center","background-size":"auto","background-attachment":"scroll","background-type":"","background-media":"","overlay-type":"","overlay-color":"","overlay-opacity":"","overlay-gradient":""},"tablet":{"background-color":"","background-image":"","background-repeat":"repeat","background-position":"center center","background-size":"auto","background-attachment":"scroll","background-type":"","background-media":"","overlay-type":"","overlay-color":"","overlay-opacity":"","overlay-gradient":""},"mobile":{"background-color":"","background-image":"","background-repeat":"repeat","background-position":"center center","background-size":"auto","background-attachment":"scroll","background-type":"","background-media":"","overlay-type":"","overlay-color":"","overlay-opacity":"","overlay-gradient":""}},"ast-content-background-meta":{"desktop":{"background-color":"var(--ast-global-color-5)","background-image":"","background-repeat":"repeat","background-position":"center center","background-size":"auto","background-attachment":"scroll","background-type":"","background-media":"","overlay-type":"","overlay-color":"","overlay-opacity":"","overlay-gradient":""},"tablet":{"background-color":"var(--ast-global-color-5)","background-image":"","background-repeat":"repeat","background-position":"center center","background-size":"auto","background-attachment":"scroll","background-type":"","background-media":"","overlay-type":"","overlay-color":"","overlay-opacity":"","overlay-gradient":""},"mobile":{"background-color":"var(--ast-global-color-5)","background-image":"","background-repeat":"repeat","background-position":"center center","background-size":"auto","background-attachment":"scroll","background-type":"","background-media":"","overlay-type":"","overlay-color":"","overlay-opacity":"","overlay-gradient":""}},"footnotes":""},"class_list":["post-3028","page","type-page","status-publish","hentry"],"_links":{"self":[{"href":"https:\/\/northlatitude.com.ar\/english\/wp-json\/wp\/v2\/pages\/3028","targetHints":{"allow":["GET"]}}],"collection":[{"href":"https:\/\/northlatitude.com.ar\/english\/wp-json\/wp\/v2\/pages"}],"about":[{"href":"https:\/\/northlatitude.com.ar\/english\/wp-json\/wp\/v2\/types\/page"}],"author":[{"embeddable":true,"href":"https:\/\/northlatitude.com.ar\/english\/wp-json\/wp\/v2\/users\/3"}],"replies":[{"embeddable":true,"href":"https:\/\/northlatitude.com.ar\/english\/wp-json\/wp\/v2\/comments?post=3028"}],"version-history":[{"count":2,"href":"https:\/\/northlatitude.com.ar\/english\/wp-json\/wp\/v2\/pages\/3028\/revisions"}],"predecessor-version":[{"id":15928,"href":"https:\/\/northlatitude.com.ar\/english\/wp-json\/wp\/v2\/pages\/3028\/revisions\/15928"}],"wp:attachment":[{"href":"https:\/\/northlatitude.com.ar\/english\/wp-json\/wp\/v2\/media?parent=3028"}],"curies":[{"name":"wp","href":"https:\/\/api.w.org\/{rel}","templated":true}]}}