{"id":3060,"date":"2023-04-29T04:49:56","date_gmt":"2023-04-29T04:49:56","guid":{"rendered":"http:\/\/northlatitude.com.ar\/english\/?page_id=3060"},"modified":"2026-03-30T02:57:52","modified_gmt":"2026-03-30T05:57:52","slug":"alianza-internacional-empresarial","status":"publish","type":"page","link":"https:\/\/northlatitude.com.ar\/english\/alianza-internacional-empresarial\/","title":{"rendered":"Alianza Internacional"},"content":{"rendered":"\t\t<div data-elementor-type=\"wp-post\" data-elementor-id=\"3060\" class=\"elementor elementor-3060\" data-elementor-post-type=\"page\">\n\t\t\t\t<div class=\"elementor-element elementor-element-fbab29c e-flex e-con-boxed e-con e-parent\" data-id=\"fbab29c\" data-element_type=\"container\" data-e-type=\"container\" data-settings=\"{&quot;background_background&quot;:&quot;classic&quot;}\">\n\t\t\t\t\t<div class=\"e-con-inner\">\n\t\t\t\t<div class=\"elementor-element elementor-element-a26b659 elementor-invisible elementor-widget elementor-widget-heading\" data-id=\"a26b659\" data-element_type=\"widget\" data-e-type=\"widget\" data-settings=\"{&quot;_animation&quot;:&quot;fadeInDown&quot;}\" data-widget_type=\"heading.default\">\n\t\t\t\t\t<h1 class=\"elementor-heading-title elementor-size-default\">International Business Alliance<\/h1>\t\t\t\t<\/div>\n\t\t\t\t<div class=\"elementor-element elementor-element-a48791d elementor-shape-circle e-grid-align-mobile-left elementor-grid-mobile-3 elementor-grid-0 e-grid-align-center elementor-widget elementor-widget-social-icons\" data-id=\"a48791d\" data-element_type=\"widget\" data-e-type=\"widget\" data-widget_type=\"social-icons.default\">\n\t\t\t\t\t\t\t<div class=\"elementor-social-icons-wrapper elementor-grid\" role=\"list\">\n\t\t\t\t\t\t\t<span class=\"elementor-grid-item\" role=\"listitem\">\n\t\t\t\t\t<a class=\"elementor-icon elementor-social-icon elementor-social-icon-facebook elementor-repeater-item-57fe014\" href=\"https:\/\/www.facebook.com\/gabriel.esquivel.169\" target=\"_blank\">\n\t\t\t\t\t\t<span class=\"elementor-screen-only\">Facebook<\/span>\n\t\t\t\t\t\t<i aria-hidden=\"true\" class=\"fab fa-facebook\"><\/i>\t\t\t\t\t<\/a>\n\t\t\t\t<\/span>\n\t\t\t\t\t\t\t<span class=\"elementor-grid-item\" role=\"listitem\">\n\t\t\t\t\t<a class=\"elementor-icon elementor-social-icon elementor-social-icon-youtube elementor-repeater-item-5e4a996\" href=\"https:\/\/www.youtube.com\/@navegantexplorer\" target=\"_blank\">\n\t\t\t\t\t\t<span class=\"elementor-screen-only\">Youtube<\/span>\n\t\t\t\t\t\t<i aria-hidden=\"true\" class=\"fab fa-youtube\"><\/i>\t\t\t\t\t<\/a>\n\t\t\t\t<\/span>\n\t\t\t\t\t\t\t<span class=\"elementor-grid-item\" role=\"listitem\">\n\t\t\t\t\t<a class=\"elementor-icon elementor-social-icon elementor-social-icon-instagram elementor-repeater-item-f7fc46c\" href=\"https:\/\/www.instagram.com\/supervivencia_northlatitude\/\" target=\"_blank\">\n\t\t\t\t\t\t<span class=\"elementor-screen-only\">Instagram<\/span>\n\t\t\t\t\t\t<i aria-hidden=\"true\" class=\"fab fa-instagram\"><\/i>\t\t\t\t\t<\/a>\n\t\t\t\t<\/span>\n\t\t\t\t\t<\/div>\n\t\t\t\t\t\t<\/div>\n\t\t\t\t\t<\/div>\n\t\t\t\t<\/div>\n\t\t<div class=\"elementor-element elementor-element-48b1485 e-flex e-con-boxed e-con e-parent\" data-id=\"48b1485\" data-element_type=\"container\" data-e-type=\"container\">\n\t\t\t\t\t<div class=\"e-con-inner\">\n\t\t<div class=\"elementor-element elementor-element-e4213ef e-con-full e-flex e-con e-child\" data-id=\"e4213ef\" data-element_type=\"container\" data-e-type=\"container\">\n\t\t\t\t<div class=\"elementor-element elementor-element-c81a29c elementor-invisible elementor-widget elementor-widget-heading\" data-id=\"c81a29c\" data-element_type=\"widget\" data-e-type=\"widget\" data-settings=\"{&quot;_animation&quot;:&quot;fadeInLeft&quot;}\" data-widget_type=\"heading.default\">\n\t\t\t\t\t<h2 class=\"elementor-heading-title elementor-size-large\">INTERNATIONAL BUSINESS STRATEGIC ALLIANCE BETWEEN ARGENTINA AND COLOMBIA <\/h2>\t\t\t\t<\/div>\n\t\t\t\t<div class=\"elementor-element elementor-element-f86c3c9 elementor-widget elementor-widget-text-editor\" data-id=\"f86c3c9\" data-element_type=\"widget\" data-e-type=\"widget\" data-widget_type=\"text-editor.default\">\n\t\t\t\t\t\t\t\t\t<p>Es de agrado informarles que el d\u00eda 11 de febrero del a\u00f1o 2019, <strong>NORTHLATITUDE (C.A.C.E.N) Centro Argentino de Capacitaci\u00f3n y Entrenamiento Nacional e Internacional<\/strong> y las autoridades de la <strong>Escuela Internacional DRAGONES DEL GOLFO<\/strong>, bajo el NIT 900865308-1, se hace constar que NORTHLATITUDE cumpli\u00f3 satisfactoriamente con los requisitos para mantener una Alianza Empresarial y Representaci\u00f3n Educativa con la mencionada escuela, siendo ello que ambos mantienen un lazo comercial para dictar cursos en Colombia, Argentina y otros pa\u00edses.<\/p><p>Asimismo, en virtud de la mencionada Alianza comercial estrat\u00e9gica, Gabriel Esquivel, Fundador y CEO Director de NORTHLATITUDE, no solo dict\u00f3 el curso internacional <strong>DESAF\u00cdO SUPERVIVENCIA COLOMBIA<\/strong> en el a\u00f1o 2019 en el Desierto de la Tatacoa de Colombia sino que ese mismo a\u00f1o y en el verano del a\u00f1o 2020, se instruy\u00f3 dos veces como \u00abInstructor de Supervivencia en Zonas Agrestes Nivel B\u00e1sico\u201d y de \u201cB\u00fasqueda y Rastreo\u00bb y como \u00abInstructor Internacional y Formador de Instructores de Supervivencia\u00bb en la escuela Colombiana, habiendo cursado una intensidad acad\u00e9mica de 159 hs. te\u00f3rico-pr\u00e1cticas para la primera capacitaci\u00f3n y posteriormente, 200 hs. te\u00f3rico-pr\u00e1cticas para la segunda capacitaci\u00f3n, con entrenamiento en jungla de Colombia.<\/p><p>Por ello, en NORTHLATITUDE nos satisface transmitirles que las capacitaciones que brindamos no solo alcanzan puntos distantes de otros pa\u00edses para brindar nuestro servicio profesional, sino que la formaci\u00f3n internacional adquirida por el Director de Northlatitude, permite brindar una vez m\u00e1s una mayor calidad en materia de formaci\u00f3n de futuros alumnos por medio de cursos a dictarse en idiomas espa\u00f1ol e ingl\u00e9s. Desde el mes de enero del a\u00f1o 2005 NORTHLATITUDE no solo ha dictado cursos de Supervivencia para Zonas Extremas y Orientaci\u00f3n\/GPS en Argentina, Buenos Aires y otras provincias que incluyen a la Patagonia Argentina sino que Gabriel Esquivel realiz\u00f3 capacitaciones y entrenamientos en Estados Unidos, M\u00e9xico, Holanda, Colombia, Ecuador y Per\u00fa en idioma espa\u00f1ol e ingl\u00e9s y ha adquirido mucha experiencia para brindar capacitaciones e instruirse con el objetivo de optimizar recursos en materia de ense\u00f1anza a futuros alumnos y ello nos complace mucho porque la seriedad que nos precede se encuentra enmarcada para ense\u00f1ar y profesionalizar a aquellos alumnos que nos seleccionen para instruirlos.<\/p><p>Por ello:<\/p><p><strong>Certificaciones de cursos<\/strong><\/p><p>Al finalizar el curso internacional, cada participante recibir\u00e1 un (1) certificado de reconocimiento internacional donde consta lo siguiente: Curso de SUPERVIVENCIA para ZONAS EXTREMAS con nociones de Primeros Auxilios, Orientaci\u00f3n y Navegaci\u00f3n Terrestre (Nivel I \u2013 Inicial, Nivel II &#8211; Intermedio, Nivel II &#8211; Avanzado y Nivel IV &#8211; Intensivo) y para los cursos de ORIENTACION, NAVEGACION TERRESTRE y GPS (Nivel Intensivo), en los cuales constan los nombres\/s, apellido\/s y n\u00famero de documento de identidad de cada participante.<\/p><p>Las certificaciones poseen el reconocimiento y aval internacional de la Escuela Internacional DRAGONES DEL GOLFO de Colombia y de NORTHLATITUDE de Argentina, de la cual el Director de NORTHLATITUDE es Instructor de ambas escuelas. La mencionada Escuela Internacional de Colombia se encuentra identificada con el NIT 900865308- de la Secretar\u00eda de Educaci\u00f3n Municipal de Neiva de Colombia, cumpliendo con los requisitos establecidos en el Art\u00edculo 5.8 del Decreto 4904 de 2009 y en Art\u00edculo 64 del Decreto Municipal 870 de 2011 y poseen la licencia 0773-2020.<\/p><p>En los certificados de curso que cada alumno recibe se reflejan los logos de NORTHLATITUDE de Argentina, de la Escuela Internacional DRAGONES DEL GOLFO de Colombia y los de Gabriel Esquivel como Director e Instructor Internacional de Supervivencia y son firmados por los siguientes instructores como se indica a continuaci\u00f3n:<\/p><p>Gabriel Esquivel<br \/>Director de NORTHLATITUDE.<br \/>Instructor de Supervivencia y Asesor T\u00e9cnico Cadena Internacional DISCOVERY CHANNEL 2015, 2017 y 2018 en Argentina.<br \/>Instructor Internacional y Formador de Instructores de Supervivencia de la Escuela Internacional DRAGONES DEL GOLFO de Colombia.<br \/>Instructor de Supervivencia en Zonas Agrestes Nivel B\u00e1sico y de B\u00fasqueda y Rastreo de la Escuela Internacional DRAGONES DEL GOLFO de Colombia.<\/p><p>Leonardo Malvasio<br \/>Instructor de Primeros Auxilios de la Cruz Roja Argentina.<\/p><p>Marcelo Carvajal<br \/>Socorrista de la Cruz Roja Argentina y SEC Socorrismo.<\/p>\t\t\t\t\t\t\t\t<\/div>\n\t\t\t\t<div class=\"elementor-element elementor-element-4d7970d elementor-widget elementor-widget-image\" data-id=\"4d7970d\" data-element_type=\"widget\" data-e-type=\"widget\" data-widget_type=\"image.default\">\n\t\t\t\t\t\t\t\t\t\t\t\t\t\t\t\t<a href=\"https:\/\/northlatitude.com.ar\/english\/wp-content\/uploads\/2023\/05\/Alianza-Empresarial-Emerhuil-1.jpg\" data-elementor-open-lightbox=\"yes\" data-elementor-lightbox-title=\"Alianza Empresarial Emerhuil\" data-e-action-hash=\"#elementor-action%3Aaction%3Dlightbox%26settings%3DeyJpZCI6NjA4NywidXJsIjoiaHR0cHM6XC9cL25vcnRobGF0aXR1ZGUuY29tLmFyXC9lbmdsaXNoXC93cC1jb250ZW50XC91cGxvYWRzXC8yMDIzXC8wNVwvQWxpYW56YS1FbXByZXNhcmlhbC1FbWVyaHVpbC0xLmpwZyJ9\">\n\t\t\t\t\t\t\t<img fetchpriority=\"high\" decoding=\"async\" width=\"768\" height=\"472\" src=\"https:\/\/northlatitude.com.ar\/english\/wp-content\/uploads\/2023\/05\/Alianza-Empresarial-Emerhuil-1-768x472.jpg\" class=\"attachment-medium_large size-medium_large wp-image-6087\" alt=\"\" srcset=\"https:\/\/northlatitude.com.ar\/english\/wp-content\/uploads\/2023\/05\/Alianza-Empresarial-Emerhuil-1-768x472.jpg 768w, https:\/\/northlatitude.com.ar\/english\/wp-content\/uploads\/2023\/05\/Alianza-Empresarial-Emerhuil-1-300x184.jpg 300w, https:\/\/northlatitude.com.ar\/english\/wp-content\/uploads\/2023\/05\/Alianza-Empresarial-Emerhuil-1-1024x629.jpg 1024w, https:\/\/northlatitude.com.ar\/english\/wp-content\/uploads\/2023\/05\/Alianza-Empresarial-Emerhuil-1-1536x944.jpg 1536w, https:\/\/northlatitude.com.ar\/english\/wp-content\/uploads\/2023\/05\/Alianza-Empresarial-Emerhuil-1.jpg 1600w\" sizes=\"(max-width: 768px) 100vw, 768px\" loading=\"eager\" \/>\t\t\t\t\t\t\t\t<\/a>\n\t\t\t\t\t\t\t\t\t\t\t\t\t\t\t<\/div>\n\t\t\t\t<\/div>\n\t\t\t\t\t<\/div>\n\t\t\t\t<\/div>\n\t\t\t\t<\/div>\n\t\t","protected":false},"excerpt":{"rendered":"<p>International Business Alliance Facebook Youtube Instagram INTERNATIONAL BUSINESS STRATEGIC ALLIANCE BETWEEN ARGENTINA AND COLOMBIA Es de agrado informarles que el d\u00eda 11 de febrero del a\u00f1o 2019, NORTHLATITUDE (C.A.C.E.N) Centro Argentino de Capacitaci\u00f3n y Entrenamiento Nacional e Internacional y las autoridades de la Escuela Internacional DRAGONES DEL GOLFO, bajo el NIT 900865308-1, se hace constar [&hellip;]<\/p>\n","protected":false},"author":3,"featured_media":0,"parent":0,"menu_order":0,"comment_status":"closed","ping_status":"closed","template":"elementor_header_footer","meta":{"site-sidebar-layout":"no-sidebar","site-content-layout":"page-builder","ast-site-content-layout":"default","site-content-style":"default","site-sidebar-style":"default","ast-global-header-display":"","ast-banner-title-visibility":"","ast-main-header-display":"","ast-hfb-above-header-display":"","ast-hfb-below-header-display":"","ast-hfb-mobile-header-display":"","site-post-title":"disabled","ast-breadcrumbs-content":"","ast-featured-img":"disabled","footer-sml-layout":"","ast-disable-related-posts":"","theme-transparent-header-meta":"enabled","adv-header-id-meta":"","stick-header-meta":"","header-above-stick-meta":"","header-main-stick-meta":"","header-below-stick-meta":"","astra-migrate-meta-layouts":"default","ast-page-background-enabled":"default","ast-page-background-meta":{"desktop":{"background-color":"","background-image":"","background-repeat":"repeat","background-position":"center center","background-size":"auto","background-attachment":"scroll","background-type":"","background-media":"","overlay-type":"","overlay-color":"","overlay-opacity":"","overlay-gradient":""},"tablet":{"background-color":"","background-image":"","background-repeat":"repeat","background-position":"center center","background-size":"auto","background-attachment":"scroll","background-type":"","background-media":"","overlay-type":"","overlay-color":"","overlay-opacity":"","overlay-gradient":""},"mobile":{"background-color":"","background-image":"","background-repeat":"repeat","background-position":"center center","background-size":"auto","background-attachment":"scroll","background-type":"","background-media":"","overlay-type":"","overlay-color":"","overlay-opacity":"","overlay-gradient":""}},"ast-content-background-meta":{"desktop":{"background-color":"var(--ast-global-color-5)","background-image":"","background-repeat":"repeat","background-position":"center center","background-size":"auto","background-attachment":"scroll","background-type":"","background-media":"","overlay-type":"","overlay-color":"","overlay-opacity":"","overlay-gradient":""},"tablet":{"background-color":"var(--ast-global-color-5)","background-image":"","background-repeat":"repeat","background-position":"center center","background-size":"auto","background-attachment":"scroll","background-type":"","background-media":"","overlay-type":"","overlay-color":"","overlay-opacity":"","overlay-gradient":""},"mobile":{"background-color":"var(--ast-global-color-5)","background-image":"","background-repeat":"repeat","background-position":"center center","background-size":"auto","background-attachment":"scroll","background-type":"","background-media":"","overlay-type":"","overlay-color":"","overlay-opacity":"","overlay-gradient":""}},"footnotes":""},"class_list":["post-3060","page","type-page","status-publish","hentry"],"_links":{"self":[{"href":"https:\/\/northlatitude.com.ar\/english\/wp-json\/wp\/v2\/pages\/3060","targetHints":{"allow":["GET"]}}],"collection":[{"href":"https:\/\/northlatitude.com.ar\/english\/wp-json\/wp\/v2\/pages"}],"about":[{"href":"https:\/\/northlatitude.com.ar\/english\/wp-json\/wp\/v2\/types\/page"}],"author":[{"embeddable":true,"href":"https:\/\/northlatitude.com.ar\/english\/wp-json\/wp\/v2\/users\/3"}],"replies":[{"embeddable":true,"href":"https:\/\/northlatitude.com.ar\/english\/wp-json\/wp\/v2\/comments?post=3060"}],"version-history":[{"count":2,"href":"https:\/\/northlatitude.com.ar\/english\/wp-json\/wp\/v2\/pages\/3060\/revisions"}],"predecessor-version":[{"id":15976,"href":"https:\/\/northlatitude.com.ar\/english\/wp-json\/wp\/v2\/pages\/3060\/revisions\/15976"}],"wp:attachment":[{"href":"https:\/\/northlatitude.com.ar\/english\/wp-json\/wp\/v2\/media?parent=3060"}],"curies":[{"name":"wp","href":"https:\/\/api.w.org\/{rel}","templated":true}]}}