{"id":3758,"date":"2023-05-03T01:23:07","date_gmt":"2023-05-03T01:23:07","guid":{"rendered":"http:\/\/northlatitude.com.ar\/english\/?page_id=3758"},"modified":"2026-03-25T14:59:13","modified_gmt":"2026-03-25T17:59:13","slug":"listado-de-equipo-para-los-cursos","status":"publish","type":"page","link":"https:\/\/northlatitude.com.ar\/english\/listado-de-equipo-para-los-cursos\/","title":{"rendered":"Listado equipo cursos"},"content":{"rendered":"\t\t<div data-elementor-type=\"wp-post\" data-elementor-id=\"3758\" class=\"elementor elementor-3758\" data-elementor-post-type=\"page\">\n\t\t\t\t\t\t<section class=\"elementor-section elementor-top-section elementor-element elementor-element-3906703 elementor-section-full_width elementor-section-height-default elementor-section-height-default\" data-id=\"3906703\" data-element_type=\"section\" data-e-type=\"section\" data-settings=\"{&quot;background_background&quot;:&quot;classic&quot;}\">\n\t\t\t\t\t\t\t<div class=\"elementor-background-overlay\"><\/div>\n\t\t\t\t\t\t\t<div class=\"elementor-container elementor-column-gap-default\">\n\t\t\t\t\t<div class=\"elementor-column elementor-col-100 elementor-top-column elementor-element elementor-element-24c9f1f\" data-id=\"24c9f1f\" data-element_type=\"column\" data-e-type=\"column\">\n\t\t\t<div class=\"elementor-widget-wrap elementor-element-populated\">\n\t\t\t\t\t\t<div class=\"elementor-element elementor-element-a5e247a elementor-invisible elementor-widget elementor-widget-heading\" data-id=\"a5e247a\" data-element_type=\"widget\" data-e-type=\"widget\" data-settings=\"{&quot;_animation&quot;:&quot;fadeInDown&quot;}\" data-widget_type=\"heading.default\">\n\t\t\t\t\t<h1 class=\"elementor-heading-title elementor-size-default\">Gear List For Courses<\/h1>\t\t\t\t<\/div>\n\t\t\t\t<div class=\"elementor-element elementor-element-0332cbe elementor-shape-circle e-grid-align-mobile-center elementor-grid-mobile-3 elementor-grid-0 e-grid-align-center elementor-widget elementor-widget-social-icons\" data-id=\"0332cbe\" data-element_type=\"widget\" data-e-type=\"widget\" data-widget_type=\"social-icons.default\">\n\t\t\t\t\t\t\t<div class=\"elementor-social-icons-wrapper elementor-grid\" role=\"list\">\n\t\t\t\t\t\t\t<span class=\"elementor-grid-item\" role=\"listitem\">\n\t\t\t\t\t<a class=\"elementor-icon elementor-social-icon elementor-social-icon-facebook elementor-repeater-item-57fe014\" href=\"https:\/\/www.facebook.com\/gabriel.esquivel.169\" target=\"_blank\">\n\t\t\t\t\t\t<span class=\"elementor-screen-only\">Facebook<\/span>\n\t\t\t\t\t\t<i aria-hidden=\"true\" class=\"fab fa-facebook\"><\/i>\t\t\t\t\t<\/a>\n\t\t\t\t<\/span>\n\t\t\t\t\t\t\t<span class=\"elementor-grid-item\" role=\"listitem\">\n\t\t\t\t\t<a class=\"elementor-icon elementor-social-icon elementor-social-icon-youtube elementor-repeater-item-5e4a996\" href=\"https:\/\/www.youtube.com\/@navegantexplorer\" target=\"_blank\">\n\t\t\t\t\t\t<span class=\"elementor-screen-only\">Youtube<\/span>\n\t\t\t\t\t\t<i aria-hidden=\"true\" class=\"fab fa-youtube\"><\/i>\t\t\t\t\t<\/a>\n\t\t\t\t<\/span>\n\t\t\t\t\t\t\t<span class=\"elementor-grid-item\" role=\"listitem\">\n\t\t\t\t\t<a class=\"elementor-icon elementor-social-icon elementor-social-icon-instagram elementor-repeater-item-f7fc46c\" href=\"https:\/\/www.instagram.com\/supervivencia_northlatitude\/\" target=\"_blank\">\n\t\t\t\t\t\t<span class=\"elementor-screen-only\">Instagram<\/span>\n\t\t\t\t\t\t<i aria-hidden=\"true\" class=\"fab fa-instagram\"><\/i>\t\t\t\t\t<\/a>\n\t\t\t\t<\/span>\n\t\t\t\t\t<\/div>\n\t\t\t\t\t\t<\/div>\n\t\t\t\t\t<\/div>\n\t\t<\/div>\n\t\t\t\t\t<\/div>\n\t\t<\/section>\n\t\t\t\t<section class=\"elementor-section elementor-top-section elementor-element elementor-element-34cbd81 elementor-section-boxed elementor-section-height-default elementor-section-height-default\" data-id=\"34cbd81\" data-element_type=\"section\" data-e-type=\"section\" data-settings=\"{&quot;background_background&quot;:&quot;classic&quot;}\">\n\t\t\t\t\t\t<div class=\"elementor-container elementor-column-gap-default\">\n\t\t\t\t\t<div class=\"elementor-column elementor-col-100 elementor-top-column elementor-element elementor-element-ae29619\" data-id=\"ae29619\" data-element_type=\"column\" data-e-type=\"column\">\n\t\t\t<div class=\"elementor-widget-wrap elementor-element-populated\">\n\t\t\t\t\t\t<div class=\"elementor-element elementor-element-ddb9f0e elementor-invisible elementor-widget elementor-widget-heading\" data-id=\"ddb9f0e\" data-element_type=\"widget\" data-e-type=\"widget\" data-settings=\"{&quot;_animation&quot;:&quot;fadeInLeft&quot;}\" data-widget_type=\"heading.default\">\n\t\t\t\t\t<h2 class=\"elementor-heading-title elementor-size-large\">required equipment for the survival and orientation courses<\/h2>\t\t\t\t<\/div>\n\t\t\t\t<section class=\"elementor-section elementor-inner-section elementor-element elementor-element-362d3ab elementor-section-boxed elementor-section-height-default elementor-section-height-default\" data-id=\"362d3ab\" data-element_type=\"section\" data-e-type=\"section\">\n\t\t\t\t\t\t<div class=\"elementor-container elementor-column-gap-default\">\n\t\t\t\t\t<div class=\"elementor-column elementor-col-50 elementor-inner-column elementor-element elementor-element-2d70b02\" data-id=\"2d70b02\" data-element_type=\"column\" data-e-type=\"column\">\n\t\t\t<div class=\"elementor-widget-wrap elementor-element-populated\">\n\t\t\t\t\t\t<div class=\"elementor-element elementor-element-dedbd72 elementor-align-right elementor-widget elementor-widget-button\" data-id=\"dedbd72\" data-element_type=\"widget\" data-e-type=\"widget\" data-widget_type=\"button.default\">\n\t\t\t\t\t\t\t\t\t\t<a class=\"elementor-button elementor-button-link elementor-size-sm\" href=\"#survival\">\n\t\t\t\t\t\t<span class=\"elementor-button-content-wrapper\">\n\t\t\t\t\t\t\t\t\t<span class=\"elementor-button-text\">Survival courses<\/span>\n\t\t\t\t\t<\/span>\n\t\t\t\t\t<\/a>\n\t\t\t\t\t\t\t\t<\/div>\n\t\t\t\t\t<\/div>\n\t\t<\/div>\n\t\t\t\t<div class=\"elementor-column elementor-col-50 elementor-inner-column elementor-element elementor-element-dec8c99\" data-id=\"dec8c99\" data-element_type=\"column\" data-e-type=\"column\">\n\t\t\t<div class=\"elementor-widget-wrap elementor-element-populated\">\n\t\t\t\t\t\t<div class=\"elementor-element elementor-element-aae5427 elementor-align-left elementor-widget elementor-widget-button\" data-id=\"aae5427\" data-element_type=\"widget\" data-e-type=\"widget\" data-widget_type=\"button.default\">\n\t\t\t\t\t\t\t\t\t\t<a class=\"elementor-button elementor-button-link elementor-size-sm\" href=\"#orientation\">\n\t\t\t\t\t\t<span class=\"elementor-button-content-wrapper\">\n\t\t\t\t\t\t\t\t\t<span class=\"elementor-button-text\">Orientation courses<\/span>\n\t\t\t\t\t<\/span>\n\t\t\t\t\t<\/a>\n\t\t\t\t\t\t\t\t<\/div>\n\t\t\t\t\t<\/div>\n\t\t<\/div>\n\t\t\t\t\t<\/div>\n\t\t<\/section>\n\t\t\t\t<section class=\"elementor-section elementor-inner-section elementor-element elementor-element-d76bf6c elementor-section-boxed elementor-section-height-default elementor-section-height-default\" data-id=\"d76bf6c\" data-element_type=\"section\" data-e-type=\"section\" id=\"orientation\">\n\t\t\t\t\t\t<div class=\"elementor-container elementor-column-gap-default\">\n\t\t\t\t\t<div class=\"elementor-column elementor-col-100 elementor-inner-column elementor-element elementor-element-b7b9a30\" data-id=\"b7b9a30\" data-element_type=\"column\" data-e-type=\"column\">\n\t\t\t<div class=\"elementor-widget-wrap elementor-element-populated\">\n\t\t\t\t\t\t<div class=\"elementor-element elementor-element-cbaa2ea e-transform elementor-invisible elementor-widget elementor-widget-text-editor\" data-id=\"cbaa2ea\" data-element_type=\"widget\" data-e-type=\"widget\" data-settings=\"{&quot;_animation&quot;:&quot;fadeInUp&quot;,&quot;_transform_rotateZ_effect&quot;:{&quot;unit&quot;:&quot;px&quot;,&quot;size&quot;:&quot;&quot;,&quot;sizes&quot;:[]},&quot;_transform_rotateZ_effect_tablet&quot;:{&quot;unit&quot;:&quot;deg&quot;,&quot;size&quot;:&quot;&quot;,&quot;sizes&quot;:[]},&quot;_transform_rotateZ_effect_mobile&quot;:{&quot;unit&quot;:&quot;deg&quot;,&quot;size&quot;:&quot;&quot;,&quot;sizes&quot;:[]}}\" data-widget_type=\"text-editor.default\">\n\t\t\t\t\t\t\t\t\t<p><strong>List of items required for the Orientation, Land Navigation and GPS courses<\/strong><\/p><ul><li><span style=\"font-style: inherit; font-weight: inherit; color: var(--ast-global-color-3);\">Birome y anotador.<\/span><\/li><li><span style=\"font-style: inherit; font-weight: inherit; color: var(--ast-global-color-3);\">Una (1) regla transparente de 30 cms.<\/span><\/li><li><span style=\"font-style: inherit; font-weight: inherit; color: var(--ast-global-color-3);\">Un (1) transportador circular transparente de 360 grados.<\/span><\/li><li><span style=\"font-style: inherit; font-weight: inherit; color: var(--ast-global-color-3);\">Una (1) calculadora.<\/span><\/li><li><span style=\"color: var(--ast-global-color-3); font-style: inherit; font-weight: inherit;\">Br\u00fajula y Navegador <\/span>Satelital GPS (es optativo, si disponen de uno o ambos, pueden llevarlo al curso).<\/li><li>Vestimenta y calzado acorde a la actividad a realizar en la naturaleza.<\/li><li>Una (1) mochila para llevar sus pertenencias.<\/li><li>Una (1) linterna frontal.<\/li><li>Otros (consultar).<\/li><\/ul>\t\t\t\t\t\t\t\t<\/div>\n\t\t\t\t\t<\/div>\n\t\t<\/div>\n\t\t\t\t\t<\/div>\n\t\t<\/section>\n\t\t\t\t<div class=\"elementor-element elementor-element-88c3637 elementor-widget-divider--view-line elementor-widget elementor-widget-divider\" data-id=\"88c3637\" data-element_type=\"widget\" data-e-type=\"widget\" data-widget_type=\"divider.default\">\n\t\t\t\t\t\t\t<div class=\"elementor-divider\">\n\t\t\t<span class=\"elementor-divider-separator\">\n\t\t\t\t\t\t<\/span>\n\t\t<\/div>\n\t\t\t\t\t\t<\/div>\n\t\t\t\t<section class=\"elementor-section elementor-inner-section elementor-element elementor-element-7149832 elementor-section-boxed elementor-section-height-default elementor-section-height-default\" data-id=\"7149832\" data-element_type=\"section\" data-e-type=\"section\" id=\"survival\">\n\t\t\t\t\t\t<div class=\"elementor-container elementor-column-gap-default\">\n\t\t\t\t\t<div class=\"elementor-column elementor-col-100 elementor-inner-column elementor-element elementor-element-a02105c\" data-id=\"a02105c\" data-element_type=\"column\" data-e-type=\"column\">\n\t\t\t<div class=\"elementor-widget-wrap elementor-element-populated\">\n\t\t\t\t\t\t<div class=\"elementor-element elementor-element-d65b1d4 e-transform elementor-invisible elementor-widget elementor-widget-text-editor\" data-id=\"d65b1d4\" data-element_type=\"widget\" data-e-type=\"widget\" data-settings=\"{&quot;_animation&quot;:&quot;fadeInUp&quot;,&quot;_transform_rotateZ_effect&quot;:{&quot;unit&quot;:&quot;px&quot;,&quot;size&quot;:&quot;&quot;,&quot;sizes&quot;:[]},&quot;_transform_rotateZ_effect_tablet&quot;:{&quot;unit&quot;:&quot;deg&quot;,&quot;size&quot;:&quot;&quot;,&quot;sizes&quot;:[]},&quot;_transform_rotateZ_effect_mobile&quot;:{&quot;unit&quot;:&quot;deg&quot;,&quot;size&quot;:&quot;&quot;,&quot;sizes&quot;:[]}}\" data-widget_type=\"text-editor.default\">\n\t\t\t\t\t\t\t\t\t<p><strong>List of items required for the SURVIVAL for EXTREME ENVIRONMENTS courses<\/strong><\/p><p>El presente listado ha sido ideado con el objetivo de preparar un equipo b\u00e1sico individual para llevarlo y utilizarlo en una pr\u00e1ctica a desarrollarse integralmente en un terreno de caracter\u00edsticas agreste y hostil. Es imprescindible entender que al ser un curso de supervivencia, una de las finalidades es que al momento de iniciarse la pr\u00e1ctica en la naturaleza, los participantes e instructor deben ingresar a ese lugar solo dependiendo de aquellos equipos b\u00e1sicos que forman parte un equipo personal que se les requiere porque al momento de ingresar a la naturaleza y ser parte, deber\u00e1n valerse de sus propias habilidades y de los recursos que la naturaleza ofrece en beneficio propio y del grupo en que forman parte para aplicar precisamente, t\u00e9cnicas de supervivencia vinculadas a la construcci\u00f3n de camillas de heridos, buscar agua y alimentos, se\u00f1alizar un lugar, buscar le\u00f1a, hacer fuego, entre otros.<\/p><p>En las pr\u00e1cticas de los cursos no se requiere llevar un kit de supervivencia ya preparado de antemano de la ciudad sino que, la idea es ingresar con los equipos b\u00e1sicos que se les requiere para que una vez en el terreno, comiencen a adaptarse a la naturaleza y obtener recursos de la misma para, por ejemplo, preparar un campamento de supervivencia, conseguir agua potable, obtener alimentos de origen vegetal o animal aptos para el consumo humano, conseguir madera para le\u00f1a y hacer fuego, construir arcos, flechas, lanzas, balsas de supervivencia, saber orientarse de d\u00eda y de noche, entre otras t\u00e9cnicas.<\/p><p><strong>Elementos Obligatorios<\/strong><\/p><ul><li>Una (1) mochila con capacidad para llevar los elementos personales propios (consultar).<\/li><li><span style=\"color: var(--ast-global-color-3); font-style: inherit; font-weight: inherit;\">Un (1) sombrero de jungla o monte, gorra, etc (consultar).<\/span><\/li><li><span style=\"font-style: inherit; font-weight: inherit; color: var(--ast-global-color-3);\">Vestimenta apta y c\u00f3moda para realizar actividades en la naturaleza debiendo tener en cuenta el tiempo de duraci\u00f3n del curso (se debe tener presente la estaci\u00f3n del a\u00f1o y el pron\u00f3stico del clima donde pueden llevar abrigo y\/o impermeable de acuerdo a las condiciones meteorol\u00f3gicas).<\/span><\/li><li>Una (1) muda de ropa extra (v\u00e1lido para el curso de Nivel II &#8211; Intermedio) porque realizar\u00e1n pr\u00e1cticas en agua.\u00a0<\/li><li><span style=\"font-style: inherit; font-weight: inherit; color: var(--ast-global-color-3);\">Un (1) par de guantes del tipo jardinero que pueden adquirirse en ferreter\u00edas (consultar).<\/span><\/li><li><span style=\"font-style: inherit; font-weight: inherit; color: var(--ast-global-color-3);\">Calzado id\u00f3neo y c\u00f3modo como zapatillas, botas de trekking u otro similar para desplazarse en\u00a0 la naturaleza.<\/span><\/li><li><span style=\"color: var(--ast-global-color-3); font-style: inherit; font-weight: inherit;\">Un (1) par de medias (se puede optar llevar dos pares para recambio).<\/span><\/li><li><span style=\"font-style: inherit; font-weight: inherit; color: var(--ast-global-color-3);\">Unas (1) antiparras o similar para desplazarse en medio de la vegetaci\u00f3n (pueden adquirirse en ferreter\u00edas).<\/span><\/li><li><span style=\"font-style: inherit; font-weight: inherit; color: var(--ast-global-color-3);\">Un (1) cuchillo (si es posible del tipo de supervivencia) u otro similar. En caso de no poseer un cuchillo, se sugiere no comprar porque durante la clase te\u00f3rica del curso recibir\u00e1n asesoramiento t\u00e9cnico sobre tipos, marcas y modelos. Si disponen de uno, pueden llevarlo a la teor\u00eda para su evaluaci\u00f3n.<\/span><\/li><li><span style=\"font-style: inherit; font-weight: inherit; color: var(--ast-global-color-3);\">Una (1) linterna (recomendable del tipo frontal, minero) o de mano, con pilas o bater\u00edas de repuesto.<\/span><\/li><li><span style=\"font-style: inherit; font-weight: inherit; color: var(--ast-global-color-3);\">Un (1) silbato del tipo que usan los \u00e1rbitros de f\u00fatbol y que pueden adquirirse en casas de deportes, caza y pesca u otras (consultar).<\/span><\/li><li><span style=\"font-style: inherit; font-weight: inherit; color: var(--ast-global-color-3);\">Dos (2) botellas de pl\u00e1stico vac\u00edas con capacidad de 2 litros aproximadamente.<\/span><\/li><li><span style=\"color: var(--ast-global-color-3); font-style: inherit; font-weight: inherit;\">Una (1) botella de pl\u00e1stico vac\u00eda con capacidad de 600 ml.<\/span><\/li><li><span style=\"color: var(--ast-global-color-3); font-style: inherit; font-weight: inherit;\">Un (1) certificado con apto m\u00e9dico para realizar actividades al aire libre, firmado por un m\u00e9dico.<\/span><\/li><\/ul><p><strong>Elementos Optativos<\/strong><\/p><ul><li>Un (1) tul anti mosquitos para uso propio donde tambi\u00e9n se le dar\u00e1 otro\/s uso\/s (consultar).<\/li><li>Equipo para lluvia o campera (consultar el estado del tiempo de los d\u00edas de curso).<\/li><li><span style=\"font-style: inherit; font-weight: inherit; color: var(--ast-global-color-3);\">Un (1) par de guantes de abrigo.<\/span><\/li><li><span style=\"font-style: inherit; font-weight: inherit; color: var(--ast-global-color-3);\">Un (1) reloj pulsera.<\/span><\/li><li><span style=\"font-style: inherit; font-weight: inherit; color: var(--ast-global-color-3);\">Un (1) tel\u00e9fono celular.<\/span><\/li><li><span style=\"color: var(--ast-global-color-3); font-style: inherit; font-weight: inherit;\">Hilo y aguja de coser.<\/span><\/li><li><span style=\"font-style: inherit; font-weight: inherit; color: var(--ast-global-color-3);\">Un (1) botiqu\u00edn de Primeros Auxilios.<\/span><\/li><li><span style=\"color: var(--ast-global-color-3); font-style: inherit; font-weight: inherit;\">Machetes.<\/span><\/li><li><span style=\"font-style: inherit; font-weight: inherit; color: var(--ast-global-color-3);\">Hachas.<\/span><\/li><\/ul><p><strong>Elementos No Autorizados<\/strong><\/p><ul><li>Alimentos o bebidas.<\/li><li><span style=\"font-style: inherit; font-weight: inherit; color: var(--ast-global-color-3);\">Ollas, marmitas u otros elementos met\u00e1licos para hervir agua o cocinar alimentos.<\/span><\/li><li><span style=\"font-style: inherit; font-weight: inherit; color: var(--ast-global-color-3);\">Cantimplora o similar.<\/span><\/li><li><span style=\"font-style: inherit; font-weight: inherit; color: var(--ast-global-color-3);\">Carpas.<\/span><\/li><li><span style=\"color: var(--ast-global-color-3); font-style: inherit; font-weight: inherit;\">Bolsas de dormir.<\/span><\/li><li><span style=\"font-style: inherit; font-weight: inherit; color: var(--ast-global-color-3);\">Aislante.<\/span><\/li><\/ul><p><strong>Soporte log\u00edstico a disposici\u00f3n del curso y los participantes<\/strong><\/p><ul><li>Un (1) Botiqu\u00edn de Primeros Auxilios.<\/li><li><span style=\"color: var(--ast-global-color-3); font-style: inherit; font-weight: inherit;\">Una (1) Raci\u00f3n de Alimentos de Supervivencia (R.A.S) por alumno.<\/span><\/li><li><span style=\"font-style: inherit; font-weight: inherit; color: var(--ast-global-color-3);\">Cobertura de seguro de accidentes.<\/span><\/li><li><span style=\"font-style: inherit; font-weight: inherit; color: var(--ast-global-color-3);\">Comunicaciones (tel\u00e9fono celular).<\/span><\/li><li><span style=\"font-style: inherit; font-weight: inherit; color: var(--ast-global-color-3);\">Capas ponchos (algunas a pr\u00e9stamo).<\/span><\/li><li><span style=\"color: var(--ast-global-color-3); font-style: inherit; font-weight: inherit;\">Cuchillos de supervivencia (a pr\u00e9stamo).<\/span><\/li><li><span style=\"font-style: inherit; font-weight: inherit; color: var(--ast-global-color-3);\">Uno (1) o dos (2) vel\u00e1menes de paraca\u00eddas (para uso de la t\u00e9cnica de se\u00f1alamiento y otros).<\/span><\/li><li><span style=\"font-style: inherit; font-weight: inherit; color: var(--ast-global-color-3);\">Machetes (a pr\u00e9stamo).<\/span><\/li><li><span style=\"font-style: inherit; font-weight: inherit; color: var(--ast-global-color-3);\">Hachas (a pr\u00e9stamo).<\/span><\/li><li><span style=\"font-style: inherit; font-weight: inherit; color: var(--ast-global-color-3);\">Elementos de Orientaci\u00f3n y escritura (br\u00fajulas, elementos de escritura, etc, a pr\u00e9stamo).<\/span><\/li><li><span style=\"font-style: inherit; font-weight: inherit; color: var(--ast-global-color-3);\">Cartas topogr\u00e1ficas (a pr\u00e9stamo).<\/span><\/li><li><span style=\"color: var(--ast-global-color-3); font-style: inherit; font-weight: inherit;\">Otros.<\/span><\/li><\/ul><p>Lugares recomendados de venta de equipos para supervivencia, orientaci\u00f3n,montanismo y trekking en <span style=\"font-style: inherit; font-weight: inherit; color: var(--ast-global-color-3);\">Buenos Aires (Capital Federal)<\/span><\/p><p>Wildlife y su\u00a0 sitio web www.wildlifesports.com.ar. e-mail: wildlifesports@hotmail.com<\/p><p>Tel\u00e9fono: (011) 4383-7013 \/ 4381-1040 \u2013 Monserrat.<\/p><p>Dosuna tienda de monta\u00f1a https:\/\/www.dosuna.com.ar\/<\/p>\t\t\t\t\t\t\t\t<\/div>\n\t\t\t\t\t<\/div>\n\t\t<\/div>\n\t\t\t\t\t<\/div>\n\t\t<\/section>\n\t\t\t\t\t<\/div>\n\t\t<\/div>\n\t\t\t\t\t<\/div>\n\t\t<\/section>\n\t\t\t\t<\/div>\n\t\t","protected":false},"excerpt":{"rendered":"<p>Gear List For Courses Facebook Youtube Instagram required equipment for the survival and orientation courses Survival courses Orientation courses List of items required for the Orientation, Land Navigation and GPS courses Birome y anotador. Una (1) regla transparente de 30 cms. Un (1) transportador circular transparente de 360 grados. Una (1) calculadora. Br\u00fajula y Navegador [&hellip;]<\/p>\n","protected":false},"author":3,"featured_media":0,"parent":0,"menu_order":0,"comment_status":"closed","ping_status":"closed","template":"elementor_header_footer","meta":{"site-sidebar-layout":"no-sidebar","site-content-layout":"page-builder","ast-site-content-layout":"default","site-content-style":"default","site-sidebar-style":"default","ast-global-header-display":"","ast-banner-title-visibility":"","ast-main-header-display":"","ast-hfb-above-header-display":"","ast-hfb-below-header-display":"","ast-hfb-mobile-header-display":"","site-post-title":"disabled","ast-breadcrumbs-content":"","ast-featured-img":"disabled","footer-sml-layout":"","ast-disable-related-posts":"","theme-transparent-header-meta":"enabled","adv-header-id-meta":"","stick-header-meta":"","header-above-stick-meta":"","header-main-stick-meta":"","header-below-stick-meta":"","astra-migrate-meta-layouts":"default","ast-page-background-enabled":"default","ast-page-background-meta":{"desktop":{"background-color":"","background-image":"","background-repeat":"repeat","background-position":"center center","background-size":"auto","background-attachment":"scroll","background-type":"","background-media":"","overlay-type":"","overlay-color":"","overlay-opacity":"","overlay-gradient":""},"tablet":{"background-color":"","background-image":"","background-repeat":"repeat","background-position":"center center","background-size":"auto","background-attachment":"scroll","background-type":"","background-media":"","overlay-type":"","overlay-color":"","overlay-opacity":"","overlay-gradient":""},"mobile":{"background-color":"","background-image":"","background-repeat":"repeat","background-position":"center center","background-size":"auto","background-attachment":"scroll","background-type":"","background-media":"","overlay-type":"","overlay-color":"","overlay-opacity":"","overlay-gradient":""}},"ast-content-background-meta":{"desktop":{"background-color":"var(--ast-global-color-5)","background-image":"","background-repeat":"repeat","background-position":"center center","background-size":"auto","background-attachment":"scroll","background-type":"","background-media":"","overlay-type":"","overlay-color":"","overlay-opacity":"","overlay-gradient":""},"tablet":{"background-color":"var(--ast-global-color-5)","background-image":"","background-repeat":"repeat","background-position":"center center","background-size":"auto","background-attachment":"scroll","background-type":"","background-media":"","overlay-type":"","overlay-color":"","overlay-opacity":"","overlay-gradient":""},"mobile":{"background-color":"var(--ast-global-color-5)","background-image":"","background-repeat":"repeat","background-position":"center center","background-size":"auto","background-attachment":"scroll","background-type":"","background-media":"","overlay-type":"","overlay-color":"","overlay-opacity":"","overlay-gradient":""}},"footnotes":""},"class_list":["post-3758","page","type-page","status-publish","hentry"],"_links":{"self":[{"href":"https:\/\/northlatitude.com.ar\/english\/wp-json\/wp\/v2\/pages\/3758","targetHints":{"allow":["GET"]}}],"collection":[{"href":"https:\/\/northlatitude.com.ar\/english\/wp-json\/wp\/v2\/pages"}],"about":[{"href":"https:\/\/northlatitude.com.ar\/english\/wp-json\/wp\/v2\/types\/page"}],"author":[{"embeddable":true,"href":"https:\/\/northlatitude.com.ar\/english\/wp-json\/wp\/v2\/users\/3"}],"replies":[{"embeddable":true,"href":"https:\/\/northlatitude.com.ar\/english\/wp-json\/wp\/v2\/comments?post=3758"}],"version-history":[{"count":2,"href":"https:\/\/northlatitude.com.ar\/english\/wp-json\/wp\/v2\/pages\/3758\/revisions"}],"predecessor-version":[{"id":15877,"href":"https:\/\/northlatitude.com.ar\/english\/wp-json\/wp\/v2\/pages\/3758\/revisions\/15877"}],"wp:attachment":[{"href":"https:\/\/northlatitude.com.ar\/english\/wp-json\/wp\/v2\/media?parent=3758"}],"curies":[{"name":"wp","href":"https:\/\/api.w.org\/{rel}","templated":true}]}}