{"id":7314,"date":"2023-07-12T04:50:28","date_gmt":"2023-07-12T04:50:28","guid":{"rendered":"http:\/\/northlatitude.com.ar\/english\/?page_id=7314"},"modified":"2026-03-25T12:30:56","modified_gmt":"2026-03-25T15:30:56","slug":"curso-en-argentina-y-el-extranjero-2","status":"publish","type":"page","link":"https:\/\/northlatitude.com.ar\/english\/curso-en-argentina-y-el-extranjero-2\/","title":{"rendered":"Courses for foreigners in Argentina"},"content":{"rendered":"\t\t<div data-elementor-type=\"wp-post\" data-elementor-id=\"7314\" class=\"elementor elementor-7314\" data-elementor-post-type=\"page\">\n\t\t\t\t<div class=\"elementor-element elementor-element-8d70bae e-con-full e-flex e-con e-parent\" data-id=\"8d70bae\" data-element_type=\"container\" data-e-type=\"container\" data-settings=\"{&quot;background_background&quot;:&quot;classic&quot;}\">\n\t\t\t\t<div class=\"elementor-element elementor-element-26a0ea5 elementor-invisible elementor-widget elementor-widget-heading\" data-id=\"26a0ea5\" data-element_type=\"widget\" data-e-type=\"widget\" data-settings=\"{&quot;_animation&quot;:&quot;fadeInDown&quot;}\" data-widget_type=\"heading.default\">\n\t\t\t\t\t<h1 class=\"elementor-heading-title elementor-size-xxl\">courses for foreigners in Argentina<\/h1>\t\t\t\t<\/div>\n\t\t\t\t<div class=\"elementor-element elementor-element-341d322 elementor-shape-circle e-grid-align-mobile-center elementor-grid-mobile-3 elementor-grid-0 e-grid-align-center elementor-widget elementor-widget-social-icons\" data-id=\"341d322\" data-element_type=\"widget\" data-e-type=\"widget\" data-widget_type=\"social-icons.default\">\n\t\t\t\t\t\t\t<div class=\"elementor-social-icons-wrapper elementor-grid\" role=\"list\">\n\t\t\t\t\t\t\t<span class=\"elementor-grid-item\" role=\"listitem\">\n\t\t\t\t\t<a class=\"elementor-icon elementor-social-icon elementor-social-icon-facebook elementor-repeater-item-57fe014\" href=\"https:\/\/www.facebook.com\/gabriel.esquivel.169\" target=\"_blank\">\n\t\t\t\t\t\t<span class=\"elementor-screen-only\">Facebook<\/span>\n\t\t\t\t\t\t<i aria-hidden=\"true\" class=\"fab fa-facebook\"><\/i>\t\t\t\t\t<\/a>\n\t\t\t\t<\/span>\n\t\t\t\t\t\t\t<span class=\"elementor-grid-item\" role=\"listitem\">\n\t\t\t\t\t<a class=\"elementor-icon elementor-social-icon elementor-social-icon-youtube elementor-repeater-item-5e4a996\" href=\"https:\/\/www.youtube.com\/@navegantexplorer\" target=\"_blank\">\n\t\t\t\t\t\t<span class=\"elementor-screen-only\">Youtube<\/span>\n\t\t\t\t\t\t<i aria-hidden=\"true\" class=\"fab fa-youtube\"><\/i>\t\t\t\t\t<\/a>\n\t\t\t\t<\/span>\n\t\t\t\t\t\t\t<span class=\"elementor-grid-item\" role=\"listitem\">\n\t\t\t\t\t<a class=\"elementor-icon elementor-social-icon elementor-social-icon-instagram elementor-repeater-item-f7fc46c\" href=\"https:\/\/www.instagram.com\/supervivencia_northlatitude\/\" target=\"_blank\">\n\t\t\t\t\t\t<span class=\"elementor-screen-only\">Instagram<\/span>\n\t\t\t\t\t\t<i aria-hidden=\"true\" class=\"fab fa-instagram\"><\/i>\t\t\t\t\t<\/a>\n\t\t\t\t<\/span>\n\t\t\t\t\t<\/div>\n\t\t\t\t\t\t<\/div>\n\t\t\t\t<\/div>\n\t\t<div class=\"elementor-element elementor-element-620c286 e-flex e-con-boxed e-con e-parent\" data-id=\"620c286\" data-element_type=\"container\" data-e-type=\"container\" data-settings=\"{&quot;background_background&quot;:&quot;classic&quot;}\">\n\t\t\t\t\t<div class=\"e-con-inner\">\n\t\t<div class=\"elementor-element elementor-element-58f40da e-con-full e-flex e-con e-child\" data-id=\"58f40da\" data-element_type=\"container\" data-e-type=\"container\">\n\t\t\t\t<div class=\"elementor-element elementor-element-343fdd0 e-transform elementor-invisible elementor-widget elementor-widget-heading\" data-id=\"343fdd0\" data-element_type=\"widget\" data-e-type=\"widget\" data-settings=\"{&quot;_animation&quot;:&quot;fadeInLeft&quot;,&quot;_transform_skewX_effect&quot;:{&quot;unit&quot;:&quot;px&quot;,&quot;size&quot;:&quot;&quot;,&quot;sizes&quot;:[]},&quot;_transform_skewX_effect_tablet&quot;:{&quot;unit&quot;:&quot;deg&quot;,&quot;size&quot;:&quot;&quot;,&quot;sizes&quot;:[]},&quot;_transform_skewX_effect_mobile&quot;:{&quot;unit&quot;:&quot;deg&quot;,&quot;size&quot;:&quot;&quot;,&quot;sizes&quot;:[]},&quot;_transform_skewY_effect&quot;:{&quot;unit&quot;:&quot;px&quot;,&quot;size&quot;:&quot;&quot;,&quot;sizes&quot;:[]},&quot;_transform_skewY_effect_tablet&quot;:{&quot;unit&quot;:&quot;deg&quot;,&quot;size&quot;:&quot;&quot;,&quot;sizes&quot;:[]},&quot;_transform_skewY_effect_mobile&quot;:{&quot;unit&quot;:&quot;deg&quot;,&quot;size&quot;:&quot;&quot;,&quot;sizes&quot;:[]}}\" data-widget_type=\"heading.default\">\n\t\t\t\t\t<h6 class=\"elementor-heading-title elementor-size-small\">COURSES FOR FOREIGNERS IN SPANISH AND ENGLISH<\/h6>\t\t\t\t<\/div>\n\t\t\t\t<div class=\"elementor-element elementor-element-6c1f4ac elementor-widget elementor-widget-text-editor\" data-id=\"6c1f4ac\" data-element_type=\"widget\" data-e-type=\"widget\" data-widget_type=\"text-editor.default\">\n\t\t\t\t\t\t\t\t\t<p><strong>Introducci\u00f3n<\/strong><\/p><p>Desde el mes de enero del a\u00f1o 2005 NORTHLATITUDE ofrece la oportunidad de dictar cursos no solo en Buenos Aires, sino que en otras provincias de Argentina siendo que, hasta la fecha, dictamos diecinueve (19) capacitaciones en varias provincias, incluyendo dos (2) en la Patagonia Argentina. Asimismo, realizamos otras capacitaciones y entrenamientos en Estados Unidos, M\u00e9xico, Colombia, Ecuador, Per\u00fa y Holanda (Pa\u00edses Bajos a partir del a\u00f1o 2020).<\/p><p><strong>Requerimientos para dictar capacitaciones en provincias de Argentina o del extranjero<\/strong><\/p><ul><li>Realizar la coordinaci\u00f3n telef\u00f3nica v\u00eda telef\u00f3nica o e-mail y una vez acordada la fecha de la capacitaci\u00f3n, se requiere que el instructor se encuentre con un m\u00ednimo de tres (3) d\u00edas en el lugar a efectos de realizar actividades de estudio y reconocimiento del terreno para preparar las actividades del curso a dictar.<\/li><li>Los organizadores del curso deben afrontar los gastos de viaje en \u00f3mnibus o avi\u00f3n ida y vuelta y alojamiento aunque puede haber variaciones de acuerdo a lo acordado entre los organizadores y el instructor como asimismo, deben realizar las gestiones del pago de curso de los alumnos en el lugar aunque dependiendo del caso, se puede requerir una se\u00f1a. Asimismo, al finalizar un curso se les emitir\u00e1 una factura individual por alumno o grupal por el servicio brindado.\u00a0<\/li><li>Ofrecemos realizar video conferencias por las plataformas Meet o Zoom de forma de mantener una comunicaci\u00f3n fluida con quienes contraten nuestros servicios aunque nos encontramos dispuestos a recibir aquellas sugerencias que quieran realizarnos.<\/li><\/ul><p>Por ello, seguidamente pueden conocer un detalle de aquellos lugares donde dictamos cursos y quienes est\u00e9n interesados en que los instruyamos en otras provincias o pa\u00edses, solo deben comunicarse con nosotros.<\/p><p><strong>Capacitaciones en el extranjero<\/strong><\/p><ul><li><strong>Estados Unidos<\/strong> \u2013 curso de supervivencia en bosque (2018).<\/li><li><strong>M\u00e9xico<\/strong> \u2013 curso de supervivencia, orientaci\u00f3n y carrera espartana en zonas agrestes (2021).<\/li><li><strong>Colombia v\u00eda Panam\u00e1<\/strong>\u00a0\u2013 curso de supervivencia en desierto (2019).<\/li><li><strong>Ecuador<\/strong> \u2013 curso de supervivencia en jungla (2017).<\/li><li><strong>Holanda<\/strong> \u2013 entrenamiento en t\u00e9cnicas de supervivencia, orientaci\u00f3n y traves\u00eda en m\u00e9danos y bosques (2023).<\/li><li><strong>Germany and Sweden v\u00eda Canad\u00e1.<\/strong> Business\/commercial management.<\/li><\/ul><p><strong>Capacitaciones en Argentina<\/strong><\/p><ul><li><strong>Tucum\u00e1n<\/strong> (Yerba Buena) \u2013 curso de Orientaci\u00f3n y Navegaci\u00f3n Terrestre en cerros (2005).<\/li><li><strong>Santa Fe<\/strong> (Villa Gobernador G\u00e1lvez) \u2013 curso de Orientaci\u00f3n, Navegaci\u00f3n Terrestre y GPS en zona agreste (2008).<\/li><li><strong>Santa Fe<\/strong> (Villa Gobernador G\u00e1lvez) \u2013 curso de Supervivencia en monte (2010).<\/li><li><strong>Santa Fe<\/strong> (Casilda) \u2013 curso de supervivencia en zona agreste (2010).<\/li><li><strong>Santa Fe<\/strong> (Casilda) \u2013 curso de supervivencia en zona agreste (2010).<\/li><li><strong>Buenos Aires<\/strong> (Villa Cacique) \u2013 curso de escalada en roca en zona agreste (2011).<\/li><li><strong>Buenos Aires<\/strong> (San Nicol\u00e1s) \u2013 curso de Orientaci\u00f3n, Navegaci\u00f3n Terrestre y GPS en zona agreste (2011).<\/li><li><strong>Salta<\/strong> (La caldera) \u2013 curso de Supervivencia en cerros y yungas (2012).<\/li><li><strong>Mendoza<\/strong> (Vallecitos \u2013 Cord\u00f3n del Plata) \u2013 curso de Orientaci\u00f3n, Navegaci\u00f3n Terrestre y GPS en alta monta\u00f1a (2013).<\/li><li><strong>Mendoza<\/strong> (Vallecitos \u2013 Cord\u00f3n del Plata) curso Orientaci\u00f3n, Naveg. Terrestre y GPS con nociones de Supervivencia en alta monta\u00f1a (2014).<\/li><li><strong>Entre R\u00edos<\/strong> (Paran\u00e1) \u2013 curso de Supervivencia en monte (2014).<\/li><li><strong>Entre R\u00edos<\/strong> (Paran\u00e1) \u2013 curso de supervivencia en monte (2015).<\/li><li><strong>R\u00edo Negro<\/strong> (Villa Regina) \u2013 curso de Supervivencia en islas (2015).<\/li><li><strong>Entre R\u00edos<\/strong> (Paran\u00e1) \u2013 curso de Supervivencia en monte (2016).<\/li><li><strong>Chubut<\/strong> (Rada Tilly) \u2013 curso de Orientaci\u00f3n, Navegaci\u00f3n Terrestre y GPS en cerros (2016).<\/li><li><strong>Entre R\u00edos<\/strong> (Paran\u00e1) \u2013 curso de Supervivencia en monte (2016).<\/li><li><strong>Entre R\u00edos<\/strong> (Paran\u00e1) \u2013 curso de Supervivencia en monte (2017).<\/li><li><strong>Santa Fe<\/strong> (Rosario) \u2013 taller de liderazgo y trabajo en equipo en situaciones de supervivencia en zona agreste (2019).<\/li><li><strong>Mendoza<\/strong> (Lavalle) \u2013 curso de Supervivencia en desierto (2020).<\/li><\/ul>\t\t\t\t\t\t\t\t<\/div>\n\t\t\t\t<\/div>\n\t\t\t\t\t<\/div>\n\t\t\t\t<\/div>\n\t\t\t\t<\/div>\n\t\t","protected":false},"excerpt":{"rendered":"<p>courses for foreigners in Argentina Facebook Youtube Instagram COURSES FOR FOREIGNERS IN SPANISH AND ENGLISH Introducci\u00f3n Desde el mes de enero del a\u00f1o 2005 NORTHLATITUDE ofrece la oportunidad de dictar cursos no solo en Buenos Aires, sino que en otras provincias de Argentina siendo que, hasta la fecha, dictamos diecinueve (19) capacitaciones en varias provincias, [&hellip;]<\/p>\n","protected":false},"author":3,"featured_media":0,"parent":0,"menu_order":0,"comment_status":"closed","ping_status":"closed","template":"elementor_header_footer","meta":{"site-sidebar-layout":"no-sidebar","site-content-layout":"page-builder","ast-site-content-layout":"default","site-content-style":"default","site-sidebar-style":"default","ast-global-header-display":"","ast-banner-title-visibility":"","ast-main-header-display":"","ast-hfb-above-header-display":"","ast-hfb-below-header-display":"","ast-hfb-mobile-header-display":"","site-post-title":"disabled","ast-breadcrumbs-content":"","ast-featured-img":"disabled","footer-sml-layout":"","ast-disable-related-posts":"","theme-transparent-header-meta":"enabled","adv-header-id-meta":"","stick-header-meta":"","header-above-stick-meta":"","header-main-stick-meta":"","header-below-stick-meta":"","astra-migrate-meta-layouts":"default","ast-page-background-enabled":"default","ast-page-background-meta":{"desktop":{"background-color":"","background-image":"","background-repeat":"repeat","background-position":"center center","background-size":"auto","background-attachment":"scroll","background-type":"","background-media":"","overlay-type":"","overlay-color":"","overlay-opacity":"","overlay-gradient":""},"tablet":{"background-color":"","background-image":"","background-repeat":"repeat","background-position":"center center","background-size":"auto","background-attachment":"scroll","background-type":"","background-media":"","overlay-type":"","overlay-color":"","overlay-opacity":"","overlay-gradient":""},"mobile":{"background-color":"","background-image":"","background-repeat":"repeat","background-position":"center center","background-size":"auto","background-attachment":"scroll","background-type":"","background-media":"","overlay-type":"","overlay-color":"","overlay-opacity":"","overlay-gradient":""}},"ast-content-background-meta":{"desktop":{"background-color":"var(--ast-global-color-5)","background-image":"","background-repeat":"repeat","background-position":"center center","background-size":"auto","background-attachment":"scroll","background-type":"","background-media":"","overlay-type":"","overlay-color":"","overlay-opacity":"","overlay-gradient":""},"tablet":{"background-color":"var(--ast-global-color-5)","background-image":"","background-repeat":"repeat","background-position":"center center","background-size":"auto","background-attachment":"scroll","background-type":"","background-media":"","overlay-type":"","overlay-color":"","overlay-opacity":"","overlay-gradient":""},"mobile":{"background-color":"var(--ast-global-color-5)","background-image":"","background-repeat":"repeat","background-position":"center center","background-size":"auto","background-attachment":"scroll","background-type":"","background-media":"","overlay-type":"","overlay-color":"","overlay-opacity":"","overlay-gradient":""}},"footnotes":""},"class_list":["post-7314","page","type-page","status-publish","hentry"],"_links":{"self":[{"href":"https:\/\/northlatitude.com.ar\/english\/wp-json\/wp\/v2\/pages\/7314","targetHints":{"allow":["GET"]}}],"collection":[{"href":"https:\/\/northlatitude.com.ar\/english\/wp-json\/wp\/v2\/pages"}],"about":[{"href":"https:\/\/northlatitude.com.ar\/english\/wp-json\/wp\/v2\/types\/page"}],"author":[{"embeddable":true,"href":"https:\/\/northlatitude.com.ar\/english\/wp-json\/wp\/v2\/users\/3"}],"replies":[{"embeddable":true,"href":"https:\/\/northlatitude.com.ar\/english\/wp-json\/wp\/v2\/comments?post=7314"}],"version-history":[{"count":2,"href":"https:\/\/northlatitude.com.ar\/english\/wp-json\/wp\/v2\/pages\/7314\/revisions"}],"predecessor-version":[{"id":15829,"href":"https:\/\/northlatitude.com.ar\/english\/wp-json\/wp\/v2\/pages\/7314\/revisions\/15829"}],"wp:attachment":[{"href":"https:\/\/northlatitude.com.ar\/english\/wp-json\/wp\/v2\/media?parent=7314"}],"curies":[{"name":"wp","href":"https:\/\/api.w.org\/{rel}","templated":true}]}}