{"id":8806,"date":"2023-08-11T14:25:46","date_gmt":"2023-08-11T14:25:46","guid":{"rendered":"http:\/\/northlatitude.com.ar\/english\/?page_id=8806"},"modified":"2026-03-25T14:58:07","modified_gmt":"2026-03-25T17:58:07","slug":"certificaciones-como-instructor-internacional","status":"publish","type":"page","link":"https:\/\/northlatitude.com.ar\/english\/certificaciones-como-instructor-internacional\/","title":{"rendered":"Certificaciones como instructor internacional"},"content":{"rendered":"\t\t<div data-elementor-type=\"wp-post\" data-elementor-id=\"8806\" class=\"elementor elementor-8806\" data-elementor-post-type=\"page\">\n\t\t\t\t<div class=\"elementor-element elementor-element-755f2be e-flex e-con-boxed e-con e-parent\" data-id=\"755f2be\" data-element_type=\"container\" data-e-type=\"container\" data-settings=\"{&quot;background_background&quot;:&quot;classic&quot;}\">\n\t\t\t\t\t<div class=\"e-con-inner\">\n\t\t\t\t<div class=\"elementor-element elementor-element-d9316e7 elementor-invisible elementor-widget elementor-widget-heading\" data-id=\"d9316e7\" data-element_type=\"widget\" data-e-type=\"widget\" data-settings=\"{&quot;_animation&quot;:&quot;fadeInDown&quot;}\" data-widget_type=\"heading.default\">\n\t\t\t\t\t<h1 class=\"elementor-heading-title elementor-size-default\">International instructor certification and other courses<\/h1>\t\t\t\t<\/div>\n\t\t\t\t<div class=\"elementor-element elementor-element-d680798 elementor-shape-circle elementor-grid-mobile-3 elementor-grid-0 e-grid-align-center elementor-widget elementor-widget-social-icons\" data-id=\"d680798\" data-element_type=\"widget\" data-e-type=\"widget\" data-widget_type=\"social-icons.default\">\n\t\t\t\t\t\t\t<div class=\"elementor-social-icons-wrapper elementor-grid\" role=\"list\">\n\t\t\t\t\t\t\t<span class=\"elementor-grid-item\" role=\"listitem\">\n\t\t\t\t\t<a class=\"elementor-icon elementor-social-icon elementor-social-icon-facebook elementor-repeater-item-57fe014\" href=\"https:\/\/www.facebook.com\/gabriel.esquivel.169\" target=\"_blank\">\n\t\t\t\t\t\t<span class=\"elementor-screen-only\">Facebook<\/span>\n\t\t\t\t\t\t<i aria-hidden=\"true\" class=\"fab fa-facebook\"><\/i>\t\t\t\t\t<\/a>\n\t\t\t\t<\/span>\n\t\t\t\t\t\t\t<span class=\"elementor-grid-item\" role=\"listitem\">\n\t\t\t\t\t<a class=\"elementor-icon elementor-social-icon elementor-social-icon-youtube elementor-repeater-item-5e4a996\" href=\"https:\/\/www.youtube.com\/@navegantexplorer\" target=\"_blank\">\n\t\t\t\t\t\t<span class=\"elementor-screen-only\">Youtube<\/span>\n\t\t\t\t\t\t<i aria-hidden=\"true\" class=\"fab fa-youtube\"><\/i>\t\t\t\t\t<\/a>\n\t\t\t\t<\/span>\n\t\t\t\t\t\t\t<span class=\"elementor-grid-item\" role=\"listitem\">\n\t\t\t\t\t<a class=\"elementor-icon elementor-social-icon elementor-social-icon-instagram elementor-repeater-item-f7fc46c\" href=\"https:\/\/www.instagram.com\/supervivencia_northlatitude\/\" target=\"_blank\">\n\t\t\t\t\t\t<span class=\"elementor-screen-only\">Instagram<\/span>\n\t\t\t\t\t\t<i aria-hidden=\"true\" class=\"fab fa-instagram\"><\/i>\t\t\t\t\t<\/a>\n\t\t\t\t<\/span>\n\t\t\t\t\t<\/div>\n\t\t\t\t\t\t<\/div>\n\t\t\t\t\t<\/div>\n\t\t\t\t<\/div>\n\t\t<div class=\"elementor-element elementor-element-dd93223 e-flex e-con-boxed e-con e-parent\" data-id=\"dd93223\" data-element_type=\"container\" data-e-type=\"container\">\n\t\t\t\t\t<div class=\"e-con-inner\">\n\t\t<div class=\"elementor-element elementor-element-4405872 e-con-full e-flex e-con e-child\" data-id=\"4405872\" data-element_type=\"container\" data-e-type=\"container\">\n\t\t\t\t<div class=\"elementor-element elementor-element-44a881d elementor-invisible elementor-widget elementor-widget-heading\" data-id=\"44a881d\" data-element_type=\"widget\" data-e-type=\"widget\" data-settings=\"{&quot;_animation&quot;:&quot;fadeInLeft&quot;}\" data-widget_type=\"heading.default\">\n\t\t\t\t\t<h2 class=\"elementor-heading-title elementor-size-large\">Certification of Gabriel Esquivel as international instructor <\/h2>\t\t\t\t<\/div>\n\t\t\t\t<div class=\"elementor-element elementor-element-72235d7 elementor-widget elementor-widget-text-editor\" data-id=\"72235d7\" data-element_type=\"widget\" data-e-type=\"widget\" data-widget_type=\"text-editor.default\">\n\t\t\t\t\t\t\t\t\t<p>Seguidamente pueden conocer informaci\u00f3n vinculada con la formaci\u00f3n profesional de Gabriel Esquivel, Director CEO de NORTHLATITUDE,\u00a0en virtud de ser instructor de supervivencia, quien desde el mes de enero del a\u00f1o 2005 ha iniciado sus actividades, tambi\u00e9n en el dictado de otras capacitaciones paralelas referente a cursos de \u201cOrientaci\u00f3n, Navegaci\u00f3n Terrestre y GPS con nociones de cartograf\u00eda\u201d y \u201cMultiaventura que abarca al Paracaidismo, Supervivencia, Orientaci\u00f3n y Primeros Auxilios\u201d, quien adem\u00e1s realiza actividades anexas de montanismo y trekking. Sus certificaciones internacionales incluyen a cuando se instruy\u00f3 como instructor y cuando dict\u00f3 cursos de supervivencia en los siguientes pa\u00edses que conocer\u00e1n a continuaci\u00f3n, junto a otros detalles ampliatorios de su formaci\u00f3n profesional.<\/p><p>Asimismo se informa que fue seleccionado por la cadena internacional DISCOVERY CHANNEL para ser instructor de supervivencia y asesor t\u00e9cnico durante cuatro (4) per\u00edodos y por ello, fue elegido por Discovery de M\u00e9xico (2015), Discovery de Inglaterra (2017) y Discovery de Argentina (dos veces en 2018) para ser instructor de supervivencia para programas de televisi\u00f3n extranjeros realizados integralmente en Argentina y por ello, Discovery no entreg\u00f3 alguna certificaci\u00f3n que lo acredite como instructor de esos programas aunque si, firm\u00f3 contratos y fue elegido mediante representantes locales para ser instructor de esa mundialmente famosa cadena internacional. En el a\u00f1o 2023 viaj\u00f3 a Europa, Pa\u00edses Bajo (ex Holanda) a realizar una misi\u00f3n comercial y realizar pr\u00e1cticas en t\u00e9cnicas de supervivencia y orientaci\u00f3n, aunque no registra una certificaci\u00f3n de ese viaje porque el mismo fue con los objetivos expuestos.<\/p><p>Las certificaciones obedecen a los siguientes eventos.<\/p><p><strong>Estados Unidos.\u00a0<\/strong><\/p><ul><li>Alumno de un curso de Supervivencia dictado integralmente en idioma ingl\u00e9s, organizado por la escuela internacional BYRON KENRS SURVIVAL, de tres (3) d\u00edas de duraci\u00f3n, en zona agreste (2018).<\/li><\/ul><p><strong>M\u00e9xico.\u00a0<\/strong><\/p><ul><li>Instructor del curso internacional CONQUISTADOR de una (1) semana de duraci\u00f3n, del cual solo dict\u00f3 dentro de la estructura del mismo, un segmento que abarc\u00f3 t\u00e9cnicas de Supervivencia, Orientaci\u00f3n y dise\u00f1ador conjunto de obst\u00e1culos de una carrera espartana (2021).<\/li><\/ul><p><strong>Ecuador.\u00a0<\/strong><\/p><ul><li>Instructor del curso internacional BEAR BLACK JUNGLA I organizado por la escuela internacional SAFARI LEADER CAMPO de tres (3) d\u00edas de duraci\u00f3n, dictado en zona de jungla (2017).<strong>\u00a0<\/strong><\/li><\/ul><p><strong>Colombia.\u00a0<\/strong><\/p><ul><li>Instructor principal de un curso de Supervivencia DESAFIO SUPERVIVENCIA COLOMBIA, organizado por la escuela internacional DRAGONES DEL GOLFO de Colombia, de tres (3) d\u00edas de duraci\u00f3n, dictado en zona de desierto (2019).<\/li><li>Instructor Internacional y Formador de Instructores de Supervivencia de la escuela internacional DRAGONES DEL GOLFO de Colombia \/ matr\u00edcula de instructor EIDG009Ae (2023).<\/li><li>Instructor Internacional de Instructores de Supervivencia de la escuela internacional DRAGONES DEL GOLFO de Colombia, habiendo cumplido con una intensidad acad\u00e9mica de 200 hs. (120 hs. de teor\u00eda en aula y 80 hs. de pr\u00e1ctica), realizado en zona de jungla de Colombia \/ matr\u00edcula de instructor EIDG009AE (2020).<\/li><li>Acta de certificaci\u00f3n y registro de diploma de haber sido instruido como Instructor Internacional y Formador de Instructores de Supervivencia de la Escuela Internacional DRAGONES DEL GOLFO de Colombia (2020).<\/li><li>Instructor de Supervivencia en Zonas Agrestes Nivel B\u00e1sico de la escuela internacional DRAGONES DEL GOLFO de Colombia, habiendo cumplido con una intensidad acad\u00e9mica de 159 hs. (teor\u00eda en aula y 80 hs. de pr\u00e1ctica), realizado en zona de jungla de Colombia \/ matr\u00edcula de instructor matr\u00edcula de instructor EIDG005AE (2019).<\/li><li>Certificaci\u00f3n como expositor en temas vinculados a t\u00e9cnicas de supervivencia, realizado en la Universidad de Corhuila (2029).<\/li><li>Credencial identificaci\u00f3n como Instructor de Supervivencia de la escuela internacional DRAGONES DEL GOLFO de Colombia (2019).<\/li><li>Reconocimiento y autorizaci\u00f3n de la escuela internacional DRAGONES DEL GOLFO a NORTHLATITUDE, para dictar cursos internacionales (2020).<\/li><\/ul>\t\t\t\t\t\t\t\t<\/div>\n\t\t\t\t<div class=\"elementor-element elementor-element-2046100 elementor-widget elementor-widget-gallery\" data-id=\"2046100\" data-element_type=\"widget\" data-e-type=\"widget\" data-settings=\"{&quot;columns&quot;:2,&quot;gap&quot;:{&quot;unit&quot;:&quot;px&quot;,&quot;size&quot;:30,&quot;sizes&quot;:[]},&quot;lazyload&quot;:&quot;yes&quot;,&quot;gallery_layout&quot;:&quot;grid&quot;,&quot;columns_tablet&quot;:2,&quot;columns_mobile&quot;:1,&quot;gap_tablet&quot;:{&quot;unit&quot;:&quot;px&quot;,&quot;size&quot;:10,&quot;sizes&quot;:[]},&quot;gap_mobile&quot;:{&quot;unit&quot;:&quot;px&quot;,&quot;size&quot;:10,&quot;sizes&quot;:[]},&quot;link_to&quot;:&quot;file&quot;,&quot;aspect_ratio&quot;:&quot;3:2&quot;,&quot;overlay_background&quot;:&quot;yes&quot;,&quot;content_hover_animation&quot;:&quot;fade-in&quot;}\" data-widget_type=\"gallery.default\">\n\t\t\t\t\t\t\t<div class=\"elementor-gallery__container\">\n\t\t\t\t\t\t\t<a class=\"e-gallery-item elementor-gallery-item elementor-animated-content\" href=\"https:\/\/northlatitude.com.ar\/english\/wp-content\/uploads\/2023\/08\/1-9.jpg\" data-elementor-open-lightbox=\"yes\" data-elementor-lightbox-slideshow=\"2046100\" data-elementor-lightbox-title=\"1\" data-e-action-hash=\"#elementor-action%3Aaction%3Dlightbox%26settings%3DeyJpZCI6ODg2MiwidXJsIjoiaHR0cHM6XC9cL25vcnRobGF0aXR1ZGUuY29tLmFyXC9lbmdsaXNoXC93cC1jb250ZW50XC91cGxvYWRzXC8yMDIzXC8wOFwvMS05LmpwZyIsInNsaWRlc2hvdyI6IjIwNDYxMDAifQ%3D%3D\">\n\t\t\t\t\t<div class=\"e-gallery-image elementor-gallery-item__image\" data-thumbnail=\"https:\/\/northlatitude.com.ar\/english\/wp-content\/uploads\/2023\/08\/1-9.jpg\" data-width=\"523\" data-height=\"352\" aria-label=\"\" role=\"img\" ><\/div>\n\t\t\t\t\t\t\t\t\t\t\t<div class=\"elementor-gallery-item__overlay\"><\/div>\n\t\t\t\t\t\t\t\t\t\t\t\t\t\t<\/a>\n\t\t\t\t\t\t\t<a class=\"e-gallery-item elementor-gallery-item elementor-animated-content\" href=\"https:\/\/northlatitude.com.ar\/english\/wp-content\/uploads\/2023\/08\/2-16.jpg\" data-elementor-open-lightbox=\"yes\" data-elementor-lightbox-slideshow=\"2046100\" data-elementor-lightbox-title=\"2\" data-e-action-hash=\"#elementor-action%3Aaction%3Dlightbox%26settings%3DeyJpZCI6ODg2MywidXJsIjoiaHR0cHM6XC9cL25vcnRobGF0aXR1ZGUuY29tLmFyXC9lbmdsaXNoXC93cC1jb250ZW50XC91cGxvYWRzXC8yMDIzXC8wOFwvMi0xNi5qcGciLCJzbGlkZXNob3ciOiIyMDQ2MTAwIn0%3D\">\n\t\t\t\t\t<div class=\"e-gallery-image elementor-gallery-item__image\" data-thumbnail=\"https:\/\/northlatitude.com.ar\/english\/wp-content\/uploads\/2023\/08\/2-16.jpg\" data-width=\"523\" data-height=\"352\" aria-label=\"\" role=\"img\" ><\/div>\n\t\t\t\t\t\t\t\t\t\t\t<div class=\"elementor-gallery-item__overlay\"><\/div>\n\t\t\t\t\t\t\t\t\t\t\t\t\t\t<\/a>\n\t\t\t\t\t\t\t<a class=\"e-gallery-item elementor-gallery-item elementor-animated-content\" href=\"https:\/\/northlatitude.com.ar\/english\/wp-content\/uploads\/2023\/08\/3-10.jpg\" data-elementor-open-lightbox=\"yes\" data-elementor-lightbox-slideshow=\"2046100\" data-elementor-lightbox-title=\"3\" data-e-action-hash=\"#elementor-action%3Aaction%3Dlightbox%26settings%3DeyJpZCI6ODg2NCwidXJsIjoiaHR0cHM6XC9cL25vcnRobGF0aXR1ZGUuY29tLmFyXC9lbmdsaXNoXC93cC1jb250ZW50XC91cGxvYWRzXC8yMDIzXC8wOFwvMy0xMC5qcGciLCJzbGlkZXNob3ciOiIyMDQ2MTAwIn0%3D\">\n\t\t\t\t\t<div class=\"e-gallery-image elementor-gallery-item__image\" data-thumbnail=\"https:\/\/northlatitude.com.ar\/english\/wp-content\/uploads\/2023\/08\/3-10.jpg\" data-width=\"523\" data-height=\"352\" aria-label=\"\" role=\"img\" ><\/div>\n\t\t\t\t\t\t\t\t\t\t\t<div class=\"elementor-gallery-item__overlay\"><\/div>\n\t\t\t\t\t\t\t\t\t\t\t\t\t\t<\/a>\n\t\t\t\t\t\t\t<a class=\"e-gallery-item elementor-gallery-item elementor-animated-content\" href=\"https:\/\/northlatitude.com.ar\/english\/wp-content\/uploads\/2023\/08\/4-11.jpg\" data-elementor-open-lightbox=\"yes\" data-elementor-lightbox-slideshow=\"2046100\" data-elementor-lightbox-title=\"4\" data-e-action-hash=\"#elementor-action%3Aaction%3Dlightbox%26settings%3DeyJpZCI6ODg2NSwidXJsIjoiaHR0cHM6XC9cL25vcnRobGF0aXR1ZGUuY29tLmFyXC9lbmdsaXNoXC93cC1jb250ZW50XC91cGxvYWRzXC8yMDIzXC8wOFwvNC0xMS5qcGciLCJzbGlkZXNob3ciOiIyMDQ2MTAwIn0%3D\">\n\t\t\t\t\t<div class=\"e-gallery-image elementor-gallery-item__image\" data-thumbnail=\"https:\/\/northlatitude.com.ar\/english\/wp-content\/uploads\/2023\/08\/4-11.jpg\" data-width=\"523\" data-height=\"352\" aria-label=\"\" role=\"img\" ><\/div>\n\t\t\t\t\t\t\t\t\t\t\t<div class=\"elementor-gallery-item__overlay\"><\/div>\n\t\t\t\t\t\t\t\t\t\t\t\t\t\t<\/a>\n\t\t\t\t\t\t\t<a class=\"e-gallery-item elementor-gallery-item elementor-animated-content\" href=\"https:\/\/northlatitude.com.ar\/english\/wp-content\/uploads\/2023\/08\/5-7.jpg\" data-elementor-open-lightbox=\"yes\" data-elementor-lightbox-slideshow=\"2046100\" data-elementor-lightbox-title=\"5\" data-e-action-hash=\"#elementor-action%3Aaction%3Dlightbox%26settings%3DeyJpZCI6ODg2NiwidXJsIjoiaHR0cHM6XC9cL25vcnRobGF0aXR1ZGUuY29tLmFyXC9lbmdsaXNoXC93cC1jb250ZW50XC91cGxvYWRzXC8yMDIzXC8wOFwvNS03LmpwZyIsInNsaWRlc2hvdyI6IjIwNDYxMDAifQ%3D%3D\">\n\t\t\t\t\t<div class=\"e-gallery-image elementor-gallery-item__image\" data-thumbnail=\"https:\/\/northlatitude.com.ar\/english\/wp-content\/uploads\/2023\/08\/5-7.jpg\" data-width=\"523\" data-height=\"352\" aria-label=\"\" role=\"img\" ><\/div>\n\t\t\t\t\t\t\t\t\t\t\t<div class=\"elementor-gallery-item__overlay\"><\/div>\n\t\t\t\t\t\t\t\t\t\t\t\t\t\t<\/a>\n\t\t\t\t\t\t\t<a class=\"e-gallery-item elementor-gallery-item elementor-animated-content\" href=\"https:\/\/northlatitude.com.ar\/english\/wp-content\/uploads\/2023\/08\/6-8.jpg\" data-elementor-open-lightbox=\"yes\" data-elementor-lightbox-slideshow=\"2046100\" data-elementor-lightbox-title=\"6\" data-e-action-hash=\"#elementor-action%3Aaction%3Dlightbox%26settings%3DeyJpZCI6ODg2NywidXJsIjoiaHR0cHM6XC9cL25vcnRobGF0aXR1ZGUuY29tLmFyXC9lbmdsaXNoXC93cC1jb250ZW50XC91cGxvYWRzXC8yMDIzXC8wOFwvNi04LmpwZyIsInNsaWRlc2hvdyI6IjIwNDYxMDAifQ%3D%3D\">\n\t\t\t\t\t<div class=\"e-gallery-image elementor-gallery-item__image\" data-thumbnail=\"https:\/\/northlatitude.com.ar\/english\/wp-content\/uploads\/2023\/08\/6-8.jpg\" data-width=\"523\" data-height=\"352\" aria-label=\"\" role=\"img\" ><\/div>\n\t\t\t\t\t\t\t\t\t\t\t<div class=\"elementor-gallery-item__overlay\"><\/div>\n\t\t\t\t\t\t\t\t\t\t\t\t\t\t<\/a>\n\t\t\t\t\t\t\t<a class=\"e-gallery-item elementor-gallery-item elementor-animated-content\" href=\"https:\/\/northlatitude.com.ar\/english\/wp-content\/uploads\/2023\/08\/7-9.jpg\" data-elementor-open-lightbox=\"yes\" data-elementor-lightbox-slideshow=\"2046100\" data-elementor-lightbox-title=\"7\" data-e-action-hash=\"#elementor-action%3Aaction%3Dlightbox%26settings%3DeyJpZCI6ODg2OCwidXJsIjoiaHR0cHM6XC9cL25vcnRobGF0aXR1ZGUuY29tLmFyXC9lbmdsaXNoXC93cC1jb250ZW50XC91cGxvYWRzXC8yMDIzXC8wOFwvNy05LmpwZyIsInNsaWRlc2hvdyI6IjIwNDYxMDAifQ%3D%3D\">\n\t\t\t\t\t<div class=\"e-gallery-image elementor-gallery-item__image\" data-thumbnail=\"https:\/\/northlatitude.com.ar\/english\/wp-content\/uploads\/2023\/08\/7-9.jpg\" data-width=\"523\" data-height=\"540\" aria-label=\"\" role=\"img\" ><\/div>\n\t\t\t\t\t\t\t\t\t\t\t<div class=\"elementor-gallery-item__overlay\"><\/div>\n\t\t\t\t\t\t\t\t\t\t\t\t\t\t<\/a>\n\t\t\t\t\t\t\t<a class=\"e-gallery-item elementor-gallery-item elementor-animated-content\" href=\"https:\/\/northlatitude.com.ar\/english\/wp-content\/uploads\/2023\/08\/8-9.jpg\" data-elementor-open-lightbox=\"yes\" data-elementor-lightbox-slideshow=\"2046100\" data-elementor-lightbox-title=\"8\" data-e-action-hash=\"#elementor-action%3Aaction%3Dlightbox%26settings%3DeyJpZCI6ODg2OSwidXJsIjoiaHR0cHM6XC9cL25vcnRobGF0aXR1ZGUuY29tLmFyXC9lbmdsaXNoXC93cC1jb250ZW50XC91cGxvYWRzXC8yMDIzXC8wOFwvOC05LmpwZyIsInNsaWRlc2hvdyI6IjIwNDYxMDAifQ%3D%3D\">\n\t\t\t\t\t<div class=\"e-gallery-image elementor-gallery-item__image\" data-thumbnail=\"https:\/\/northlatitude.com.ar\/english\/wp-content\/uploads\/2023\/08\/8-9.jpg\" data-width=\"523\" data-height=\"352\" aria-label=\"\" role=\"img\" ><\/div>\n\t\t\t\t\t\t\t\t\t\t\t<div class=\"elementor-gallery-item__overlay\"><\/div>\n\t\t\t\t\t\t\t\t\t\t\t\t\t\t<\/a>\n\t\t\t\t\t\t\t<a class=\"e-gallery-item elementor-gallery-item elementor-animated-content\" href=\"https:\/\/northlatitude.com.ar\/english\/wp-content\/uploads\/2023\/08\/9-8.jpg\" data-elementor-open-lightbox=\"yes\" data-elementor-lightbox-slideshow=\"2046100\" data-elementor-lightbox-title=\"9\" data-e-action-hash=\"#elementor-action%3Aaction%3Dlightbox%26settings%3DeyJpZCI6ODg3MCwidXJsIjoiaHR0cHM6XC9cL25vcnRobGF0aXR1ZGUuY29tLmFyXC9lbmdsaXNoXC93cC1jb250ZW50XC91cGxvYWRzXC8yMDIzXC8wOFwvOS04LmpwZyIsInNsaWRlc2hvdyI6IjIwNDYxMDAifQ%3D%3D\">\n\t\t\t\t\t<div class=\"e-gallery-image elementor-gallery-item__image\" data-thumbnail=\"https:\/\/northlatitude.com.ar\/english\/wp-content\/uploads\/2023\/08\/9-8.jpg\" data-width=\"523\" data-height=\"352\" aria-label=\"\" role=\"img\" ><\/div>\n\t\t\t\t\t\t\t\t\t\t\t<div class=\"elementor-gallery-item__overlay\"><\/div>\n\t\t\t\t\t\t\t\t\t\t\t\t\t\t<\/a>\n\t\t\t\t\t\t\t<a class=\"e-gallery-item elementor-gallery-item elementor-animated-content\" href=\"https:\/\/northlatitude.com.ar\/english\/wp-content\/uploads\/2023\/08\/10-8.jpg\" data-elementor-open-lightbox=\"yes\" data-elementor-lightbox-slideshow=\"2046100\" data-elementor-lightbox-title=\"10\" data-e-action-hash=\"#elementor-action%3Aaction%3Dlightbox%26settings%3DeyJpZCI6ODg3MSwidXJsIjoiaHR0cHM6XC9cL25vcnRobGF0aXR1ZGUuY29tLmFyXC9lbmdsaXNoXC93cC1jb250ZW50XC91cGxvYWRzXC8yMDIzXC8wOFwvMTAtOC5qcGciLCJzbGlkZXNob3ciOiIyMDQ2MTAwIn0%3D\">\n\t\t\t\t\t<div class=\"e-gallery-image elementor-gallery-item__image\" data-thumbnail=\"https:\/\/northlatitude.com.ar\/english\/wp-content\/uploads\/2023\/08\/10-8.jpg\" data-width=\"523\" data-height=\"352\" aria-label=\"\" role=\"img\" ><\/div>\n\t\t\t\t\t\t\t\t\t\t\t<div class=\"elementor-gallery-item__overlay\"><\/div>\n\t\t\t\t\t\t\t\t\t\t\t\t\t\t<\/a>\n\t\t\t\t\t\t\t<a class=\"e-gallery-item elementor-gallery-item elementor-animated-content\" href=\"https:\/\/northlatitude.com.ar\/english\/wp-content\/uploads\/2023\/08\/11-7.jpg\" data-elementor-open-lightbox=\"yes\" data-elementor-lightbox-slideshow=\"2046100\" data-elementor-lightbox-title=\"11\" data-e-action-hash=\"#elementor-action%3Aaction%3Dlightbox%26settings%3DeyJpZCI6ODg3MiwidXJsIjoiaHR0cHM6XC9cL25vcnRobGF0aXR1ZGUuY29tLmFyXC9lbmdsaXNoXC93cC1jb250ZW50XC91cGxvYWRzXC8yMDIzXC8wOFwvMTEtNy5qcGciLCJzbGlkZXNob3ciOiIyMDQ2MTAwIn0%3D\">\n\t\t\t\t\t<div class=\"e-gallery-image elementor-gallery-item__image\" data-thumbnail=\"https:\/\/northlatitude.com.ar\/english\/wp-content\/uploads\/2023\/08\/11-7.jpg\" data-width=\"523\" data-height=\"830\" aria-label=\"\" role=\"img\" ><\/div>\n\t\t\t\t\t\t\t\t\t\t\t<div class=\"elementor-gallery-item__overlay\"><\/div>\n\t\t\t\t\t\t\t\t\t\t\t\t\t\t<\/a>\n\t\t\t\t\t\t\t<a class=\"e-gallery-item elementor-gallery-item elementor-animated-content\" href=\"https:\/\/northlatitude.com.ar\/english\/wp-content\/uploads\/2024\/01\/certif-dragones.jpg\" data-elementor-open-lightbox=\"yes\" data-elementor-lightbox-slideshow=\"2046100\" data-elementor-lightbox-title=\"certif-dragones\" data-e-action-hash=\"#elementor-action%3Aaction%3Dlightbox%26settings%3DeyJpZCI6MTE4OTAsInVybCI6Imh0dHBzOlwvXC9ub3J0aGxhdGl0dWRlLmNvbS5hclwvZW5nbGlzaFwvd3AtY29udGVudFwvdXBsb2Fkc1wvMjAyNFwvMDFcL2NlcnRpZi1kcmFnb25lcy5qcGciLCJzbGlkZXNob3ciOiIyMDQ2MTAwIn0%3D\">\n\t\t\t\t\t<div class=\"e-gallery-image elementor-gallery-item__image\" data-thumbnail=\"https:\/\/northlatitude.com.ar\/english\/wp-content\/uploads\/2024\/01\/certif-dragones.jpg\" data-width=\"600\" data-height=\"424\" aria-label=\"\" role=\"img\" ><\/div>\n\t\t\t\t\t\t\t\t\t\t\t<div class=\"elementor-gallery-item__overlay\"><\/div>\n\t\t\t\t\t\t\t\t\t\t\t\t\t\t<\/a>\n\t\t\t\t\t<\/div>\n\t\t\t\t\t<\/div>\n\t\t\t\t<div class=\"elementor-element elementor-element-76d3d6d elementor-widget elementor-widget-image\" data-id=\"76d3d6d\" data-element_type=\"widget\" data-e-type=\"widget\" data-widget_type=\"image.default\">\n\t\t\t\t\t\t\t\t\t\t\t\t\t\t\t\t<a href=\"https:\/\/northlatitude.com.ar\/english\/wp-content\/uploads\/2024\/12\/FAArgentina2003.jpg\" data-elementor-open-lightbox=\"yes\" data-elementor-lightbox-title=\"FAArgentina2003.jpg\" data-e-action-hash=\"#elementor-action%3Aaction%3Dlightbox%26settings%3DeyJpZCI6MTM1NjksInVybCI6Imh0dHBzOlwvXC9ub3J0aGxhdGl0dWRlLmNvbS5hclwvZW5nbGlzaFwvd3AtY29udGVudFwvdXBsb2Fkc1wvMjAyNFwvMTJcL0ZBQXJnZW50aW5hMjAwMy5qcGcifQ%3D%3D\">\n\t\t\t\t\t\t\t<img fetchpriority=\"high\" decoding=\"async\" width=\"724\" height=\"1024\" src=\"https:\/\/northlatitude.com.ar\/english\/wp-content\/uploads\/2024\/12\/FAArgentina2003-724x1024.jpg\" class=\"attachment-large size-large wp-image-13569\" alt=\"\" srcset=\"https:\/\/northlatitude.com.ar\/english\/wp-content\/uploads\/2024\/12\/FAArgentina2003-724x1024.jpg 724w, https:\/\/northlatitude.com.ar\/english\/wp-content\/uploads\/2024\/12\/FAArgentina2003-212x300.jpg 212w, https:\/\/northlatitude.com.ar\/english\/wp-content\/uploads\/2024\/12\/FAArgentina2003-768x1086.jpg 768w, https:\/\/northlatitude.com.ar\/english\/wp-content\/uploads\/2024\/12\/FAArgentina2003.jpg 782w\" sizes=\"(max-width: 724px) 100vw, 724px\" loading=\"eager\" \/>\t\t\t\t\t\t\t\t<\/a>\n\t\t\t\t\t\t\t\t\t\t\t\t\t\t\t<\/div>\n\t\t\t\t<\/div>\n\t\t\t\t\t<\/div>\n\t\t\t\t<\/div>\n\t\t\t\t<\/div>\n\t\t","protected":false},"excerpt":{"rendered":"<p>International instructor certification and other courses Facebook Youtube Instagram Certification of Gabriel Esquivel as international instructor Seguidamente pueden conocer informaci\u00f3n vinculada con la formaci\u00f3n profesional de Gabriel Esquivel, Director CEO de NORTHLATITUDE,\u00a0en virtud de ser instructor de supervivencia, quien desde el mes de enero del a\u00f1o 2005 ha iniciado sus actividades, tambi\u00e9n en el dictado [&hellip;]<\/p>\n","protected":false},"author":3,"featured_media":0,"parent":0,"menu_order":0,"comment_status":"closed","ping_status":"closed","template":"elementor_header_footer","meta":{"site-sidebar-layout":"no-sidebar","site-content-layout":"page-builder","ast-site-content-layout":"default","site-content-style":"default","site-sidebar-style":"default","ast-global-header-display":"","ast-banner-title-visibility":"","ast-main-header-display":"","ast-hfb-above-header-display":"","ast-hfb-below-header-display":"","ast-hfb-mobile-header-display":"","site-post-title":"disabled","ast-breadcrumbs-content":"","ast-featured-img":"disabled","footer-sml-layout":"","ast-disable-related-posts":"","theme-transparent-header-meta":"enabled","adv-header-id-meta":"","stick-header-meta":"","header-above-stick-meta":"","header-main-stick-meta":"","header-below-stick-meta":"","astra-migrate-meta-layouts":"default","ast-page-background-enabled":"default","ast-page-background-meta":{"desktop":{"background-color":"","background-image":"","background-repeat":"repeat","background-position":"center center","background-size":"auto","background-attachment":"scroll","background-type":"","background-media":"","overlay-type":"","overlay-color":"","overlay-opacity":"","overlay-gradient":""},"tablet":{"background-color":"","background-image":"","background-repeat":"repeat","background-position":"center center","background-size":"auto","background-attachment":"scroll","background-type":"","background-media":"","overlay-type":"","overlay-color":"","overlay-opacity":"","overlay-gradient":""},"mobile":{"background-color":"","background-image":"","background-repeat":"repeat","background-position":"center center","background-size":"auto","background-attachment":"scroll","background-type":"","background-media":"","overlay-type":"","overlay-color":"","overlay-opacity":"","overlay-gradient":""}},"ast-content-background-meta":{"desktop":{"background-color":"var(--ast-global-color-5)","background-image":"","background-repeat":"repeat","background-position":"center center","background-size":"auto","background-attachment":"scroll","background-type":"","background-media":"","overlay-type":"","overlay-color":"","overlay-opacity":"","overlay-gradient":""},"tablet":{"background-color":"var(--ast-global-color-5)","background-image":"","background-repeat":"repeat","background-position":"center center","background-size":"auto","background-attachment":"scroll","background-type":"","background-media":"","overlay-type":"","overlay-color":"","overlay-opacity":"","overlay-gradient":""},"mobile":{"background-color":"var(--ast-global-color-5)","background-image":"","background-repeat":"repeat","background-position":"center center","background-size":"auto","background-attachment":"scroll","background-type":"","background-media":"","overlay-type":"","overlay-color":"","overlay-opacity":"","overlay-gradient":""}},"footnotes":""},"class_list":["post-8806","page","type-page","status-publish","hentry"],"_links":{"self":[{"href":"https:\/\/northlatitude.com.ar\/english\/wp-json\/wp\/v2\/pages\/8806","targetHints":{"allow":["GET"]}}],"collection":[{"href":"https:\/\/northlatitude.com.ar\/english\/wp-json\/wp\/v2\/pages"}],"about":[{"href":"https:\/\/northlatitude.com.ar\/english\/wp-json\/wp\/v2\/types\/page"}],"author":[{"embeddable":true,"href":"https:\/\/northlatitude.com.ar\/english\/wp-json\/wp\/v2\/users\/3"}],"replies":[{"embeddable":true,"href":"https:\/\/northlatitude.com.ar\/english\/wp-json\/wp\/v2\/comments?post=8806"}],"version-history":[{"count":2,"href":"https:\/\/northlatitude.com.ar\/english\/wp-json\/wp\/v2\/pages\/8806\/revisions"}],"predecessor-version":[{"id":15874,"href":"https:\/\/northlatitude.com.ar\/english\/wp-json\/wp\/v2\/pages\/8806\/revisions\/15874"}],"wp:attachment":[{"href":"https:\/\/northlatitude.com.ar\/english\/wp-json\/wp\/v2\/media?parent=8806"}],"curies":[{"name":"wp","href":"https:\/\/api.w.org\/{rel}","templated":true}]}}