{"id":9244,"date":"2023-08-14T14:57:31","date_gmt":"2023-08-14T14:57:31","guid":{"rendered":"http:\/\/northlatitude.com.ar\/english\/?page_id=9244"},"modified":"2026-03-25T15:01:58","modified_gmt":"2026-03-25T18:01:58","slug":"clases-virtuales-y-personalizadas","status":"publish","type":"page","link":"https:\/\/northlatitude.com.ar\/english\/clases-virtuales-y-personalizadas\/","title":{"rendered":"Clases virtuales"},"content":{"rendered":"\t\t<div data-elementor-type=\"wp-post\" data-elementor-id=\"9244\" class=\"elementor elementor-9244\" data-elementor-post-type=\"page\">\n\t\t\t\t<div class=\"elementor-element elementor-element-d677754 e-con-full e-flex e-con e-parent\" data-id=\"d677754\" data-element_type=\"container\" data-e-type=\"container\" data-settings=\"{&quot;background_background&quot;:&quot;classic&quot;}\">\n\t\t\t\t<div class=\"elementor-element elementor-element-e34732c elementor-invisible elementor-widget elementor-widget-heading\" data-id=\"e34732c\" data-element_type=\"widget\" data-e-type=\"widget\" data-settings=\"{&quot;_animation&quot;:&quot;fadeInDown&quot;}\" data-widget_type=\"heading.default\">\n\t\t\t\t\t<h1 class=\"elementor-heading-title elementor-size-default\">virtual courses of survival for extreme environments with notions on first aid, orientation and land navigation<\/h1>\t\t\t\t<\/div>\n\t\t\t\t<div class=\"elementor-element elementor-element-79792ee elementor-shape-circle elementor-grid-mobile-3 elementor-grid-0 e-grid-align-center elementor-widget elementor-widget-social-icons\" data-id=\"79792ee\" data-element_type=\"widget\" data-e-type=\"widget\" data-widget_type=\"social-icons.default\">\n\t\t\t\t\t\t\t<div class=\"elementor-social-icons-wrapper elementor-grid\" role=\"list\">\n\t\t\t\t\t\t\t<span class=\"elementor-grid-item\" role=\"listitem\">\n\t\t\t\t\t<a class=\"elementor-icon elementor-social-icon elementor-social-icon-facebook elementor-repeater-item-57fe014\" href=\"https:\/\/www.facebook.com\/gabriel.esquivel.169\" target=\"_blank\">\n\t\t\t\t\t\t<span class=\"elementor-screen-only\">Facebook<\/span>\n\t\t\t\t\t\t<i aria-hidden=\"true\" class=\"fab fa-facebook\"><\/i>\t\t\t\t\t<\/a>\n\t\t\t\t<\/span>\n\t\t\t\t\t\t\t<span class=\"elementor-grid-item\" role=\"listitem\">\n\t\t\t\t\t<a class=\"elementor-icon elementor-social-icon elementor-social-icon-youtube elementor-repeater-item-5e4a996\" href=\"https:\/\/www.youtube.com\/@navegantexplorer\" target=\"_blank\">\n\t\t\t\t\t\t<span class=\"elementor-screen-only\">Youtube<\/span>\n\t\t\t\t\t\t<i aria-hidden=\"true\" class=\"fab fa-youtube\"><\/i>\t\t\t\t\t<\/a>\n\t\t\t\t<\/span>\n\t\t\t\t\t\t\t<span class=\"elementor-grid-item\" role=\"listitem\">\n\t\t\t\t\t<a class=\"elementor-icon elementor-social-icon elementor-social-icon-instagram elementor-repeater-item-f7fc46c\" href=\"https:\/\/www.instagram.com\/supervivencia_northlatitude\/\" target=\"_blank\">\n\t\t\t\t\t\t<span class=\"elementor-screen-only\">Instagram<\/span>\n\t\t\t\t\t\t<i aria-hidden=\"true\" class=\"fab fa-instagram\"><\/i>\t\t\t\t\t<\/a>\n\t\t\t\t<\/span>\n\t\t\t\t\t<\/div>\n\t\t\t\t\t\t<\/div>\n\t\t\t\t<\/div>\n\t\t<div class=\"elementor-element elementor-element-cf11881 e-flex e-con-boxed e-con e-parent\" data-id=\"cf11881\" data-element_type=\"container\" data-e-type=\"container\" data-settings=\"{&quot;background_background&quot;:&quot;classic&quot;}\">\n\t\t\t\t\t<div class=\"e-con-inner\">\n\t\t<div class=\"elementor-element elementor-element-3cdf181 e-con-full e-flex e-con e-child\" data-id=\"3cdf181\" data-element_type=\"container\" data-e-type=\"container\">\n\t\t\t\t<div class=\"elementor-element elementor-element-6708491 elementor-invisible elementor-widget elementor-widget-heading\" data-id=\"6708491\" data-element_type=\"widget\" data-e-type=\"widget\" data-settings=\"{&quot;_animation&quot;:&quot;fadeInLeft&quot;}\" data-widget_type=\"heading.default\">\n\t\t\t\t\t<h2 class=\"elementor-heading-title elementor-size-large\">virtual classes for survival in extreme environment with notions on first aid, orientacion and land navigation<\/h2>\t\t\t\t<\/div>\n\t\t\t\t<div class=\"elementor-element elementor-element-1402b57 elementor-widget elementor-widget-text-editor\" data-id=\"1402b57\" data-element_type=\"widget\" data-e-type=\"widget\" data-widget_type=\"text-editor.default\">\n\t\t\t\t\t\t\t\t\t<p>These classes are taught according to the following specifications:<\/p><p><strong>Virtual classes.<\/strong> They are carried out remotely for anyone from Argentina or abroad who need to be trained and we offer the possibility of training those who lives in other provinces, countries or who cannot attend the theoretical classes of the regular Survival for Extreme Environments courses. The classes can be taught on the MEET or ZOOM platforms.<\/p><p>These classes will be given only for the <strong>SURVIVAL for EXTREME ENVIRONMENTS with notions on First Aid, Orientation and Land Navigation courses <\/strong>in the levels (I \u2013 Beginner) and (II \u2013 Intermediate) and will be taught by means of two (2) separated classes in days and times, as follow:<\/p><p>Una (1) primera clase te\u00f3rica de cinco (5) horas de SUPERVIVENCIA para ZONAS EXTREMAS, de acuerdo al nivel de curso y que puede extenderse a m\u00e1s tiempo de acuerdo a los requerimientos que los interesados nos soliciten y ser\u00e1 dictada por un instructor internacional de supervivencia matriculado.<\/p><p>Una (1) segunda clase te\u00f3rica de dos (2) horas de PRIMEROS AUXILIOS y que ser\u00e1 dictada por un instructor o socorrista de la Cruz Roja Argentina del staff de Northlatitude.<\/p><p><strong>Dates and times.<\/strong> A coordinar con el staff de NORTHLATITUDE.<\/p><p><strong>Objetives.<\/strong> Que los participantes adquieran un completo aprendizaje, gu\u00eda y orientaci\u00f3n por medio de las clases virtuales, acerca de t\u00e9cnicas y habilidades de supervivencia debido a que mayormente por razones de distancia u otra circunstancia, no puedan asistir a las clases presenciales y de esta forma nuestra finalidad es introducir a los alumnos al mundo y caracter\u00edsticas de la supervivencia, particularmente para c\u00f3mo debe un sobreviviente o varios de ellos deben defenderse al perderse en la naturaleza, en un medio ambiente de caracter\u00edsticas agrestes y hostil, salvaje, alejado de las ciudades y de la ayuda inmediata de equipos de rescates u otros, donde ello puede ocurrir en diversos terrenos como bosques, montes, selvas, islas, desiertos, monta\u00f1as u otros.<\/p><p><strong>Therefore, the teaching process has the following support<\/strong><\/p><p>Clase asistida por un instructor de supervivencia.<\/p><p>Un (1) manual de curso de setenta (70) o cien (100) p\u00e1ginas, de acuerdo al nivel de curso, el cual ser\u00e1 enviado por e-mail en formato PDF a los participantes antes del inicio de la clase y que se hayan inscripto.<\/p><p>La clase virtual adem\u00e1s incluye ayudas visuales de videos y fotos de t\u00e9cnicas de supervivencia realizadas en cursos de supervivencia anteriores, de forma que los alumnos obtengan una mayor comprensi\u00f3n.<\/p><p>Un (1) certificado de curso (modalidad virtual) que posee aval y reconocimiento internacional de la escuela internacional DRAGONES DEL GOLFO de Colombia y NORTHLATITUDE de Argentina, donde constan los nombre\/s, apellidos\/s, Nro. De documento, tipo de clases y horas dictadas a cada participante (el mismo se entrega al final del mismo).<\/p><p><strong>Characteristics and international validity<\/strong><\/p><p>Estos cursos han sido dise\u00f1ados para transmitir conocimientos relacionados con las t\u00e9cnicas de supervivencia que ense\u00f1amos y que tomamos como base las habilidades enmarcadas en el PENTAGONO DE SUPERVIVENCIA, debido a que en esta capacitaci\u00f3n que es solo virtual, se ense\u00f1an t\u00e9cnicas de supervivencia para que los alumnos puedan entenderlas, interpretarlas y asimilarlas por medio de la teor\u00eda y que posteriormente, de acuerdo a la aprendido, desarrollen sus propias pr\u00e1cticas en el terreno, en la naturaleza, en lugares geogr\u00e1ficos de caracter\u00edsticas agrestes y hostiles. Para ello, las clases se inician con una presentaci\u00f3n entre los instructores y alumnos para dar lugar a la misma<\/p><p><strong>Mission<\/strong><\/p><p>Instruirlos de acuerdo a altos est\u00e1ndares de calidad con reconocimiento nacional e internacional de NORTHLATITUDE de Argentina, siendo que hemos firmado una alianza estrat\u00e9gica empresarial internacional con la escuela internacional DRAGONES DEL GOLFO de Colombia para oficializar nuestras capacitaciones. Debido a que desde enero del a\u00f1o 2005 disponemos de la solidez del recurso humano, profesional, el soporte log\u00edstico necesario y la experiencia para instruirlos en idiomas espa\u00f1ol e ingl\u00e9s, nuestro objetivo esencial es ofrecer una capacitaci\u00f3n a la medida de sus requerimientos y que cumpla con sus expectativas propuestas. Asimismo, de acuerdo a las solicitudes de sus propuestas, podemos agregar m\u00e1s temas de inter\u00e9s para las capacitaciones, que no se encuentren en el plan de ense\u00f1anza de este curso virtual.<\/p><p><strong>Program of theoretical activities on the survival courses<\/strong><\/p><p>(se dicta en aula y terreno)<\/p><p><strong>Survival.<\/strong> Definici\u00f3n y terrenos donde puede ocurrir.<br \/><strong>Organization.<\/strong> Bases para la supervivencia.<br \/><strong>Planning.<\/strong> Dise\u00f1o de una estrategia y toma de decisiones claves basada en un an\u00e1lisis de la situaci\u00f3n.<br \/><strong>A.M.P. (Aptitud Mental Positiva).<\/strong> Control Mental y su importancia en una situaci\u00f3n de supervivencia que puede suceder en zonas extremas.<br \/><strong>Psicolog\u00eda en la Supervivencia.<\/strong> Adaptaci\u00f3n al medio ambiente y convivencia junto a un grupo de personas.<br \/><strong>Liderazgo.<\/strong> Importancia y personalidad del l\u00edder \u2013 Elecci\u00f3n de un l\u00edder ante una situaci\u00f3n de supervivencia \u2013 Diferencia entre l\u00edder y jefe.<br \/><strong>Trabajo en Equipo.<\/strong> Actividades a llevar a cabo el estar perdidos en medios ambientes naturales remotos, alejados de la ayuda inmediata.<br \/><strong>Equipos y log\u00edstica.<\/strong> Inventario de recursos disponibles para utilizarse en el proceso de una emergencia.<br \/><strong>Terrenos y climas.<\/strong> Diferentes tipos de terrenos a sobrevivir ante una emergencia en terrenos de bosque, selva, monta\u00f1a, desierto, zonas fr\u00edas u otros \u2013 Cuidados.<br \/><strong>PENTAGONO DE SUPERVIVENCIA.<\/strong> Su importancia en una situaci\u00f3n de supervivencia, bas\u00e1ndose en sus prioridades como Primeros Auxilios, Se\u00f1alamiento, Refugio, Agua, Alimentos, Fuego, etc.<br \/><strong>Primeros Auxilios.<\/strong> (Ver detalle m\u00e1s abajo) \u2013 Construcci\u00f3n de camillas con recursos naturales y otros para traslado de heridos.<br \/><strong>Se\u00f1alamiento.<\/strong> Construcci\u00f3n de \u00e1reas de se\u00f1ales tierra-aire diurnas y nocturnas y otras formas \u2013 Elementos artificiales y naturales para realizar un sistema de se\u00f1alamiento \u2013 Elecci\u00f3n de un terreno para preparar se\u00f1ales tierra-aire \u2013 Se\u00f1ales radioel\u00e9ctricas y pirot\u00e9cnicas (tipos y usos bengalas) \u2013 Se\u00f1ales convencionales \u2013 Se\u00f1ales codificadas y no codificadas \u2013 Espejo de se\u00f1ales, silbatos y linternas \u2013 Otras formas de hacer se\u00f1alamiento \u2013 Construcci\u00f3n de se\u00f1ales de emergencia S.O.S. y otras establecidas en las normas internacionales de la O.A.C.I., v\u00e1lidas para tripulaciones civiles y militares y que pueden ser empleadas por cualquier sobreviviente.<br \/><strong>Campamento.<\/strong> Elecci\u00f3n de un lugar apropiado \u2013 Organizaci\u00f3n y control de equipos y elementos \u2013 Limpieza del per\u00edmetro del campamento.<br \/><strong>Refugios.<\/strong> Construcci\u00f3n de refugios individuales y grupales con recursos naturales \u2013 Elecci\u00f3n del lugar a construirlos y orientaci\u00f3n \u2013 Recursos naturales y otros para su construcci\u00f3n.<br \/><strong>Agua. I<\/strong>mportancia y requisitos para sobrevivir \u2013 Obtenci\u00f3n de agua en la naturaleza \u2013 Formas y lugares de obtenci\u00f3n \u2013 Sistema de filtros de agua \u2013 M\u00e9todos de potabilizaci\u00f3n y racionamiento \u2013 Recomendaciones \u2013 Formas de hervir agua con elementos naturales y artificiales \u2013 Cuidados.<br \/><strong>Alimentos<\/strong>. Obtenci\u00f3n de alimentos de origen silvestre \u2013 Regla de la comestibilidad \u2013 Identificaci\u00f3n de plantas y cuidados \u2013 Construcci\u00f3n de dispositivos para cocinar alimentos y hervir agua con recursos naturales \u2013 Infusiones con plantas aptas para el consumo humano.<br \/><strong>Fuego.<\/strong> Importancia \u2013 M\u00e9todos primitivos para su obtenci\u00f3n con medios naturales y otros \u2013 Elecci\u00f3n de lugares para preparar fuego \u2013 T\u00e9cnicas de encendido de una hoguera \u2013 Formas de encendido sin f\u00f3sforos y encendedor \u2013 M\u00e9todo de fricci\u00f3n con medios naturales \u2013 Apagado de una hoguera \u2013 Ubicaci\u00f3n y distribuci\u00f3n de hogueras en el per\u00edmetro del campamento y para hacer se\u00f1alamiento.<br \/>Trampas. Construcci\u00f3n de algunos tipos para una situaci\u00f3n real de supervivencia.<br \/><strong>Nudos.<\/strong> Nudos b\u00e1sicos y arneses de cintura a utilizarse ante una emergencia.<br \/><strong>Mochila de emergencia.<\/strong> Construcci\u00f3n con elementos artificiales y naturales y otros \u2013 Materiales para su construcci\u00f3n.<br \/><strong>Cuchillos de supervivencia.<\/strong> Tipos, recomendaciones y cuidados \u2013 Construcci\u00f3n de cuchillos de circunstancia con elementos naturales.<br \/>Camuflajes y enmascaramiento. Practica con recursos de la naturaleza.<br \/><strong>Supervivencia S.E.R.E (Supervivencia Evasi\u00f3n Resistencia y Escape).<\/strong> Nociones b\u00e1sicas.<br \/><strong>Camillas improvisadas y traslado.<\/strong> Construcci\u00f3n de camillas con medios naturales y otros al alcance \u2013 Cantidad de personas necesarias para trasladar heridos.<br \/><strong>Orientaci\u00f3n, navegaci\u00f3n terrestre y traves\u00eda.<\/strong> Ubicaci\u00f3n espacial de los puntos cardinales norte (0\u00b0), este (90\u00b0), sur (180\u00b0) y oeste (270\u00b0) en el terreno \u2013 Pr\u00e1cticas de traves\u00eda diurna y nocturna utilizando t\u00e9cnicas de orientaci\u00f3n b\u00e1sicas sean por medios del uso de br\u00fajulas y carta topogr\u00e1ficas y por medios naturales diurnos y nocturnos \u2013 Constituci\u00f3n y lectura de cartas topogr\u00e1ficas a diversas escalas \u2013 M\u00e9todo de triangulaci\u00f3n inversa para conocer la ubicaci\u00f3n de los sobrevivientes en la carta y el terreno \u2013 Dise\u00f1o de un croquis \u2013 M\u00e9todo de pasos dobles para conocer distancias en el terreno \u2013 Pr\u00e1ctica de traves\u00eda nocturna sin linterna \u2013 Otras formas de orientaci\u00f3n mixtas con elementos artificiales y naturales \u2013 Preparativos antes de iniciar una marcha en el terreno para buscar ayuda \u2013 Importancia y cuidados en la traves\u00eda \u2013 Elecci\u00f3n y lugares posibles donde realizarla \u2013 Peligros objetivos y subjetivos \u2013 Condiciones variables de la marcha en el terreno \u2013 Cuando iniciar una marcha \u2013 Cuidados.<br \/><strong>Arco, flecha, lanza y estrella lanzadora apache.<\/strong> Construcci\u00f3n con recursos de la naturaleza y pr\u00e1ctica.<\/p><p>Actividades te\u00f3rico-pr\u00e1cticas de Primeros Auxilios para zonas agrestes (se dicta solo en aula)<\/p><p><strong>Evaluaci\u00f3n de la escena.<\/strong><br \/><strong>Bioseguridad.<\/strong><br \/><strong>Hemorragias.<\/strong><br \/><strong>Quemaduras por calor, qu\u00edmicas y el\u00e9ctricas.<\/strong><br \/><strong>Lesiones m\u00fasculo esquel\u00e9ticas e inmovilizaci\u00f3n.<\/strong><br \/><strong>Hipotermia.<\/strong><br \/><strong>Diarrea, v\u00f3mitos y deshidrataci\u00f3n.<\/strong><br \/><strong>Desmayos.<\/strong><br \/><strong>Formas de traslados de heridos.<\/strong><br \/><strong>Explicaci\u00f3n acerca de un botiqu\u00edn de Primeros Auxilios.<\/strong><\/p><p><strong>PRECIO<\/strong><\/p><p>Cursos en idioma ingl\u00e9s,\u00a0<strong>U$S 1.500 (mil quinientos d\u00f3lares)<\/strong>\u00a0para una persona y\u00a0<strong>U$S 1.300 (mil trescientos d\u00f3lares)<\/strong>\u00a0para dos personas (o su equivalente en pesos argentinos o euros).\u00a0<\/p><p>Para quienes asistan a este curso en forma virtual para recibir solo una clase te\u00f3rica en espa\u00f1ol o ingl\u00e9s, deben consultar precios a abonar en pesos argentinos, d\u00f3lares o euros.<\/p><p>Alumnos que no puedan asistir a la clase te\u00f3rica presencial por razones de tiempo o distancia pero que, si asistir\u00e1n a la clase pr\u00e1ctica presencial en diversos terrenos y eligen recibir la clase te\u00f3rica en forma virtual, solo deben se\u00f1ar el curso donde al inicio de la pr\u00e1ctica en el terreno, abonar\u00e1n el resto o bien, pueden abonar el curso completo.<\/p><p><strong style=\"font-size: 16px;\">Formas de pago.<\/strong><span style=\"font-size: 16px;\"> Efectivo (transferencia por CBU, Mercado Pago, PayPal o Western Union para locales o extranjeros).<\/span><\/p><p><strong>El curso incluye<\/strong><\/p><p>Una (1) manual de curso de 105 p\u00e1ginas para el \u201cNivel I \u2013 Inicial\u201d o de 130 p\u00e1ginas para el \u201cNivel II \u2013 Intermedio\u201d. En los casos de quienes solo realizar\u00e1n el curso en forma virtual y no presencial, se les enviar\u00e9 un manual en formato digital.<\/p><p>Un (1) certificado de curso de validez internacional.<\/p><p>Plataforma de ense\u00f1anza. Google Meet.<\/p><p><strong>Otros requerimientos<\/strong><\/p><p>Antes del inicio de las clases virtuales que se dictan, los participantes deber\u00e1n llenar y firmar un (1) formulario obligatorio que es un \u00abContrato de curso\u00bb que incluye cl\u00e1usulas como curso intransferible, autorizaci\u00f3n a enviar futuras informaciones sobre capacitaciones y derechos de imagen, etc. El mismo ser\u00e1 enviado por e-mail donde una vez firmados, deber\u00e1n enviarlo a nuestro e-mail.<\/p>\t\t\t\t\t\t\t\t<\/div>\n\t\t\t\t<\/div>\n\t\t\t\t\t<\/div>\n\t\t\t\t<\/div>\n\t\t\t\t<\/div>\n\t\t","protected":false},"excerpt":{"rendered":"<p>virtual courses of survival for extreme environments with notions on first aid, orientation and land navigation Facebook Youtube Instagram virtual classes for survival in extreme environment with notions on first aid, orientacion and land navigation These classes are taught according to the following specifications: Virtual classes. They are carried out remotely for anyone from Argentina [&hellip;]<\/p>\n","protected":false},"author":3,"featured_media":0,"parent":0,"menu_order":0,"comment_status":"closed","ping_status":"closed","template":"elementor_header_footer","meta":{"site-sidebar-layout":"no-sidebar","site-content-layout":"page-builder","ast-site-content-layout":"full-width-container","site-content-style":"unboxed","site-sidebar-style":"unboxed","ast-global-header-display":"","ast-banner-title-visibility":"","ast-main-header-display":"","ast-hfb-above-header-display":"","ast-hfb-below-header-display":"","ast-hfb-mobile-header-display":"","site-post-title":"disabled","ast-breadcrumbs-content":"","ast-featured-img":"disabled","footer-sml-layout":"","ast-disable-related-posts":"","theme-transparent-header-meta":"enabled","adv-header-id-meta":"","stick-header-meta":"","header-above-stick-meta":"","header-main-stick-meta":"","header-below-stick-meta":"","astra-migrate-meta-layouts":"set","ast-page-background-enabled":"default","ast-page-background-meta":{"desktop":{"background-color":"","background-image":"","background-repeat":"repeat","background-position":"center center","background-size":"auto","background-attachment":"scroll","background-type":"","background-media":"","overlay-type":"","overlay-color":"","overlay-opacity":"","overlay-gradient":""},"tablet":{"background-color":"","background-image":"","background-repeat":"repeat","background-position":"center center","background-size":"auto","background-attachment":"scroll","background-type":"","background-media":"","overlay-type":"","overlay-color":"","overlay-opacity":"","overlay-gradient":""},"mobile":{"background-color":"","background-image":"","background-repeat":"repeat","background-position":"center center","background-size":"auto","background-attachment":"scroll","background-type":"","background-media":"","overlay-type":"","overlay-color":"","overlay-opacity":"","overlay-gradient":""}},"ast-content-background-meta":{"desktop":{"background-color":"var(--ast-global-color-5)","background-image":"","background-repeat":"repeat","background-position":"center center","background-size":"auto","background-attachment":"scroll","background-type":"","background-media":"","overlay-type":"","overlay-color":"","overlay-opacity":"","overlay-gradient":""},"tablet":{"background-color":"var(--ast-global-color-5)","background-image":"","background-repeat":"repeat","background-position":"center center","background-size":"auto","background-attachment":"scroll","background-type":"","background-media":"","overlay-type":"","overlay-color":"","overlay-opacity":"","overlay-gradient":""},"mobile":{"background-color":"var(--ast-global-color-5)","background-image":"","background-repeat":"repeat","background-position":"center center","background-size":"auto","background-attachment":"scroll","background-type":"","background-media":"","overlay-type":"","overlay-color":"","overlay-opacity":"","overlay-gradient":""}},"footnotes":""},"class_list":["post-9244","page","type-page","status-publish","hentry"],"_links":{"self":[{"href":"https:\/\/northlatitude.com.ar\/english\/wp-json\/wp\/v2\/pages\/9244","targetHints":{"allow":["GET"]}}],"collection":[{"href":"https:\/\/northlatitude.com.ar\/english\/wp-json\/wp\/v2\/pages"}],"about":[{"href":"https:\/\/northlatitude.com.ar\/english\/wp-json\/wp\/v2\/types\/page"}],"author":[{"embeddable":true,"href":"https:\/\/northlatitude.com.ar\/english\/wp-json\/wp\/v2\/users\/3"}],"replies":[{"embeddable":true,"href":"https:\/\/northlatitude.com.ar\/english\/wp-json\/wp\/v2\/comments?post=9244"}],"version-history":[{"count":2,"href":"https:\/\/northlatitude.com.ar\/english\/wp-json\/wp\/v2\/pages\/9244\/revisions"}],"predecessor-version":[{"id":15886,"href":"https:\/\/northlatitude.com.ar\/english\/wp-json\/wp\/v2\/pages\/9244\/revisions\/15886"}],"wp:attachment":[{"href":"https:\/\/northlatitude.com.ar\/english\/wp-json\/wp\/v2\/media?parent=9244"}],"curies":[{"name":"wp","href":"https:\/\/api.w.org\/{rel}","templated":true}]}}